{"id":9501,"date":"2026-03-14T10:42:00","date_gmt":"2026-03-14T10:42:00","guid":{"rendered":"https:\/\/kenjee.ca\/?page_id=9501"},"modified":"2026-03-14T10:58:03","modified_gmt":"2026-03-14T10:58:03","slug":"dealers","status":"publish","type":"page","link":"https:\/\/kenjee.ca\/fr\/dealers\/","title":{"rendered":"Courtiers"},"content":{"rendered":"<div data-elementor-type=\"wp-post\" data-elementor-id=\"9501\" class=\"elementor elementor-9501\">\n\t\t\t\t<div class=\"elementor-element elementor-element-2eb7116 e-con-full e-flex e-con e-parent\" data-id=\"2eb7116\" data-element_type=\"container\" data-e-type=\"container\">\n\t\t<div class=\"elementor-element elementor-element-8910bb3 e-con-full e-flex e-con e-child\" data-id=\"8910bb3\" data-element_type=\"container\" data-e-type=\"container\">\n\t\t\t\t<div class=\"elementor-element elementor-element-8f8dc73 elementor-widget elementor-widget-heading\" data-id=\"8f8dc73\" data-element_type=\"widget\" data-e-type=\"widget\" data-widget_type=\"heading.default\">\n\t\t\t\t\t<h2 class=\"elementor-heading-title elementor-size-default\">Ce qui distingue Kenjee Capital pour les conseillers<\/h2>\t\t\t\t<\/div>\n\t\t\t\t<div class=\"elementor-element elementor-element-54c16ca elementor-widget elementor-widget-text-editor\" data-id=\"54c16ca\" data-element_type=\"widget\" data-e-type=\"widget\" data-widget_type=\"text-editor.default\">\n\t\t\t\t\t\t\t\t\t<p><strong>Une v\u00e9ritable ind\u00e9pendance, avec structure<\/strong><\/p><ul><li>D\u00e9veloppez et g\u00e9rez vos propres relations clients<\/li><li>D\u00e9veloppez votre pratique au Canada, aux \u00c9tats-Unis ou dans les deux juridictions<\/li><li>Profitez de la flexibilit\u00e9 n\u00e9cessaire pour structurer votre pratique selon votre jugement professionnel<\/li><li>Aucune pression li\u00e9e \u00e0 des produits maison \u2014 recommandez des opportunit\u00e9s en fonction des besoins des clients, et non des incitatifs de la firme<\/li><li>Exercez depuis le lieu de votre choix<\/li><\/ul><p><strong>Une r\u00e9mun\u00e9ration transparente et comp\u00e9titive<\/strong><\/p><ul><li>Structures de r\u00e9mun\u00e9ration parmi les plus comp\u00e9titives du secteur<\/li><li>Aucun frais cach\u00e9 ni m\u00e9canisme de r\u00e9mun\u00e9ration opaque<\/li><\/ul><p><strong>Conformit\u00e9 agile et infrastructure \u00e9volutive<\/strong><\/p><ul><li>Cadre de conformit\u00e9 flexible et \u00e9volutif<\/li><li>Soutien pour une vari\u00e9t\u00e9 de strat\u00e9gies d\u2019investissement sur le march\u00e9 dispens\u00e9<\/li><li>Processus simplifi\u00e9s pour l\u2019int\u00e9gration, le KYC\/KYP et la documentation<\/li><li>Conformit\u00e9 int\u00e9gr\u00e9e aux op\u00e9rations quotidiennes<\/li><\/ul><p><strong>Outils, technologie et soutien humain<\/strong><\/p><ul><li>Acc\u00e8s \u00e0 des outils technologiques modernes et adapt\u00e9s<\/li><li>Soutien op\u00e9rationnel et conformit\u00e9 pour r\u00e9duire la charge administrative<\/li><li>Environnement collaboratif valorisant l\u2019\u00e9ducation, le professionnalisme et la responsabilit\u00e9<\/li><\/ul>\t\t\t\t\t\t\t\t<\/div>\n\t\t<div class=\"elementor-element elementor-element-6765d03 e-con-full elementor-hidden-mobile e-flex e-con e-child\" data-id=\"6765d03\" data-element_type=\"container\" data-e-type=\"container\" data-settings=\"{&quot;background_background&quot;:&quot;classic&quot;}\">\n\t\t\t\t<div class=\"elementor-element elementor-element-71cd40b elementor-widget__width-initial elementor-view-default elementor-widget elementor-widget-icon\" data-id=\"71cd40b\" data-element_type=\"widget\" data-e-type=\"widget\" data-widget_type=\"icon.default\">\n\t\t\t\t\t\t\t<div class=\"elementor-icon-wrapper\">\n\t\t\t<div class=\"elementor-icon\">\n\t\t\t<svg aria-hidden=\"true\" class=\"e-font-icon-svg e-fas-angle-right\" viewbox=\"0 0 256 512\" xmlns=\"http:\/\/www.w3.org\/2000\/svg\"><path d=\"M224.3 273l-136 136c-9.4 9.4-24.6 9.4-33.9 0l-22.6-22.6c-9.4-9.4-9.4-24.6 0-33.9l96.4-96.4-96.4-96.4c-9.4-9.4-9.4-24.6 0-33.9L54.3 103c9.4-9.4 24.6-9.4 33.9 0l136 136c9.5 9.4 9.5 24.6.1 34z\"><\/path><\/svg>\t\t\t<\/div>\n\t\t<\/div>\n\t\t\t\t\t\t<\/div>\n\t\t\t\t<div class=\"elementor-element elementor-element-e6f43fc elementor-widget elementor-widget-heading\" data-id=\"e6f43fc\" data-element_type=\"widget\" data-e-type=\"widget\" data-widget_type=\"heading.default\">\n\t\t\t\t\t<h4 class=\"elementor-heading-title elementor-size-default\">D\u00e9veloppez votre pratique \u00e0 votre fa\u00e7on<\/h4>\t\t\t\t<\/div>\n\t\t\t\t<\/div>\n\t\t<div class=\"elementor-element elementor-element-8f45e32 e-con-full elementor-hidden-desktop elementor-hidden-tablet e-flex e-con e-child\" data-id=\"8f45e32\" data-element_type=\"container\" data-e-type=\"container\" data-settings=\"{&quot;background_background&quot;:&quot;classic&quot;}\">\n\t\t\t\t<div class=\"elementor-element elementor-element-283e310 elementor-widget elementor-widget-heading\" data-id=\"283e310\" data-element_type=\"widget\" data-e-type=\"widget\" data-widget_type=\"heading.default\">\n\t\t\t\t\t<h4 class=\"elementor-heading-title elementor-size-default\">-&gt; Grow on Your Terms<\/h4>\t\t\t\t<\/div>\n\t\t\t\t<\/div>\n\t\t\t\t<div class=\"elementor-element elementor-element-21b0f70 elementor-widget elementor-widget-text-editor\" data-id=\"21b0f70\" data-element_type=\"widget\" data-e-type=\"widget\" data-widget_type=\"text-editor.default\">\n\t\t\t\t\t\t\t\t\t<p>Kenjee Capital permet aux conseillers ind\u00e9pendants d\u2019exercer leur activit\u00e9 avec confiance, clart\u00e9 et autonomie, tout en b\u00e9n\u00e9ficiant d\u2019une plateforme qui privil\u00e9gie la conformit\u00e9, la transparence et la cr\u00e9ation de valeur durable.<\/p><p class=\"translation-block\"><strong>Libert\u00e9 entrepreneuriale, soutenue par une gouvernance et une supervision solides.<\/strong>\nC\u2019est l\u2019exp\u00e9rience Kenjee Capital pour les conseillers.<\/p>\t\t\t\t\t\t\t\t<\/div>\n\t\t<div class=\"elementor-element elementor-element-035b176 e-con-full e-flex e-con e-child\" data-id=\"035b176\" data-element_type=\"container\" data-e-type=\"container\">\n\t\t\t\t<div class=\"elementor-element elementor-element-65f174f elementor-widget elementor-widget-html\" data-id=\"65f174f\" data-element_type=\"widget\" data-e-type=\"widget\" data-widget_type=\"html.default\">\n\t\t\t\t\t<div class=\"button-wrapper\">\r\n    <a href=\"https:\/\/kenjee.ca\/fr\/investors\/\" class=\"custom-btn\">\u2192  Investisseurs<\/a>\r\n    <a href=\"https:\/\/kenjee.ca\/fr\/issuers-fund-managers\/\" class=\"custom-btn\">\u2192 Emetteurs\/ fonds d\u2019investissement<\/a>\r\n<\/div>\r\n\t\t\t\t<\/div>\n\t\t\t\t<\/div>\n\t\t\t\t<\/div>\n\t\t\t\t<\/div>\n\t\t\t\t<\/div>","protected":false},"excerpt":{"rendered":"<p>What Sets Kenjee Apart for Agents True Independence, With Structure Develop and manage your own client relationships Build and scale your practice in Canada, the United States, or both. Flexibility to build and manage your practice in a way that reflects your professional judgment No proprietary product pressure\u2014recommend opportunities based on client needs, not firm [&hellip;]<\/p>\n","protected":false},"author":1,"featured_media":0,"parent":0,"menu_order":0,"comment_status":"closed","ping_status":"closed","template":"","meta":{"footnotes":""},"class_list":["post-9501","page","type-page","status-publish","hentry"],"_links":{"self":[{"href":"https:\/\/kenjee.ca\/fr\/wp-json\/wp\/v2\/pages\/9501","targetHints":{"allow":["GET"]}}],"collection":[{"href":"https:\/\/kenjee.ca\/fr\/wp-json\/wp\/v2\/pages"}],"about":[{"href":"https:\/\/kenjee.ca\/fr\/wp-json\/wp\/v2\/types\/page"}],"author":[{"embeddable":true,"href":"https:\/\/kenjee.ca\/fr\/wp-json\/wp\/v2\/users\/1"}],"replies":[{"embeddable":true,"href":"https:\/\/kenjee.ca\/fr\/wp-json\/wp\/v2\/comments?post=9501"}],"version-history":[{"count":5,"href":"https:\/\/kenjee.ca\/fr\/wp-json\/wp\/v2\/pages\/9501\/revisions"}],"predecessor-version":[{"id":9509,"href":"https:\/\/kenjee.ca\/fr\/wp-json\/wp\/v2\/pages\/9501\/revisions\/9509"}],"wp:attachment":[{"href":"https:\/\/kenjee.ca\/fr\/wp-json\/wp\/v2\/media?parent=9501"}],"curies":[{"name":"wp","href":"https:\/\/api.w.org\/{rel}","templated":true}]}}