{"id":9487,"date":"2026-03-14T10:23:21","date_gmt":"2026-03-14T10:23:21","guid":{"rendered":"https:\/\/kenjee.ca\/?page_id=9487"},"modified":"2026-03-14T10:37:50","modified_gmt":"2026-03-14T10:37:50","slug":"issuers-fund-managers","status":"publish","type":"page","link":"https:\/\/kenjee.ca\/fr\/issuers-fund-managers\/","title":{"rendered":"Emetteurs\/ fonds d\u2019investissement"},"content":{"rendered":"<div data-elementor-type=\"wp-post\" data-elementor-id=\"9487\" class=\"elementor elementor-9487\">\n\t\t\t\t<div class=\"elementor-element elementor-element-78061c2 e-con-full e-flex e-con e-parent\" data-id=\"78061c2\" data-element_type=\"container\" data-e-type=\"container\">\n\t\t<div class=\"elementor-element elementor-element-500b080 e-con-full e-flex e-con e-child\" data-id=\"500b080\" data-element_type=\"container\" data-e-type=\"container\">\n\t\t\t\t<div class=\"elementor-element elementor-element-3219839 elementor-widget elementor-widget-text-editor\" data-id=\"3219839\" data-element_type=\"widget\" data-e-type=\"widget\" data-widget_type=\"text-editor.default\">\n\t\t\t\t\t\t\t\t\t<p class=\"translation-block\">Kenjee Capital travaille avec des \u00e9metteurs qui souhaitent lever des capitaux dans le cadre du march\u00e9 dispens\u00e9 tout en privil\u00e9giant <strong>discipline, transparence et protection des investisseurs.<\/strong><\/p><p class=\"translation-block\">Nous accompagnons des partenaires qui consid\u00e8rent la lev\u00e9e de capitaux comme <strong>une relation durable avec les investisseurs<\/strong>, et non comme une transaction ponctuelle.<\/p>\t\t\t\t\t\t\t\t<\/div>\n\t\t<div class=\"elementor-element elementor-element-3af42f4 e-con-full elementor-hidden-mobile e-flex e-con e-child\" data-id=\"3af42f4\" data-element_type=\"container\" data-e-type=\"container\" data-settings=\"{&quot;background_background&quot;:&quot;classic&quot;}\">\n\t\t\t\t<div class=\"elementor-element elementor-element-75b3874 elementor-widget__width-initial elementor-view-default elementor-widget elementor-widget-icon\" data-id=\"75b3874\" data-element_type=\"widget\" data-e-type=\"widget\" data-widget_type=\"icon.default\">\n\t\t\t\t\t\t\t<div class=\"elementor-icon-wrapper\">\n\t\t\t<div class=\"elementor-icon\">\n\t\t\t<svg aria-hidden=\"true\" class=\"e-font-icon-svg e-fas-angle-right\" viewbox=\"0 0 256 512\" xmlns=\"http:\/\/www.w3.org\/2000\/svg\"><path d=\"M224.3 273l-136 136c-9.4 9.4-24.6 9.4-33.9 0l-22.6-22.6c-9.4-9.4-9.4-24.6 0-33.9l96.4-96.4-96.4-96.4c-9.4-9.4-9.4-24.6 0-33.9L54.3 103c9.4-9.4 24.6-9.4 33.9 0l136 136c9.5 9.4 9.5 24.6.1 34z\"><\/path><\/svg>\t\t\t<\/div>\n\t\t<\/div>\n\t\t\t\t\t\t<\/div>\n\t\t\t\t<div class=\"elementor-element elementor-element-288383d elementor-widget elementor-widget-heading\" data-id=\"288383d\" data-element_type=\"widget\" data-e-type=\"widget\" data-widget_type=\"heading.default\">\n\t\t\t\t\t<h4 class=\"elementor-heading-title elementor-size-default\">Entreprises priv\u00e9es en croissance<\/h4>\t\t\t\t<\/div>\n\t\t\t\t<\/div>\n\t\t<div class=\"elementor-element elementor-element-b47c0bf e-con-full elementor-hidden-desktop elementor-hidden-tablet e-flex e-con e-child\" data-id=\"b47c0bf\" data-element_type=\"container\" data-e-type=\"container\" data-settings=\"{&quot;background_background&quot;:&quot;classic&quot;}\">\n\t\t\t\t<div class=\"elementor-element elementor-element-bee19ce elementor-widget elementor-widget-heading\" data-id=\"bee19ce\" data-element_type=\"widget\" data-e-type=\"widget\" data-widget_type=\"heading.default\">\n\t\t\t\t\t<h4 class=\"elementor-heading-title elementor-size-default\">-&gt; Growth-Oriented Private Companies<\/h4>\t\t\t\t<\/div>\n\t\t\t\t<\/div>\n\t\t\t\t<div class=\"elementor-element elementor-element-c00bbd9 elementor-widget elementor-widget-text-editor\" data-id=\"c00bbd9\" data-element_type=\"widget\" data-e-type=\"widget\" data-widget_type=\"text-editor.default\">\n\t\t\t\t\t\t\t\t\t<p class=\"translation-block\">Nous accompagnons des entreprises priv\u00e9es \u2014 de la phase de d\u00e9marrage \u00e0 la maturit\u00e9 \u2014 qui recherchent du capital pour soutenir leur expansion et leurs initiatives strat\u00e9giques.<\/p><p>Ces entreprises:<\/p><ul><li>\u00e9voluent dans des secteurs \u00e9tablis ou \u00e9mergents<\/li><li>recherchent un acc\u00e8s structur\u00e9 au capital priv\u00e9<\/li><li>respectent des standards \u00e9lev\u00e9s de gouvernance et de divulgation<\/li><li>recherchent un processus de distribution structur\u00e9 et conforme.<\/li><\/ul><p class=\"translation-block\">Kenjee travaille avec des \u00e9metteurs qui consid\u00e8rent la lev\u00e9e de capitaux comme une <strong>relation \u00e0 long terme avec les investisseurs<\/strong>, et non comme une transaction ponctuelle.<\/p>\t\t\t\t\t\t\t\t<\/div>\n\t\t<div class=\"elementor-element elementor-element-c309037 e-con-full elementor-hidden-mobile e-flex e-con e-child\" data-id=\"c309037\" data-element_type=\"container\" data-e-type=\"container\" data-settings=\"{&quot;background_background&quot;:&quot;classic&quot;}\">\n\t\t\t\t<div class=\"elementor-element elementor-element-77aaf50 elementor-widget__width-initial elementor-view-default elementor-widget elementor-widget-icon\" data-id=\"77aaf50\" data-element_type=\"widget\" data-e-type=\"widget\" data-widget_type=\"icon.default\">\n\t\t\t\t\t\t\t<div class=\"elementor-icon-wrapper\">\n\t\t\t<div class=\"elementor-icon\">\n\t\t\t<svg aria-hidden=\"true\" class=\"e-font-icon-svg e-fas-angle-right\" viewbox=\"0 0 256 512\" xmlns=\"http:\/\/www.w3.org\/2000\/svg\"><path d=\"M224.3 273l-136 136c-9.4 9.4-24.6 9.4-33.9 0l-22.6-22.6c-9.4-9.4-9.4-24.6 0-33.9l96.4-96.4-96.4-96.4c-9.4-9.4-9.4-24.6 0-33.9L54.3 103c9.4-9.4 24.6-9.4 33.9 0l136 136c9.5 9.4 9.5 24.6.1 34z\"><\/path><\/svg>\t\t\t<\/div>\n\t\t<\/div>\n\t\t\t\t\t\t<\/div>\n\t\t\t\t<div class=\"elementor-element elementor-element-e5c2fb9 elementor-widget elementor-widget-heading\" data-id=\"e5c2fb9\" data-element_type=\"widget\" data-e-type=\"widget\" data-widget_type=\"heading.default\">\n\t\t\t\t\t<h4 class=\"elementor-heading-title elementor-size-default\">Actifs r\u00e9els et investissements alternatifs<\/h4>\t\t\t\t<\/div>\n\t\t\t\t<\/div>\n\t\t<div class=\"elementor-element elementor-element-5234583 e-con-full elementor-hidden-desktop elementor-hidden-tablet e-flex e-con e-child\" data-id=\"5234583\" data-element_type=\"container\" data-e-type=\"container\" data-settings=\"{&quot;background_background&quot;:&quot;classic&quot;}\">\n\t\t\t\t<div class=\"elementor-element elementor-element-81f74c4 elementor-widget elementor-widget-heading\" data-id=\"81f74c4\" data-element_type=\"widget\" data-e-type=\"widget\" data-widget_type=\"heading.default\">\n\t\t\t\t\t<h4 class=\"elementor-heading-title elementor-size-default\">-&gt; Real Asset and Alternative Investment Issuers<\/h4>\t\t\t\t<\/div>\n\t\t\t\t<\/div>\n\t\t\t\t<div class=\"elementor-element elementor-element-c9bc66d elementor-widget elementor-widget-text-editor\" data-id=\"c9bc66d\" data-element_type=\"widget\" data-e-type=\"widget\" data-widget_type=\"text-editor.default\">\n\t\t\t\t\t\t\t\t\t<p class=\"translation-block\">Kenjee travaille avec des \u00e9metteurs actifs dans les strat\u00e9gies d\u2019actifs r\u00e9els et d\u2019investissements alternatifs:<\/p><ul><li>immobilier et structures li\u00e9es \u00e0 l\u2019immobilier<\/li><li>cr\u00e9dit priv\u00e9 et financement sp\u00e9cialis\u00e9<\/li><li>strat\u00e9gies adoss\u00e9es \u00e0 des actifs ou \u00e0 des infrastructures<\/li><\/ul><p>Ces \u00e9metteurs s'appuient souvent sur des exemptions de prospectus pour acc\u00e9der \u00e0 des capitaux priv\u00e9s et b\u00e9n\u00e9ficient de l'approche rigoureuse de Kenjee en mati\u00e8re de divulgation et de communication avec les investisseurs.<\/p>\t\t\t\t\t\t\t\t<\/div>\n\t\t<div class=\"elementor-element elementor-element-2324123 e-con-full elementor-hidden-mobile e-flex e-con e-child\" data-id=\"2324123\" data-element_type=\"container\" data-e-type=\"container\" data-settings=\"{&quot;background_background&quot;:&quot;classic&quot;}\">\n\t\t\t\t<div class=\"elementor-element elementor-element-1ee2597 elementor-widget__width-initial elementor-view-default elementor-widget elementor-widget-icon\" data-id=\"1ee2597\" data-element_type=\"widget\" data-e-type=\"widget\" data-widget_type=\"icon.default\">\n\t\t\t\t\t\t\t<div class=\"elementor-icon-wrapper\">\n\t\t\t<div class=\"elementor-icon\">\n\t\t\t<svg aria-hidden=\"true\" class=\"e-font-icon-svg e-fas-angle-right\" viewbox=\"0 0 256 512\" xmlns=\"http:\/\/www.w3.org\/2000\/svg\"><path d=\"M224.3 273l-136 136c-9.4 9.4-24.6 9.4-33.9 0l-22.6-22.6c-9.4-9.4-9.4-24.6 0-33.9l96.4-96.4-96.4-96.4c-9.4-9.4-9.4-24.6 0-33.9L54.3 103c9.4-9.4 24.6-9.4 33.9 0l136 136c9.5 9.4 9.5 24.6.1 34z\"><\/path><\/svg>\t\t\t<\/div>\n\t\t<\/div>\n\t\t\t\t\t\t<\/div>\n\t\t\t\t<div class=\"elementor-element elementor-element-e95f07a elementor-widget elementor-widget-heading\" data-id=\"e95f07a\" data-element_type=\"widget\" data-e-type=\"widget\" data-widget_type=\"heading.default\">\n\t\t\t\t\t<h4 class=\"elementor-heading-title elementor-size-default\">Fonds priv\u00e9s et v\u00e9hicules d\u2019investissement<\/h4>\t\t\t\t<\/div>\n\t\t\t\t<\/div>\n\t\t<div class=\"elementor-element elementor-element-c83019d e-con-full elementor-hidden-desktop elementor-hidden-tablet e-flex e-con e-child\" data-id=\"c83019d\" data-element_type=\"container\" data-e-type=\"container\" data-settings=\"{&quot;background_background&quot;:&quot;classic&quot;}\">\n\t\t\t\t<div class=\"elementor-element elementor-element-ed5edbd elementor-widget elementor-widget-heading\" data-id=\"ed5edbd\" data-element_type=\"widget\" data-e-type=\"widget\" data-widget_type=\"heading.default\">\n\t\t\t\t\t<h4 class=\"elementor-heading-title elementor-size-default\">-&gt; Private Funds and Investment Vehicles<\/h4>\t\t\t\t<\/div>\n\t\t\t\t<\/div>\n\t\t\t\t<div class=\"elementor-element elementor-element-7ebba4b elementor-widget elementor-widget-text-editor\" data-id=\"7ebba4b\" data-element_type=\"widget\" data-e-type=\"widget\" data-widget_type=\"text-editor.default\">\n\t\t\t\t\t\t\t\t\t<p class=\"translation-block\">Kenjee collabore avec des fonds priv\u00e9s, des v\u00e9hicules d\u2019investissement collectif et des gestionnaires de fonds qui distribuent des titres en vertu de dispenses de prospectus.<\/p><p>Ces gestionnaires de fonds :<\/p><ul><li>op\u00e8rent selon des mandats d\u2019investissement d\u00e9finis,<\/li><li>requi\u00e8rent un soutien structur\u00e9 \u00e0 la distribution,<\/li><li>n\u00e9cessitent un support de distribution structur\u00e9<\/li><li>comprennent l\u2019importance des exigences r\u00e9glementaires et des m\u00e9canismes de convenance.<\/li><\/ul><p class=\"translation-block\">Kenjee n\u2019agit pas \u00e0 titre de conseiller en placement ni de gestionnaire de portefeuille et ne g\u00e8re pas les actifs des fonds. Notre r\u00f4le se limite \u00e0 la <strong> distribution et \u00e0 la facilitation r\u00e9glementaire <\/strong>.<\/p>\t\t\t\t\t\t\t\t<\/div>\n\t\t<div class=\"elementor-element elementor-element-64b8fc5 e-con-full elementor-hidden-mobile e-flex e-con e-child\" data-id=\"64b8fc5\" data-element_type=\"container\" data-e-type=\"container\" data-settings=\"{&quot;background_background&quot;:&quot;classic&quot;}\">\n\t\t\t\t<div class=\"elementor-element elementor-element-22cc87e elementor-widget__width-initial elementor-view-default elementor-widget elementor-widget-icon\" data-id=\"22cc87e\" data-element_type=\"widget\" data-e-type=\"widget\" data-widget_type=\"icon.default\">\n\t\t\t\t\t\t\t<div class=\"elementor-icon-wrapper\">\n\t\t\t<div class=\"elementor-icon\">\n\t\t\t<svg aria-hidden=\"true\" class=\"e-font-icon-svg e-fas-angle-right\" viewbox=\"0 0 256 512\" xmlns=\"http:\/\/www.w3.org\/2000\/svg\"><path d=\"M224.3 273l-136 136c-9.4 9.4-24.6 9.4-33.9 0l-22.6-22.6c-9.4-9.4-9.4-24.6 0-33.9l96.4-96.4-96.4-96.4c-9.4-9.4-9.4-24.6 0-33.9L54.3 103c9.4-9.4 24.6-9.4 33.9 0l136 136c9.5 9.4 9.5 24.6.1 34z\"><\/path><\/svg>\t\t\t<\/div>\n\t\t<\/div>\n\t\t\t\t\t\t<\/div>\n\t\t\t\t<div class=\"elementor-element elementor-element-5178764 elementor-widget elementor-widget-heading\" data-id=\"5178764\" data-element_type=\"widget\" data-e-type=\"widget\" data-widget_type=\"heading.default\">\n\t\t\t\t\t<h4 class=\"elementor-heading-title elementor-size-default\">Entrepreneurs \u00e9mergents<\/h4>\t\t\t\t<\/div>\n\t\t\t\t<\/div>\n\t\t<div class=\"elementor-element elementor-element-656d648 e-con-full elementor-hidden-desktop elementor-hidden-tablet e-flex e-con e-child\" data-id=\"656d648\" data-element_type=\"container\" data-e-type=\"container\" data-settings=\"{&quot;background_background&quot;:&quot;classic&quot;}\">\n\t\t\t\t<div class=\"elementor-element elementor-element-1ed4d61 elementor-hidden-desktop elementor-hidden-tablet elementor-widget elementor-widget-heading\" data-id=\"1ed4d61\" data-element_type=\"widget\" data-e-type=\"widget\" data-widget_type=\"heading.default\">\n\t\t\t\t\t<h4 class=\"elementor-heading-title elementor-size-default\">-&gt; Emerging Entrepreneurs<\/h4>\t\t\t\t<\/div>\n\t\t\t\t<\/div>\n\t\t\t\t<div class=\"elementor-element elementor-element-b579bc0 elementor-widget elementor-widget-text-editor\" data-id=\"b579bc0\" data-element_type=\"widget\" data-e-type=\"widget\" data-widget_type=\"text-editor.default\">\n\t\t\t\t\t\t\t\t\t<p class=\"translation-block\">Conform\u00e9ment \u00e0 sa mission, Kenjee s\u2019engage intentionnellement aupr\u00e8s <strong> d\u2019entrepreneurs sous-repr\u00e9sent\u00e9s et d\u2019\u00e9metteurs \u00e9mergents <\/strong> pouvant faire face \u00e0 des barri\u00e8res structurelles d\u2019acc\u00e8s aux march\u00e9s priv\u00e9s de capitaux.<\/p><p>Pour ces \u00e9metteurs, Kenjee met l\u2019accent sur :<\/p><ul><li>la pr\u00e9paration \u00e0 la lev\u00e9e de capitaux,<\/li><li>la qualit\u00e9 et la clart\u00e9 de l\u2019information divulgu\u00e9e,<\/li><li>l\u2019alignement avec des profils d\u2019investisseurs appropri\u00e9s,<\/li><li>un rythme et une \u00e9chelle de financement responsables.<\/li><\/ul><p>Chez Kenjee, l\u2019inclusion signifie \u00e9largir l\u2019acc\u00e8s aux march\u00e9s priv\u00e9s tout en pr\u00e9servant la rigueur et la discipline n\u00e9cessaires \u00e0 la protection des investisseurs et \u00e0 l\u2019int\u00e9grit\u00e9 des march\u00e9s.<\/p>\t\t\t\t\t\t\t\t<\/div>\n\t\t<div class=\"elementor-element elementor-element-d785228 e-con-full elementor-hidden-mobile e-flex e-con e-child\" data-id=\"d785228\" data-element_type=\"container\" data-e-type=\"container\" data-settings=\"{&quot;background_background&quot;:&quot;classic&quot;}\">\n\t\t\t\t<div class=\"elementor-element elementor-element-9fa02f0 elementor-widget__width-initial elementor-view-default elementor-widget elementor-widget-icon\" data-id=\"9fa02f0\" data-element_type=\"widget\" data-e-type=\"widget\" data-widget_type=\"icon.default\">\n\t\t\t\t\t\t\t<div class=\"elementor-icon-wrapper\">\n\t\t\t<div class=\"elementor-icon\">\n\t\t\t<svg aria-hidden=\"true\" class=\"e-font-icon-svg e-fas-angle-right\" viewbox=\"0 0 256 512\" xmlns=\"http:\/\/www.w3.org\/2000\/svg\"><path d=\"M224.3 273l-136 136c-9.4 9.4-24.6 9.4-33.9 0l-22.6-22.6c-9.4-9.4-9.4-24.6 0-33.9l96.4-96.4-96.4-96.4c-9.4-9.4-9.4-24.6 0-33.9L54.3 103c9.4-9.4 24.6-9.4 33.9 0l136 136c9.5 9.4 9.5 24.6.1 34z\"><\/path><\/svg>\t\t\t<\/div>\n\t\t<\/div>\n\t\t\t\t\t\t<\/div>\n\t\t\t\t<div class=\"elementor-element elementor-element-3b8e7b1 elementor-widget elementor-widget-heading\" data-id=\"3b8e7b1\" data-element_type=\"widget\" data-e-type=\"widget\" data-widget_type=\"heading.default\">\n\t\t\t\t\t<h4 class=\"elementor-heading-title elementor-size-default\">\u00c9metteurs internationaux <\/h4>\t\t\t\t<\/div>\n\t\t\t\t<\/div>\n\t\t<div class=\"elementor-element elementor-element-a4b101e e-con-full elementor-hidden-desktop elementor-hidden-tablet e-flex e-con e-child\" data-id=\"a4b101e\" data-element_type=\"container\" data-e-type=\"container\" data-settings=\"{&quot;background_background&quot;:&quot;classic&quot;}\">\n\t\t\t\t<div class=\"elementor-element elementor-element-6cc5a3c elementor-widget elementor-widget-heading\" data-id=\"6cc5a3c\" data-element_type=\"widget\" data-e-type=\"widget\" data-widget_type=\"heading.default\">\n\t\t\t\t\t<h4 class=\"elementor-heading-title elementor-size-default\">-&gt; Global Issuers (Where Permitted)<\/h4>\t\t\t\t<\/div>\n\t\t\t\t<\/div>\n\t\t\t\t<div class=\"elementor-element elementor-element-2d5a7aa elementor-widget elementor-widget-text-editor\" data-id=\"2d5a7aa\" data-element_type=\"widget\" data-e-type=\"widget\" data-widget_type=\"text-editor.default\">\n\t\t\t\t\t\t\t\t\t<p class=\"translation-block\">Sous r\u00e9serve des lois applicables en valeurs mobili\u00e8res, Kenjee peut \u00e9galement accompagner des \u00e9metteurs internationaux et gestionnaires de fonds mondiaux souhaitant acc\u00e9der aux investisseurs canadiens.<\/p><p>Ces mandats sont men\u00e9s avec une attention particuli\u00e8re \u00e0:<\/p><ul><li>la conformit\u00e9 r\u00e9glementaire<\/li><li>la structure des offres<\/li><li>la divulgation<\/li><li>la coordination transfrontali\u00e8re<\/li><\/ul><p>Kenjee privil\u00e9gie la clart\u00e9, la conformit\u00e9 et la compr\u00e9hension des investisseurs dans toutes ses offres transfrontali\u00e8res.<\/p>\t\t\t\t\t\t\t\t<\/div>\n\t\t<div class=\"elementor-element elementor-element-8ab53d7 e-con-full e-flex e-con e-child\" data-id=\"8ab53d7\" data-element_type=\"container\" data-e-type=\"container\">\n\t\t\t\t<div class=\"elementor-element elementor-element-8314cf9 elementor-widget elementor-widget-html\" data-id=\"8314cf9\" data-element_type=\"widget\" data-e-type=\"widget\" data-widget_type=\"html.default\">\n\t\t\t\t\t<div class=\"button-wrapper\">\r\n    <a href=\"https:\/\/kenjee.ca\/fr\/investors\/\" class=\"custom-btn\">\u2192  Investisseurs<\/a>\r\n    <a href=\"https:\/\/kenjee.ca\/fr\/dealers\/\" class=\"custom-btn\">\u2192 Courtiers<\/a>\r\n<\/div>\r\n\t\t\t\t<\/div>\n\t\t\t\t<\/div>\n\t\t\t\t<\/div>\n\t\t\t\t<\/div>\n\t\t\t\t<\/div>","protected":false},"excerpt":{"rendered":"<p>Kenjee Capital works with issuers, companies, and fund managers seeking to raise capital in the prospectus-exempt market and who value disciplined execution, transparent disclosure, and responsible investor engagement. Our focus is on partners who understand that access to capital and investor protection move together. Growth-Oriented Private Companies -&gt; Growth-Oriented Private Companies Kenjee supports early-stage, growth-stage, [&hellip;]<\/p>\n","protected":false},"author":1,"featured_media":0,"parent":0,"menu_order":0,"comment_status":"closed","ping_status":"closed","template":"","meta":{"footnotes":""},"class_list":["post-9487","page","type-page","status-publish","hentry"],"_links":{"self":[{"href":"https:\/\/kenjee.ca\/fr\/wp-json\/wp\/v2\/pages\/9487","targetHints":{"allow":["GET"]}}],"collection":[{"href":"https:\/\/kenjee.ca\/fr\/wp-json\/wp\/v2\/pages"}],"about":[{"href":"https:\/\/kenjee.ca\/fr\/wp-json\/wp\/v2\/types\/page"}],"author":[{"embeddable":true,"href":"https:\/\/kenjee.ca\/fr\/wp-json\/wp\/v2\/users\/1"}],"replies":[{"embeddable":true,"href":"https:\/\/kenjee.ca\/fr\/wp-json\/wp\/v2\/comments?post=9487"}],"version-history":[{"count":5,"href":"https:\/\/kenjee.ca\/fr\/wp-json\/wp\/v2\/pages\/9487\/revisions"}],"predecessor-version":[{"id":9497,"href":"https:\/\/kenjee.ca\/fr\/wp-json\/wp\/v2\/pages\/9487\/revisions\/9497"}],"wp:attachment":[{"href":"https:\/\/kenjee.ca\/fr\/wp-json\/wp\/v2\/media?parent=9487"}],"curies":[{"name":"wp","href":"https:\/\/api.w.org\/{rel}","templated":true}]}}