{"id":9477,"date":"2026-03-14T10:05:10","date_gmt":"2026-03-14T10:05:10","guid":{"rendered":"https:\/\/kenjee.ca\/?page_id=9477"},"modified":"2026-03-20T02:35:04","modified_gmt":"2026-03-20T02:35:04","slug":"investors","status":"publish","type":"page","link":"https:\/\/kenjee.ca\/fr\/investors\/","title":{"rendered":"Investisseurs"},"content":{"rendered":"<div data-elementor-type=\"wp-post\" data-elementor-id=\"9477\" class=\"elementor elementor-9477\">\n\t\t\t\t<div class=\"elementor-element elementor-element-06dcd44 e-con-full e-flex e-con e-parent\" data-id=\"06dcd44\" data-element_type=\"container\" data-e-type=\"container\">\n\t\t<div class=\"elementor-element elementor-element-418c7fd e-con-full e-flex e-con e-child\" data-id=\"418c7fd\" data-element_type=\"container\" data-e-type=\"container\">\n\t\t\t\t<div class=\"elementor-element elementor-element-aec5247 elementor-widget elementor-widget-text-editor\" data-id=\"aec5247\" data-element_type=\"widget\" data-e-type=\"widget\" data-widget_type=\"text-editor.default\">\n\t\t\t\t\t\t\t\t\t<p class=\"translation-block\">Kenjee Capital accompagne des investisseurs souhaitant acc\u00e9der aux opportunit\u00e9s des march\u00e9s priv\u00e9s dans un cadre disciplin\u00e9, transparent et conforme aux exigences r\u00e9glementaires.\nNos clients partagent une approche r\u00e9fl\u00e9chie de l\u2019investissement et une volont\u00e9 de participer aux march\u00e9s de capitaux priv\u00e9s de mani\u00e8re responsable.<\/p>\t\t\t\t\t\t\t\t<\/div>\n\t\t<div class=\"elementor-element elementor-element-a4d8df5 e-con-full elementor-hidden-mobile e-flex e-con e-child\" data-id=\"a4d8df5\" data-element_type=\"container\" data-e-type=\"container\" data-settings=\"{&quot;background_background&quot;:&quot;classic&quot;}\">\n\t\t\t\t<div class=\"elementor-element elementor-element-0dc3e9d elementor-widget__width-initial elementor-view-default elementor-widget elementor-widget-icon\" data-id=\"0dc3e9d\" data-element_type=\"widget\" data-e-type=\"widget\" data-widget_type=\"icon.default\">\n\t\t\t\t\t\t\t<div class=\"elementor-icon-wrapper\">\n\t\t\t<div class=\"elementor-icon\">\n\t\t\t<svg aria-hidden=\"true\" class=\"e-font-icon-svg e-fas-angle-right\" viewbox=\"0 0 256 512\" xmlns=\"http:\/\/www.w3.org\/2000\/svg\"><path d=\"M224.3 273l-136 136c-9.4 9.4-24.6 9.4-33.9 0l-22.6-22.6c-9.4-9.4-9.4-24.6 0-33.9l96.4-96.4-96.4-96.4c-9.4-9.4-9.4-24.6 0-33.9L54.3 103c9.4-9.4 24.6-9.4 33.9 0l136 136c9.5 9.4 9.5 24.6.1 34z\"><\/path><\/svg>\t\t\t<\/div>\n\t\t<\/div>\n\t\t\t\t\t\t<\/div>\n\t\t\t\t<div class=\"elementor-element elementor-element-48f6ca3 elementor-widget elementor-widget-heading\" data-id=\"48f6ca3\" data-element_type=\"widget\" data-e-type=\"widget\" data-widget_type=\"heading.default\">\n\t\t\t\t\t<h4 class=\"elementor-heading-title elementor-size-default\">Investisseurs qualifi\u00e9s<\/h4>\t\t\t\t<\/div>\n\t\t\t\t<\/div>\n\t\t<div class=\"elementor-element elementor-element-3557ea3 e-con-full elementor-hidden-desktop elementor-hidden-tablet e-flex e-con e-child\" data-id=\"3557ea3\" data-element_type=\"container\" data-e-type=\"container\" data-settings=\"{&quot;background_background&quot;:&quot;classic&quot;}\">\n\t\t\t\t<div class=\"elementor-element elementor-element-28708ef elementor-widget elementor-widget-heading\" data-id=\"28708ef\" data-element_type=\"widget\" data-e-type=\"widget\" data-widget_type=\"heading.default\">\n\t\t\t\t\t<h4 class=\"elementor-heading-title elementor-size-default\">-&gt; Accredited and Sophisticated Investors<\/h4>\t\t\t\t<\/div>\n\t\t\t\t<\/div>\n\t\t\t\t<div class=\"elementor-element elementor-element-3506e47 elementor-widget elementor-widget-text-editor\" data-id=\"3506e47\" data-element_type=\"widget\" data-e-type=\"widget\" data-widget_type=\"text-editor.default\">\n\t\t\t\t\t\t\t\t\t<p class=\"translation-block\">Nous travaillons avec des investisseurs accr\u00e9dit\u00e9s \u2014 particuliers, bureaux de gestion familiale et entit\u00e9s r\u00e9pondant aux crit\u00e8res r\u00e9glementaires applicables.<\/p><p>Ces investisseurs recherchent g\u00e9n\u00e9ralement :<\/p><ul><li>une exposition aux investissements priv\u00e9s et alternatifs<\/li><li>des opportunit\u00e9s structur\u00e9es et rigoureusement analys\u00e9es<\/li><li>une diversification au-del\u00e0 des march\u00e9s publics<\/li><li class=\"translation-block\">sont \u00e0 l'aise de prendre des d\u00e9cisions d'investissement <strong>auto g\u00e9rers <\/strong> sur la base des documents d'offre et de conseils ind\u00e9pendants.<\/li><\/ul>\t\t\t\t\t\t\t\t<\/div>\n\t\t<div class=\"elementor-element elementor-element-324bd62 e-con-full elementor-hidden-mobile e-flex e-con e-child\" data-id=\"324bd62\" data-element_type=\"container\" data-e-type=\"container\" data-settings=\"{&quot;background_background&quot;:&quot;classic&quot;}\">\n\t\t\t\t<div class=\"elementor-element elementor-element-f8e3dbc elementor-widget__width-initial elementor-view-default elementor-widget elementor-widget-icon\" data-id=\"f8e3dbc\" data-element_type=\"widget\" data-e-type=\"widget\" data-widget_type=\"icon.default\">\n\t\t\t\t\t\t\t<div class=\"elementor-icon-wrapper\">\n\t\t\t<div class=\"elementor-icon\">\n\t\t\t<svg aria-hidden=\"true\" class=\"e-font-icon-svg e-fas-angle-right\" viewbox=\"0 0 256 512\" xmlns=\"http:\/\/www.w3.org\/2000\/svg\"><path d=\"M224.3 273l-136 136c-9.4 9.4-24.6 9.4-33.9 0l-22.6-22.6c-9.4-9.4-9.4-24.6 0-33.9l96.4-96.4-96.4-96.4c-9.4-9.4-9.4-24.6 0-33.9L54.3 103c9.4-9.4 24.6-9.4 33.9 0l136 136c9.5 9.4 9.5 24.6.1 34z\"><\/path><\/svg>\t\t\t<\/div>\n\t\t<\/div>\n\t\t\t\t\t\t<\/div>\n\t\t\t\t<div class=\"elementor-element elementor-element-dfd0453 elementor-widget elementor-widget-heading\" data-id=\"dfd0453\" data-element_type=\"widget\" data-e-type=\"widget\" data-widget_type=\"heading.default\">\n\t\t\t\t\t<h4 class=\"elementor-heading-title elementor-size-default\">Investisseurs \u00e9mergents<\/h4>\t\t\t\t<\/div>\n\t\t\t\t<\/div>\n\t\t<div class=\"elementor-element elementor-element-4471f8c e-con-full elementor-hidden-desktop elementor-hidden-tablet e-flex e-con e-child\" data-id=\"4471f8c\" data-element_type=\"container\" data-e-type=\"container\" data-settings=\"{&quot;background_background&quot;:&quot;classic&quot;}\">\n\t\t\t\t<div class=\"elementor-element elementor-element-36f4809 elementor-widget elementor-widget-heading\" data-id=\"36f4809\" data-element_type=\"widget\" data-e-type=\"widget\" data-widget_type=\"heading.default\">\n\t\t\t\t\t<h4 class=\"elementor-heading-title elementor-size-default\">-&gt; Investors With Limited Prior Exposure to Private Markets<\/h4>\t\t\t\t<\/div>\n\t\t\t\t<\/div>\n\t\t\t\t<div class=\"elementor-element elementor-element-eefbd0b elementor-widget elementor-widget-text-editor\" data-id=\"eefbd0b\" data-element_type=\"widget\" data-e-type=\"widget\" data-widget_type=\"text-editor.default\">\n\t\t\t\t\t\t\t\t\t<p>Kenjee Capital s\u2019engage \u00e0 \u00e9largir l\u2019acc\u00e8s aux march\u00e9s priv\u00e9s pour des investisseurs et des communaut\u00e9s qui n\u2019ont pas toujours b\u00e9n\u00e9fici\u00e9 d\u2019un acc\u00e8s direct \u00e0 ces march\u00e9s.<\/p><p>Gr\u00e2ce \u00e0 l\u2019\u00e9ducation financi\u00e8re, \u00e0 des explications claires et \u00e0 une approche structur\u00e9e, nous favorisons une participation \u00e9clair\u00e9e et disciplin\u00e9e.<\/p><p>Pour nous, l\u2019inclusion signifie \u00e9largir l\u2019acc\u00e8s tout en maintenant les plus hauts standards de conformit\u00e9 et de rigueur.<\/p>\t\t\t\t\t\t\t\t<\/div>\n\t\t<div class=\"elementor-element elementor-element-489b8eb e-con-full elementor-hidden-mobile e-flex e-con e-child\" data-id=\"489b8eb\" data-element_type=\"container\" data-e-type=\"container\" data-settings=\"{&quot;background_background&quot;:&quot;classic&quot;}\">\n\t\t\t\t<div class=\"elementor-element elementor-element-711d10d elementor-widget__width-initial elementor-view-default elementor-widget elementor-widget-icon\" data-id=\"711d10d\" data-element_type=\"widget\" data-e-type=\"widget\" data-widget_type=\"icon.default\">\n\t\t\t\t\t\t\t<div class=\"elementor-icon-wrapper\">\n\t\t\t<div class=\"elementor-icon\">\n\t\t\t<svg aria-hidden=\"true\" class=\"e-font-icon-svg e-fas-angle-right\" viewbox=\"0 0 256 512\" xmlns=\"http:\/\/www.w3.org\/2000\/svg\"><path d=\"M224.3 273l-136 136c-9.4 9.4-24.6 9.4-33.9 0l-22.6-22.6c-9.4-9.4-9.4-24.6 0-33.9l96.4-96.4-96.4-96.4c-9.4-9.4-9.4-24.6 0-33.9L54.3 103c9.4-9.4 24.6-9.4 33.9 0l136 136c9.5 9.4 9.5 24.6.1 34z\"><\/path><\/svg>\t\t\t<\/div>\n\t\t<\/div>\n\t\t\t\t\t\t<\/div>\n\t\t\t\t<div class=\"elementor-element elementor-element-7c92259 elementor-widget elementor-widget-heading\" data-id=\"7c92259\" data-element_type=\"widget\" data-e-type=\"widget\" data-widget_type=\"heading.default\">\n\t\t\t\t\t<h4 class=\"elementor-heading-title elementor-size-default\">Investisseurs internationaux <\/h4>\t\t\t\t<\/div>\n\t\t\t\t<\/div>\n\t\t<div class=\"elementor-element elementor-element-f0ef945 e-con-full elementor-hidden-desktop elementor-hidden-tablet e-flex e-con e-child\" data-id=\"f0ef945\" data-element_type=\"container\" data-e-type=\"container\" data-settings=\"{&quot;background_background&quot;:&quot;classic&quot;}\">\n\t\t\t\t<div class=\"elementor-element elementor-element-373c778 elementor-widget elementor-widget-heading\" data-id=\"373c778\" data-element_type=\"widget\" data-e-type=\"widget\" data-widget_type=\"heading.default\">\n\t\t\t\t\t<h4 class=\"elementor-heading-title elementor-size-default\">-&gt; International and Cross-Border Investors <\/h4>\t\t\t\t<\/div>\n\t\t\t\t<\/div>\n\t\t\t\t<div class=\"elementor-element elementor-element-9bd25bb elementor-widget elementor-widget-text-editor\" data-id=\"9bd25bb\" data-element_type=\"widget\" data-e-type=\"widget\" data-widget_type=\"text-editor.default\">\n\t\t\t\t\t\t\t\t\t<p class=\"translation-block\">Sous r\u00e9serve des exigences r\u00e9glementaires applicables, Kenjee Capital peut accompagner <strong>des investisseurs internationaux <\/strong>souhaitant acc\u00e9der aux opportunit\u00e9s des march\u00e9s priv\u00e9s au Canada.<\/p><p>Ces relations sont g\u00e9r\u00e9es avec une attention particuli\u00e8re port\u00e9e \u00e0:<\/p><ul><li>la conformit\u00e9<\/li><li>la divulgation<\/li><li>aux consid\u00e9rations r\u00e9glementaires transfrontali\u00e8res<\/li><li>normes documentaires<\/li><\/ul>\t\t\t\t\t\t\t\t<\/div>\n\t\t<div class=\"elementor-element elementor-element-9100862 e-con-full e-flex e-con e-child\" data-id=\"9100862\" data-element_type=\"container\" data-e-type=\"container\">\n\t\t\t\t<div class=\"elementor-element elementor-element-4ed2f77 elementor-widget elementor-widget-html\" data-id=\"4ed2f77\" data-element_type=\"widget\" data-e-type=\"widget\" data-widget_type=\"html.default\">\n\t\t\t\t\t<div class=\"button-wrapper\">\r\n    \r\n    <a href=\"https:\/\/kenjee.ca\/fr\/dealers\/\" class=\"custom-btn\">\u2192 Courtiers<\/a>\r\n    <a href=\"https:\/\/kenjee.ca\/fr\/issuers-fund-managers\/\" class=\"custom-btn\">\u2192 Emetteurs\/ fonds d\u2019investissement<\/a>\r\n<\/div>\r\n\t\t\t\t<\/div>\n\t\t\t\t<\/div>\n\t\t\t\t<\/div>\n\t\t\t\t<\/div>\n\t\t\t\t<\/div>","protected":false},"excerpt":{"rendered":"<p>Kenjee Capital serves investors seeking access to prospectus-exempt investment opportunities and who understand the risks, limitations, and responsibilities associated with private market investing. Our client base reflects a diversity of backgrounds, experience levels, and investment objectives, unified by a desire to participate thoughtfully and responsibly in private capital markets Accredited and Sophisticated Investors -&gt; Accredited [&hellip;]<\/p>\n","protected":false},"author":1,"featured_media":0,"parent":0,"menu_order":0,"comment_status":"closed","ping_status":"closed","template":"","meta":{"footnotes":""},"class_list":["post-9477","page","type-page","status-publish","hentry"],"_links":{"self":[{"href":"https:\/\/kenjee.ca\/fr\/wp-json\/wp\/v2\/pages\/9477","targetHints":{"allow":["GET"]}}],"collection":[{"href":"https:\/\/kenjee.ca\/fr\/wp-json\/wp\/v2\/pages"}],"about":[{"href":"https:\/\/kenjee.ca\/fr\/wp-json\/wp\/v2\/types\/page"}],"author":[{"embeddable":true,"href":"https:\/\/kenjee.ca\/fr\/wp-json\/wp\/v2\/users\/1"}],"replies":[{"embeddable":true,"href":"https:\/\/kenjee.ca\/fr\/wp-json\/wp\/v2\/comments?post=9477"}],"version-history":[{"count":5,"href":"https:\/\/kenjee.ca\/fr\/wp-json\/wp\/v2\/pages\/9477\/revisions"}],"predecessor-version":[{"id":9583,"href":"https:\/\/kenjee.ca\/fr\/wp-json\/wp\/v2\/pages\/9477\/revisions\/9583"}],"wp:attachment":[{"href":"https:\/\/kenjee.ca\/fr\/wp-json\/wp\/v2\/media?parent=9477"}],"curies":[{"name":"wp","href":"https:\/\/api.w.org\/{rel}","templated":true}]}}