{"id":9466,"date":"2026-03-14T09:40:24","date_gmt":"2026-03-14T09:40:24","guid":{"rendered":"https:\/\/kenjee.ca\/?page_id=9466"},"modified":"2026-03-20T01:48:37","modified_gmt":"2026-03-20T01:48:37","slug":"what-we-do","status":"publish","type":"page","link":"https:\/\/kenjee.ca\/fr\/what-we-do\/","title":{"rendered":"Nos services"},"content":{"rendered":"<div data-elementor-type=\"wp-post\" data-elementor-id=\"9466\" class=\"elementor elementor-9466\">\n\t\t\t\t<div class=\"elementor-element elementor-element-d399fa3 e-con-full e-flex e-con e-parent\" data-id=\"d399fa3\" data-element_type=\"container\" data-e-type=\"container\">\n\t\t<div class=\"elementor-element elementor-element-72b77d8 e-con-full e-flex e-con e-child\" data-id=\"72b77d8\" data-element_type=\"container\" data-e-type=\"container\">\n\t\t<div class=\"elementor-element elementor-element-5773956 e-con-full e-flex e-con e-child\" data-id=\"5773956\" data-element_type=\"container\" data-e-type=\"container\">\n\t\t\t\t<div class=\"elementor-element elementor-element-67f43e3 elementor-widget elementor-widget-menu-anchor\" data-id=\"67f43e3\" data-element_type=\"widget\" data-e-type=\"widget\" data-widget_type=\"menu-anchor.default\">\n\t\t\t\t\t\t\t<div class=\"elementor-menu-anchor\" id=\"private-markets\"><\/div>\n\t\t\t\t\t\t<\/div>\n\t\t\t\t<div class=\"elementor-element elementor-element-7a0ba2b elementor-widget elementor-widget-heading\" data-id=\"7a0ba2b\" data-element_type=\"widget\" data-e-type=\"widget\" data-widget_type=\"heading.default\">\n\t\t\t\t\t<h2 class=\"elementor-heading-title elementor-size-default\">Acc\u00e8s aux march\u00e9s priv\u00e9s pour les investisseurs canadiens<\/h2>\t\t\t\t<\/div>\n\t\t\t\t<div class=\"elementor-element elementor-element-45e7839 elementor-widget elementor-widget-text-editor\" data-id=\"45e7839\" data-element_type=\"widget\" data-e-type=\"widget\" data-widget_type=\"text-editor.default\">\n\t\t\t\t\t\t\t\t\t<p class=\"translation-block\">Kenjee Capital mets en relation les investisseurs avec des opportunit\u00e9s s\u00e9lectionn\u00e9es avec rigueur sur les march\u00e9s priv\u00e9s, selon une approche fond\u00e9e sur l\u2019\u00e9ducation, la convenance et la transparence. Plut\u00f4t que de simplement pr\u00e9senter des occasions d\u2019investissement, nous accompagnons les investisseurs \u00e0 travers la complexit\u00e9 avec clart\u00e9, en veillant \u00e0 ce que chaque opportunit\u00e9 soit comprise dans son contexte sa structure, ses risques, son profil de liquidit\u00e9 et son r\u00f4le au sein d\u2019une strat\u00e9gie d\u2019investissement globale.<\/p><p class=\"translation-block\">Les march\u00e9s priv\u00e9s peuvent offrir une diversification, un potentiel de croissance \u00e0 long terme et une exposition \u00e0 des entreprises innovantes, mais uniquement lorsqu\u2019ils sont abord\u00e9s avec discernement. Chez Kenjee, l\u2019acc\u00e8s repose d\u2019abord sur une <strong> participation \u00e9clair\u00e9e <\/strong>. Nous prenons le temps d\u2019aligner chaque opportunit\u00e9 avec les objectifs, l\u2019exp\u00e9rience et la tol\u00e9rance au risque de l\u2019investisseur avant tout engagement de capital.<\/p><p>Notre approche \u00e0 haute valeur ajout\u00e9e, ax\u00e9e sur la relation, garantit un accompagnement continu des investisseurs tout au long du cycle d\u2019investissement - de l\u2019int\u00e9gration initiale et la prise de d\u00e9cision jusqu\u2019\u00e0 l\u2019ex\u00e9cution.<\/p><p>En combinant \u00e9ducation, rigueur r\u00e9glementaire et service personnalis\u00e9, Kenjee Capital permet aux investisseurs canadiens de participer aux march\u00e9s priv\u00e9s avec confiance, compr\u00e9hension et intention  transformant l\u2019acc\u00e8s en une participation \u00e9clair\u00e9e et en une cr\u00e9ation de valeur durable \u00e0 long terme.<\/p>\t\t\t\t\t\t\t\t<\/div>\n\t\t\t\t<\/div>\n\t\t<div class=\"elementor-element elementor-element-f6458e9 e-con-full e-flex e-con e-child\" data-id=\"f6458e9\" data-element_type=\"container\" data-e-type=\"container\">\n\t\t\t\t<div class=\"elementor-element elementor-element-db1341d elementor-widget elementor-widget-menu-anchor\" data-id=\"db1341d\" data-element_type=\"widget\" data-e-type=\"widget\" data-widget_type=\"menu-anchor.default\">\n\t\t\t\t\t\t\t<div class=\"elementor-menu-anchor\" id=\"capital-raising\"><\/div>\n\t\t\t\t\t\t<\/div>\n\t\t\t\t<div class=\"elementor-element elementor-element-7c9de95 elementor-widget elementor-widget-heading\" data-id=\"7c9de95\" data-element_type=\"widget\" data-e-type=\"widget\" data-widget_type=\"heading.default\">\n\t\t\t\t\t<h2 class=\"elementor-heading-title elementor-size-default\">Partenaire canadien pour les \u00e9metteurs internationaux\n<\/h2>\t\t\t\t<\/div>\n\t\t\t\t<div class=\"elementor-element elementor-element-ea15f35 elementor-widget elementor-widget-text-editor\" data-id=\"ea15f35\" data-element_type=\"widget\" data-e-type=\"widget\" data-widget_type=\"text-editor.default\">\n\t\t\t\t\t\t\t\t\t<p>Kenjee Capital agit \u00e0 titre de courtier local de confiance pour les gestionnaires d\u2019investissement mondiaux, les \u00e9metteurs non canadiens et les plateformes de gestion de patrimoine internationales souhaitant acc\u00e9der \u00e0 un capital canadien sophistiqu\u00e9. Nous offrons une navigation cl\u00e9 en main de l\u2019environnement r\u00e9glementaire canadien et ex\u00e9cutons chaque mandat avec professionnalisme, discr\u00e9tion et fiabilit\u00e9.<\/p><p>Pourquoi les \u00e9metteurs internationaux choisissent Kenjee Capital\u00a0:<\/p><ul><li>Navigation compl\u00e8te du cadre r\u00e9glementaire canadien<\/li><li>Int\u00e9gration simplifi\u00e9e et ex\u00e9cution fluide des transactions<\/li><li>Aucun produit propri\u00e9taire \u2014 approche enti\u00e8rement objective et sans conflits d\u2019int\u00e9r\u00eats<\/li><li>Accompagnement en conformit\u00e9 pour des op\u00e9rations efficientes en co\u00fbts<\/li><li>Confidentialit\u00e9 rigoureuse et discr\u00e9tion de niveau institutionnel<\/li><li>R\u00e9putation de confiance aupr\u00e8s des plus grands cabinets d'avocats, courtiers principaux, prestataires de services et allocateurs.<\/li><\/ul><p>nous facilitons un acc\u00e8s cr\u00e9dible et conforme aux march\u00e9s priv\u00e9s au Canada.<\/p>\t\t\t\t\t\t\t\t<\/div>\n\t\t\t\t<\/div>\n\t\t<div class=\"elementor-element elementor-element-b54959a e-con-full e-flex e-con e-child\" data-id=\"b54959a\" data-element_type=\"container\" data-e-type=\"container\">\n\t\t\t\t<div class=\"elementor-element elementor-element-8a8c697 elementor-widget elementor-widget-menu-anchor\" data-id=\"8a8c697\" data-element_type=\"widget\" data-e-type=\"widget\" data-widget_type=\"menu-anchor.default\">\n\t\t\t\t\t\t\t<div class=\"elementor-menu-anchor\" id=\"canadian-placement\"><\/div>\n\t\t\t\t\t\t<\/div>\n\t\t\t\t<div class=\"elementor-element elementor-element-2b91dd2 elementor-widget elementor-widget-heading\" data-id=\"2b91dd2\" data-element_type=\"widget\" data-e-type=\"widget\" data-widget_type=\"heading.default\">\n\t\t\t\t\t<h2 class=\"elementor-heading-title elementor-size-default\">Lev\u00e9e de capitaux pour les \u00e9metteurs canadiens\n<\/h2>\t\t\t\t<\/div>\n\t\t\t\t<div class=\"elementor-element elementor-element-6968be8 elementor-widget elementor-widget-text-editor\" data-id=\"6968be8\" data-element_type=\"widget\" data-e-type=\"widget\" data-widget_type=\"text-editor.default\">\n\t\t\t\t\t\t\t\t\t<p>Nous accompagnons les fondateurs, les gestionnaires de fonds et les entreprises priv\u00e9es canadiennes \u00e0 la recherche de capitaux de croissance en concevant des campagnes de placement priv\u00e9 conformes, efficaces et strat\u00e9giquement cibl\u00e9es.<\/p><p>Notre approche combine pr\u00e9paration strat\u00e9gique, identification cibl\u00e9e d\u2019investisseurs et alignement r\u00e9glementaire tout au long du processus de lev\u00e9e de capitaux<\/p><p>Notre offre comprend:<\/p><ul><li>\u00c9laboration de strat\u00e9gies de distribution nationales et transfrontali\u00e8res<\/li><li>Campagnes de prospection et de d\u00e9marchage d'investisseurs sur mesure<\/li><li>Conseils relatifs aux documents d'offre, \u00e0 la pr\u00e9paration et aux informations r\u00e9glementaires<\/li><li>Alignement continu de la conformit\u00e9 tout au long du cycle de vie de la lev\u00e9e de capitaux<\/li><\/ul><p>Nous aidons les \u00e9metteurs \u00e0 acc\u00e9der au capital avec discipline, efficacit\u00e9 et cr\u00e9dibilit\u00e9 aupr\u00e8s des investisseurs<\/p>\t\t\t\t\t\t\t\t<\/div>\n\t\t\t\t<\/div>\n\t\t<div class=\"elementor-element elementor-element-11c7899 e-con-full e-flex e-con e-child\" data-id=\"11c7899\" data-element_type=\"container\" data-e-type=\"container\">\n\t\t\t\t<div class=\"elementor-element elementor-element-0bfb913 elementor-widget elementor-widget-menu-anchor\" data-id=\"0bfb913\" data-element_type=\"widget\" data-e-type=\"widget\" data-widget_type=\"menu-anchor.default\">\n\t\t\t\t\t\t\t<div class=\"elementor-menu-anchor\" id=\"cross-border\"><\/div>\n\t\t\t\t\t\t<\/div>\n\t\t\t\t<div class=\"elementor-element elementor-element-fe39e5c elementor-widget elementor-widget-heading\" data-id=\"fe39e5c\" data-element_type=\"widget\" data-e-type=\"widget\" data-widget_type=\"heading.default\">\n\t\t\t\t\t<h2 class=\"elementor-heading-title elementor-size-default\">Acc\u00e8s au march\u00e9 am\u00e9ricain pour les \u00e9metteurs canadiens\n<\/h2>\t\t\t\t<\/div>\n\t\t\t\t<div class=\"elementor-element elementor-element-a85cb49 elementor-widget elementor-widget-text-editor\" data-id=\"a85cb49\" data-element_type=\"widget\" data-e-type=\"widget\" data-widget_type=\"text-editor.default\">\n\t\t\t\t\t\t\t\t\t<p>Kenjee Capital facilite l\u2019acc\u00e8s des \u00e9metteurs canadiens aux investisseurs sophistiqu\u00e9s aux \u00c9tats-Unis gr\u00e2ce \u00e0 un r\u00e9seau s\u00e9lectionn\u00e9 de partenaires et de courtiers am\u00e9ricains.<\/p><p>Nous accompagnons les \u00e9metteurs dans la navigation des exigences r\u00e9glementaires am\u00e9ricaines, la structuration des offres et la coordination des placements transfrontaliers.<\/p><p>Notre proposition de valeur:<\/p><ul><li>Navigation r\u00e9glementaire am\u00e9ricaine et alignement de l'offre<\/li><li>Strat\u00e9gie de distribution adapt\u00e9e \u00e0 l'univers des investisseurs avertis am\u00e9ricains<\/li><li>Coordination avec des partenaires agr\u00e9\u00e9s des march\u00e9s financiers am\u00e9ricains<\/li><li>Facilitation professionnelle et efficace de l'acc\u00e8s aux capitaux transfrontaliers<\/li><\/ul><p>Notre approche permet aux entreprises canadiennes d\u2019acc\u00e9der aux march\u00e9s de capitaux internationaux avec structure, clart\u00e9 et confiance.<\/p>\t\t\t\t\t\t\t\t<\/div>\n\t\t\t\t<\/div>\n\t\t<div class=\"elementor-element elementor-element-7e133b9 e-con-full e-flex e-con e-child\" data-id=\"7e133b9\" data-element_type=\"container\" data-e-type=\"container\">\n\t\t\t\t<div class=\"elementor-element elementor-element-6daf1cb elementor-widget elementor-widget-html\" data-id=\"6daf1cb\" data-element_type=\"widget\" data-e-type=\"widget\" data-widget_type=\"html.default\">\n\t\t\t\t\t<div class=\"button-wrapper\">\r\n    <a href=\"https:\/\/kenjee.ca\/fr\/what-we-do\/#private-markets\" class=\"custom-btn\">\u2192 March\u00e9s priv\u00e9s<\/a>\r\n    <a href=\"https:\/\/kenjee.ca\/fr\/what-we-do\/#capital-raising\" class=\"custom-btn\">\u2192 Lev\u00e9e de capitaux<\/a>\r\n    <a href=\"https:\/\/kenjee.ca\/fr\/what-we-do\/#canadian-placement\" class=\"custom-btn\">\u2192 Mandat de Placement<\/a>\r\n    <a href=\"https:\/\/kenjee.ca\/fr\/what-we-do\/#cross-border\" class=\"custom-btn\">\u2192 Transactions transfrontali\u00e8res<\/a>\r\n<\/div>\r\n\t\t\t\t<\/div>\n\t\t\t\t<\/div>\n\t\t\t\t<\/div>\n\t\t\t\t<\/div>\n\t\t\t\t<\/div>","protected":false},"excerpt":{"rendered":"<p>Private Markets Access for Canadian Investors We connect investors to carefully selected private market opportunities through an approach grounded in\u00a0education, suitability, and transparency. Rather than simply presenting deals, we guide investors through complexity with clarity, ensuring each opportunity is understood in context\u2014its structure, risks, liquidity profile, and role within a broader investment strategy. Private markets [&hellip;]<\/p>\n","protected":false},"author":1,"featured_media":0,"parent":0,"menu_order":0,"comment_status":"closed","ping_status":"closed","template":"","meta":{"footnotes":""},"class_list":["post-9466","page","type-page","status-publish","hentry"],"_links":{"self":[{"href":"https:\/\/kenjee.ca\/fr\/wp-json\/wp\/v2\/pages\/9466","targetHints":{"allow":["GET"]}}],"collection":[{"href":"https:\/\/kenjee.ca\/fr\/wp-json\/wp\/v2\/pages"}],"about":[{"href":"https:\/\/kenjee.ca\/fr\/wp-json\/wp\/v2\/types\/page"}],"author":[{"embeddable":true,"href":"https:\/\/kenjee.ca\/fr\/wp-json\/wp\/v2\/users\/1"}],"replies":[{"embeddable":true,"href":"https:\/\/kenjee.ca\/fr\/wp-json\/wp\/v2\/comments?post=9466"}],"version-history":[{"count":5,"href":"https:\/\/kenjee.ca\/fr\/wp-json\/wp\/v2\/pages\/9466\/revisions"}],"predecessor-version":[{"id":9529,"href":"https:\/\/kenjee.ca\/fr\/wp-json\/wp\/v2\/pages\/9466\/revisions\/9529"}],"wp:attachment":[{"href":"https:\/\/kenjee.ca\/fr\/wp-json\/wp\/v2\/media?parent=9466"}],"curies":[{"name":"wp","href":"https:\/\/api.w.org\/{rel}","templated":true}]}}