{"id":9443,"date":"2026-03-14T03:18:07","date_gmt":"2026-03-14T03:18:07","guid":{"rendered":"https:\/\/kenjee.ca\/?page_id=9443"},"modified":"2026-03-23T02:48:35","modified_gmt":"2026-03-23T02:48:35","slug":"about","status":"publish","type":"page","link":"https:\/\/kenjee.ca\/fr\/about\/","title":{"rendered":"\u00c0 propos"},"content":{"rendered":"<div data-elementor-type=\"wp-post\" data-elementor-id=\"9443\" class=\"elementor elementor-9443\">\n\t\t\t\t<div class=\"elementor-element elementor-element-e4e9ebe e-con-full e-flex e-con e-parent\" data-id=\"e4e9ebe\" data-element_type=\"container\" data-e-type=\"container\">\n\t\t<div class=\"elementor-element elementor-element-0819144 e-con-full e-flex e-con e-child\" data-id=\"0819144\" data-element_type=\"container\" data-e-type=\"container\">\n\t\t\t\t<div class=\"elementor-element elementor-element-9a80a3a elementor-widget elementor-widget-heading\" data-id=\"9a80a3a\" data-element_type=\"widget\" data-e-type=\"widget\" data-widget_type=\"heading.default\">\n\t\t\t\t\t<h2 class=\"elementor-heading-title elementor-size-default\">\u00c0 propos de Kenjee Capital<\/h2>\t\t\t\t<\/div>\n\t\t\t\t<div class=\"elementor-element elementor-element-d2ddf89 elementor-widget__width-initial elementor-widget elementor-widget-text-editor\" data-id=\"d2ddf89\" data-element_type=\"widget\" data-e-type=\"widget\" data-widget_type=\"text-editor.default\">\n\t\t\t\t\t\t\t\t\t<p class=\"translation-block\">Kenjee Capital Inc. est un courtier sur le march\u00e9 dispens\u00e9 \u00e9tabli \u00e0 Montr\u00e9al, fond\u00e9 autour d\u2019une mission claire : <em><strong>mettre le capital au service des communaut\u00e9s<\/strong>.<\/em> Nous croyons qu\u2019un acc\u00e8s responsable et \u00e9quitable aux opportunit\u00e9s d\u2019investissement sur les march\u00e9s priv\u00e9s contribue \u00e0 b\u00e2tir une \u00e9conomie plus inclusive, dynamique et r\u00e9siliente.<\/p><p><br><\/p>\n<p>Notre cabinet relie des investisseurs \u00e0 la recherche d\u2019opportunit\u00e9s pertinentes et rigoureusement gouvern\u00e9es \u00e0 des \u00e9metteurs qui souhaitent mobiliser des capitaux aupr\u00e8s de partenaires de confiance. En conciliant rigueur r\u00e9glementaire, transparence et discipline d\u2019ex\u00e9cution, Kenjee Capital facilite des transactions sur les march\u00e9s priv\u00e9s dans un cadre structur\u00e9 et conforme.<\/p><p><br><\/p>\n<p>Nous sommes \u00e9galement engag\u00e9s \u00e0 \u00e9largir l\u2019acc\u00e8s aux march\u00e9s des capitaux pour les communaut\u00e9s historiquement sous-desservies. Gr\u00e2ce \u00e0 l\u2019\u00e9ducation financi\u00e8re, \u00e0 un accompagnement structur\u00e9 des \u00e9metteurs et \u00e0 des processus appuy\u00e9s par la technologie, nous favorisons une participation plus large et mieux inform\u00e9e aux march\u00e9s priv\u00e9s.<\/p><p><br><\/p>\n<p>Chez Kenjee Capital, nous construisons des passerelles durables entre les communaut\u00e9s et le capital. Nous croyons que la finance peut \u00eatre un levier d\u2019autonomisation \u00e9conomique, d\u2019innovation et de prosp\u00e9rit\u00e9 partag\u00e9e.<\/p>\t\t\t\t\t\t\t\t<\/div>\n\t\t\t\t<div class=\"elementor-element elementor-element-e5df1a0 elementor-widget elementor-widget-html\" data-id=\"e5df1a0\" data-element_type=\"widget\" data-e-type=\"widget\" data-widget_type=\"html.default\">\n\t\t\t\t\t<div class=\"button-wrapper translation-block\"><a href=\"https:\/\/kenjee.ca\/fr\/our-approach\/\" class=\"custom-btn\" target=\"_self\">\u2192 Notre Approche<\/a>\n    <a href=\"https:\/\/kenjee.ca\/fr\/our-values\/\" class=\"custom-btn\" target=\"_self\">\u2192 Nos Valeurs<\/a>\n    <a href=\"https:\/\/kenjee.ca\/fr\/our-vision\/\" class=\"custom-btn\" target=\"_self\">\u2192 Notre Vision<\/a>\n    <a href=\"https:\/\/kenjee.ca\/fr\/our-mission\/\" class=\"custom-btn\" target=\"_self\">\u2192 Notre Mission<\/a><\/div>\r\n\t\t\t\t<\/div>\n\t\t\t\t<\/div>\n\t\t\t\t<\/div>\n\t\t\t\t<\/div>","protected":false},"excerpt":{"rendered":"<p>About Kenjee Capital Kenjee Capital Inc. is a Montr\u00e9al-based Exempt Market Dealer founded on a clear and transformative mission: connecting communities to capital.&nbsp;We believe that equitable access to private investment opportunities is essential to building a more inclusive and resilient economy. Our firm bridges the gap between investors seeking meaningful, well-governed opportunities and issuers looking [&hellip;]<\/p>\n","protected":false},"author":1,"featured_media":0,"parent":0,"menu_order":0,"comment_status":"closed","ping_status":"closed","template":"","meta":{"footnotes":""},"class_list":["post-9443","page","type-page","status-publish","hentry"],"_links":{"self":[{"href":"https:\/\/kenjee.ca\/fr\/wp-json\/wp\/v2\/pages\/9443","targetHints":{"allow":["GET"]}}],"collection":[{"href":"https:\/\/kenjee.ca\/fr\/wp-json\/wp\/v2\/pages"}],"about":[{"href":"https:\/\/kenjee.ca\/fr\/wp-json\/wp\/v2\/types\/page"}],"author":[{"embeddable":true,"href":"https:\/\/kenjee.ca\/fr\/wp-json\/wp\/v2\/users\/1"}],"replies":[{"embeddable":true,"href":"https:\/\/kenjee.ca\/fr\/wp-json\/wp\/v2\/comments?post=9443"}],"version-history":[{"count":5,"href":"https:\/\/kenjee.ca\/fr\/wp-json\/wp\/v2\/pages\/9443\/revisions"}],"predecessor-version":[{"id":9598,"href":"https:\/\/kenjee.ca\/fr\/wp-json\/wp\/v2\/pages\/9443\/revisions\/9598"}],"wp:attachment":[{"href":"https:\/\/kenjee.ca\/fr\/wp-json\/wp\/v2\/media?parent=9443"}],"curies":[{"name":"wp","href":"https:\/\/api.w.org\/{rel}","templated":true}]}}