{"id":9432,"date":"2026-03-14T03:13:16","date_gmt":"2026-03-14T03:13:16","guid":{"rendered":"https:\/\/kenjee.ca\/?page_id=9432"},"modified":"2026-03-20T02:10:00","modified_gmt":"2026-03-20T02:10:00","slug":"our-vision","status":"publish","type":"page","link":"https:\/\/kenjee.ca\/fr\/our-vision\/","title":{"rendered":"Notre vision"},"content":{"rendered":"<div data-elementor-type=\"wp-post\" data-elementor-id=\"9432\" class=\"elementor elementor-9432\">\n\t\t\t\t<div class=\"elementor-element elementor-element-6cc71e6 e-con-full e-flex e-con e-parent\" data-id=\"6cc71e6\" data-element_type=\"container\" data-e-type=\"container\">\n\t\t<div class=\"elementor-element elementor-element-ee7df4b e-con-full e-flex e-con e-child\" data-id=\"ee7df4b\" data-element_type=\"container\" data-e-type=\"container\">\n\t\t\t\t<div class=\"elementor-element elementor-element-46e1d97 elementor-widget__width-initial elementor-widget elementor-widget-text-editor\" data-id=\"46e1d97\" data-element_type=\"widget\" data-e-type=\"widget\" data-widget_type=\"text-editor.default\">\n\t\t\t\t\t\t\t\t\t<p data-start=\"348\" data-end=\"710\">Chez Kenjee Capital, nous aspirons \u00e0 red\u00e9finir l\u2019acc\u00e8s aux march\u00e9s priv\u00e9s au Canada en b\u00e2tissant un courtier sur le march\u00e9 dispens\u00e9 inclusif, rigoureux et de r\u00e9f\u00e9rence. Notre ambition est de connecter des communaut\u00e9s historiquement sous-desservies, des \u00e9metteurs de qualit\u00e9 institutionnelle et des investisseurs sophistiqu\u00e9s afin de favoriser une cr\u00e9ation de richesse durable et interg\u00e9n\u00e9rationnelle.<\/p><p data-start=\"712\" data-end=\"1121\">Nous envisageons un \u00e9cosyst\u00e8me de capital priv\u00e9 o\u00f9 l\u2019acc\u00e8s repose sur la compr\u00e9hension, l\u2019ad\u00e9quation et la gouvernance \u2014 et non sur la proximit\u00e9 avec des r\u00e9seaux financiers traditionnels. Dans cet environnement, les investisseurs participent aux march\u00e9s en toute connaissance de cause, les \u00e9metteurs mobilisent des capitaux de mani\u00e8re responsable et les march\u00e9s priv\u00e9s \u00e9voluent dans un cadre fond\u00e9 sur la transparence et la discipline.<\/p><p data-start=\"1123\" data-end=\"1504\">La vision de Kenjee Capital est d\u2019\u00e9tablir une nouvelle r\u00e9f\u00e9rence pour la distribution sur le march\u00e9 dispens\u00e9 au Canada. En combinant inclusion, excellence r\u00e9glementaire, architecture ouverte de produits et expertise transfrontali\u00e8re, nous contribuons \u00e0 b\u00e2tir des march\u00e9s priv\u00e9s plus \u00e9quitables, r\u00e9silients et dignes de confiance.<\/p>\t\t\t\t\t\t\t\t<\/div>\n\t\t\t\t<div class=\"elementor-element elementor-element-e427910 elementor-widget elementor-widget-html\" data-id=\"e427910\" data-element_type=\"widget\" data-e-type=\"widget\" data-widget_type=\"html.default\">\n\t\t\t\t\t<div class=\"button-wrapper\">\r\n    <a href=\"https:\/\/kenjee.ca\/fr\/our-approach\/\" class=\"custom-btn\">\u2192 Notre approche<\/a>\r\n    <a href=\"https:\/\/kenjee.ca\/fr\/our-values\/\" class=\"custom-btn\">\u2192 Nos Valeurs<\/a>\r\n    <a href=\"https:\/\/kenjee.ca\/fr\/our-mission\/\" class=\"custom-btn\">\u2192 Notre Mission<\/a>\r\n<\/div>\r\n\t\t\t\t<\/div>\n\t\t\t\t<\/div>\n\t\t\t\t<\/div>\n\t\t\t\t<\/div>","protected":false},"excerpt":{"rendered":"<p>At Kenjee Capital Inc., we are committed to redefining access to Canada\u2019s private capital markets by becoming the leading inclusive Exempt Market Dealer\u2014bridging underserved communities and institutional-quality investment opportunities, and enabling long-term, intergenerational wealth creation through disciplined, responsible participation in private markets. We envision a private capital ecosystem where access is determined by understanding, suitability, [&hellip;]<\/p>\n","protected":false},"author":1,"featured_media":0,"parent":0,"menu_order":0,"comment_status":"closed","ping_status":"closed","template":"","meta":{"footnotes":""},"class_list":["post-9432","page","type-page","status-publish","hentry"],"_links":{"self":[{"href":"https:\/\/kenjee.ca\/fr\/wp-json\/wp\/v2\/pages\/9432","targetHints":{"allow":["GET"]}}],"collection":[{"href":"https:\/\/kenjee.ca\/fr\/wp-json\/wp\/v2\/pages"}],"about":[{"href":"https:\/\/kenjee.ca\/fr\/wp-json\/wp\/v2\/types\/page"}],"author":[{"embeddable":true,"href":"https:\/\/kenjee.ca\/fr\/wp-json\/wp\/v2\/users\/1"}],"replies":[{"embeddable":true,"href":"https:\/\/kenjee.ca\/fr\/wp-json\/wp\/v2\/comments?post=9432"}],"version-history":[{"count":5,"href":"https:\/\/kenjee.ca\/fr\/wp-json\/wp\/v2\/pages\/9432\/revisions"}],"predecessor-version":[{"id":9567,"href":"https:\/\/kenjee.ca\/fr\/wp-json\/wp\/v2\/pages\/9432\/revisions\/9567"}],"wp:attachment":[{"href":"https:\/\/kenjee.ca\/fr\/wp-json\/wp\/v2\/media?parent=9432"}],"curies":[{"name":"wp","href":"https:\/\/api.w.org\/{rel}","templated":true}]}}