{"id":9418,"date":"2026-03-14T03:08:02","date_gmt":"2026-03-14T03:08:02","guid":{"rendered":"https:\/\/kenjee.ca\/?page_id=9418"},"modified":"2026-03-20T02:14:24","modified_gmt":"2026-03-20T02:14:24","slug":"our-mission","status":"publish","type":"page","link":"https:\/\/kenjee.ca\/fr\/our-mission\/","title":{"rendered":"Notre Mission"},"content":{"rendered":"<div data-elementor-type=\"wp-post\" data-elementor-id=\"9418\" class=\"elementor elementor-9418\">\n\t\t\t\t<div class=\"elementor-element elementor-element-4d83a75 e-con-full e-flex e-con e-parent\" data-id=\"4d83a75\" data-element_type=\"container\" data-e-type=\"container\">\n\t\t<div class=\"elementor-element elementor-element-3637486 e-con-full e-flex e-con e-child\" data-id=\"3637486\" data-element_type=\"container\" data-e-type=\"container\">\n\t\t\t\t<div class=\"elementor-element elementor-element-7263538 elementor-widget__width-initial elementor-widget elementor-widget-text-editor\" data-id=\"7263538\" data-element_type=\"widget\" data-e-type=\"widget\" data-widget_type=\"text-editor.default\">\n\t\t\t\t\t\t\t\t\t<p>La mission de Kenjee Capital est d\u2019\u00e9largir et de renforcer l\u2019acc\u00e8s aux march\u00e9s priv\u00e9s au Canada gr\u00e2ce \u00e0 une distribution disciplin\u00e9e, conforme et inclusive sur le march\u00e9 dispens\u00e9. Nous connectons investisseurs, \u00e9metteurs et communaut\u00e9s \u00e0 des opportunit\u00e9s de capital dans un cadre structur\u00e9, transparent et responsable.<\/p><p>Chez Kenjee Capital, l\u2019inclusion et la rigueur r\u00e9glementaire vont de pair. En int\u00e9grant conformit\u00e9, gouvernance et protection des investisseurs \u00e0 chacun de nos processus, nous veillons \u00e0 ce que l\u2019acc\u00e8s \u00e9largi aux march\u00e9s priv\u00e9s s\u2019accompagne de standards \u00e9lev\u00e9s de transparence, d\u2019imputabilit\u00e9 et de discipline.\nNous croyons qu\u2019une participation durable aux march\u00e9s priv\u00e9s commence par la compr\u00e9hension. Par une divulgation claire, des explications en langage accessible et des ressources \u00e9ducatives structur\u00e9es, nous aidons les investisseurs \u00e0 \u00e9valuer les risques, la structure et l\u2019ad\u00e9quation des placements.<\/p><p data-start=\"1333\" data-end=\"1854\">En connectant les communaut\u00e9s au capital de mani\u00e8re responsable, Kenjee Capital contribue \u00e0 renforcer la confiance dans les march\u00e9s priv\u00e9s et \u00e0 soutenir une cr\u00e9ation de richesse durable pour les investisseurs, les entrepreneurs et les communaut\u00e9s.<\/p>\t\t\t\t\t\t\t\t<\/div>\n\t\t\t\t<div class=\"elementor-element elementor-element-843b3b6 elementor-widget elementor-widget-html\" data-id=\"843b3b6\" data-element_type=\"widget\" data-e-type=\"widget\" data-widget_type=\"html.default\">\n\t\t\t\t\t<div class=\"button-wrapper\">\r\n    <a href=\"https:\/\/kenjee.ca\/fr\/our-approach\/\" class=\"custom-btn\">\u2192 Notre approche<\/a>\r\n    <a href=\"https:\/\/kenjee.ca\/fr\/our-values\/\" class=\"custom-btn\">\u2192 Nos Valeurs<\/a>\r\n    <a href=\"https:\/\/kenjee.ca\/fr\/our-vision\/\" class=\"custom-btn\">\u2192 Notre vision<\/a>\r\n<\/div>\r\n\t\t\t\t<\/div>\n\t\t\t\t<\/div>\n\t\t\t\t<\/div>\n\t\t\t\t<\/div>","protected":false},"excerpt":{"rendered":"<p>Kenjee Capital\u2019s mission is to expand and elevate access to Canada\u2019s private capital markets by delivering disciplined, compliant, and inclusive exempt-market distribution. We connect underserved communities, global issuers, and sophisticated investors through education, stewardship, and high-touch service, enabling informed participation and supporting long-term, intergenerational wealth creation. Responsible access is central to how we fulfill this [&hellip;]<\/p>\n","protected":false},"author":1,"featured_media":0,"parent":0,"menu_order":0,"comment_status":"closed","ping_status":"closed","template":"","meta":{"footnotes":""},"class_list":["post-9418","page","type-page","status-publish","hentry"],"_links":{"self":[{"href":"https:\/\/kenjee.ca\/fr\/wp-json\/wp\/v2\/pages\/9418","targetHints":{"allow":["GET"]}}],"collection":[{"href":"https:\/\/kenjee.ca\/fr\/wp-json\/wp\/v2\/pages"}],"about":[{"href":"https:\/\/kenjee.ca\/fr\/wp-json\/wp\/v2\/types\/page"}],"author":[{"embeddable":true,"href":"https:\/\/kenjee.ca\/fr\/wp-json\/wp\/v2\/users\/1"}],"replies":[{"embeddable":true,"href":"https:\/\/kenjee.ca\/fr\/wp-json\/wp\/v2\/comments?post=9418"}],"version-history":[{"count":5,"href":"https:\/\/kenjee.ca\/fr\/wp-json\/wp\/v2\/pages\/9418\/revisions"}],"predecessor-version":[{"id":9570,"href":"https:\/\/kenjee.ca\/fr\/wp-json\/wp\/v2\/pages\/9418\/revisions\/9570"}],"wp:attachment":[{"href":"https:\/\/kenjee.ca\/fr\/wp-json\/wp\/v2\/media?parent=9418"}],"curies":[{"name":"wp","href":"https:\/\/api.w.org\/{rel}","templated":true}]}}