{"id":9400,"date":"2026-03-14T02:55:07","date_gmt":"2026-03-14T02:55:07","guid":{"rendered":"https:\/\/kenjee.ca\/?page_id=9400"},"modified":"2026-03-20T02:05:00","modified_gmt":"2026-03-20T02:05:00","slug":"our-values","status":"publish","type":"page","link":"https:\/\/kenjee.ca\/fr\/our-values\/","title":{"rendered":"Nos Valeurs"},"content":{"rendered":"<div data-elementor-type=\"wp-post\" data-elementor-id=\"9400\" class=\"elementor elementor-9400\">\n\t\t\t\t<div class=\"elementor-element elementor-element-9f1fe12 e-con-full e-flex e-con e-parent\" data-id=\"9f1fe12\" data-element_type=\"container\" data-e-type=\"container\">\n\t\t<div class=\"elementor-element elementor-element-092ec86 e-con-full e-flex e-con e-child\" data-id=\"092ec86\" data-element_type=\"container\" data-e-type=\"container\">\n\t\t\t\t<div class=\"elementor-element elementor-element-b8f63b6 elementor-widget__width-initial elementor-widget elementor-widget-text-editor\" data-id=\"b8f63b6\" data-element_type=\"widget\" data-e-type=\"widget\" data-widget_type=\"text-editor.default\">\n\t\t\t\t\t\t\t\t\t<p>Chez Kenjee Capital Inc., nos valeurs guident chacune de nos d\u00e9cisions, chacune de nos interactions avec nos clients et chacune de nos relations avec les \u00e9metteurs, les autorit\u00e9s r\u00e9glementaires et nos partenaires.<\/p><ul><li><strong>Responsabilit\u00e9 <\/strong>\u2013 Nous agissons selon les plus hauts standards de discipline r\u00e9glementaire afin de veiller \u00e0 ce que chaque recommandation et chaque transaction serve l\u2019int\u00e9r\u00eat des clients. Notre responsabilit\u00e9 consiste \u00e9galement \u00e0 mettre en place des processus transparents qui prot\u00e8gent les investisseurs et pr\u00e9servent l\u2019int\u00e9grit\u00e9 des march\u00e9s.<\/li><\/ul><ul><li><strong>Inclusion<\/strong>\u2013 L\u2019acc\u00e8s aux march\u00e9s priv\u00e9s ne devrait pas \u00eatre r\u00e9serv\u00e9 \u00e0 un cercle restreint. En nous engageant intentionnellement aupr\u00e8s de communaut\u00e9s historiquement sous-desservies et racialis\u00e9es, nous contribuons \u00e0 \u00e9largir l\u2019acc\u00e8s au capital et \u00e0 favoriser une participation plus large \u00e0 la cr\u00e9ation de richesse.<\/li><\/ul><ul><li><strong>Int\u00e9grit\u00e9<\/strong> \u2013 La confiance est au c\u0153ur de tout ce que nous faisons. Nous maintenons des standards \u00e9thiques \u00e9lev\u00e9s dans nos relations avec les clients, les \u00e9metteurs et les autorit\u00e9s r\u00e9glementaires, convaincus que la croissance durable repose sur une int\u00e9grit\u00e9 constante.<\/li><\/ul><ul><li><strong>Authenticit\u00e9 <\/strong>\u2013 Chez Kenjee Capital, <strong>l\u2019authenticit\u00e9<\/strong> signifie mener nos activit\u00e9s avec transparence, exactitude et coh\u00e9rence avec notre mission et nos responsabilit\u00e9s r\u00e9glementaires. Nous communiquons ouvertement, agissons avec intention et demeurons fid\u00e8les \u00e0 notre objectif d\u2019\u00e9largir l\u2019acc\u00e8s aux march\u00e9s priv\u00e9s au Canada.<\/li><\/ul><p>Ensemble, ces valeurs orientent la mission de Kenjee Capital : connecter les communaut\u00e9s au capital de mani\u00e8re \u00e9quitable, transparente et durable, afin de contribuer \u00e0 un \u00e9cosyst\u00e8me financier canadien plus inclusif.<\/p>\t\t\t\t\t\t\t\t<\/div>\n\t\t\t\t<div class=\"elementor-element elementor-element-1516f75 elementor-widget elementor-widget-html\" data-id=\"1516f75\" data-element_type=\"widget\" data-e-type=\"widget\" data-widget_type=\"html.default\">\n\t\t\t\t\t<div class=\"button-wrapper\">\r\n    <a href=\"https:\/\/kenjee.ca\/fr\/our-approach\/\" class=\"custom-btn\">\u2192 Notre approche<\/a>\r\n    <a href=\"https:\/\/kenjee.ca\/fr\/our-vision\/\" class=\"custom-btn\">\u2192 Notre vision<\/a>\r\n    <a href=\"https:\/\/kenjee.ca\/fr\/our-mission\/\" class=\"custom-btn\">\u2192 Notre Mission<\/a>\r\n<\/div>\r\n\t\t\t\t<\/div>\n\t\t\t\t<\/div>\n\t\t\t\t<\/div>\n\t\t\t\t<\/div>","protected":false},"excerpt":{"rendered":"<p>At Kenjee Capital Inc., our values guide every decision, every client interaction, and every relationship with issuers, regulators, and stakeholders. Responsibility \u2013 We act with the highest standards of regulatory discipline, ensuring that every recommendation and transaction serves the client\u2019s best interest. Our responsibility extends to building transparent processes that protect investors and uphold market [&hellip;]<\/p>\n","protected":false},"author":1,"featured_media":0,"parent":0,"menu_order":0,"comment_status":"closed","ping_status":"closed","template":"","meta":{"footnotes":""},"class_list":["post-9400","page","type-page","status-publish","hentry"],"_links":{"self":[{"href":"https:\/\/kenjee.ca\/fr\/wp-json\/wp\/v2\/pages\/9400","targetHints":{"allow":["GET"]}}],"collection":[{"href":"https:\/\/kenjee.ca\/fr\/wp-json\/wp\/v2\/pages"}],"about":[{"href":"https:\/\/kenjee.ca\/fr\/wp-json\/wp\/v2\/types\/page"}],"author":[{"embeddable":true,"href":"https:\/\/kenjee.ca\/fr\/wp-json\/wp\/v2\/users\/1"}],"replies":[{"embeddable":true,"href":"https:\/\/kenjee.ca\/fr\/wp-json\/wp\/v2\/comments?post=9400"}],"version-history":[{"count":5,"href":"https:\/\/kenjee.ca\/fr\/wp-json\/wp\/v2\/pages\/9400\/revisions"}],"predecessor-version":[{"id":9554,"href":"https:\/\/kenjee.ca\/fr\/wp-json\/wp\/v2\/pages\/9400\/revisions\/9554"}],"wp:attachment":[{"href":"https:\/\/kenjee.ca\/fr\/wp-json\/wp\/v2\/media?parent=9400"}],"curies":[{"name":"wp","href":"https:\/\/api.w.org\/{rel}","templated":true}]}}