{"id":9367,"date":"2026-03-13T18:09:27","date_gmt":"2026-03-13T18:09:27","guid":{"rendered":"https:\/\/kenjee.ca\/?page_id=9367"},"modified":"2026-03-20T02:00:52","modified_gmt":"2026-03-20T02:00:52","slug":"our-approach","status":"publish","type":"page","link":"https:\/\/kenjee.ca\/fr\/our-approach\/","title":{"rendered":"Notre Approche"},"content":{"rendered":"<div data-elementor-type=\"wp-post\" data-elementor-id=\"9367\" class=\"elementor elementor-9367\">\n\t\t\t\t<div class=\"elementor-element elementor-element-f7e7f8d e-con-full e-flex e-con e-parent\" data-id=\"f7e7f8d\" data-element_type=\"container\" data-e-type=\"container\" id=\"appii\">\n\t\t<div class=\"elementor-element elementor-element-f8145ea e-con-full e-flex e-con e-child\" data-id=\"f8145ea\" data-element_type=\"container\" data-e-type=\"container\">\n\t\t\t\t<div class=\"elementor-element elementor-element-6321b95 elementor-widget__width-initial elementor-widget elementor-widget-text-editor\" data-id=\"6321b95\" data-element_type=\"widget\" data-e-type=\"widget\" data-widget_type=\"text-editor.default\">\n\t\t\t\t\t\t\t\t\t<h6><strong>Acc\u00e8s responsable aux march\u00e9s priv\u00e9s\u00a0<\/strong><span style=\"color: #000000; font-family: Helvetica, sans-serif; font-weight: 400; font-size: 16px;\">Chez Kenjee Capital, nous croyons que l\u2019acc\u00e8s aux march\u00e9s priv\u00e9s doit \u00eatre \u00e9largi de mani\u00e8re responsable. \u00c0 titre de courtier sur le march\u00e9 dispens\u00e9, nous combinons inclusion et discipline r\u00e9glementaire afin de favoriser une participation \u00e9clair\u00e9e, fond\u00e9e sur la transparence, la rigueur et la protection des investisseurs.<\/span><strong style=\"color: #000000; font-family: Helvetica, sans-serif; font-size: 16px;\">\u00a0<\/strong><\/h6><h6><strong>Des \u00e9metteurs s\u00e9lectionn\u00e9s avec rigueur\u00a0<\/strong><span style=\"color: #000000; font-family: Helvetica, sans-serif; font-size: 16px; font-weight: 400;\">La qualit\u00e9 des \u00e9metteurs est au c\u0153ur de notre approche. Kenjee Capital maintient une architecture de produits volontairement s\u00e9lective et ne distribue que des opportunit\u00e9s r\u00e9pondant \u00e0 nos standards en mati\u00e8re de gouvernance, de transparence et de cr\u00e9dibilit\u00e9.<\/span><\/h6><h6><strong>Une s\u00e9lection disciplin\u00e9e des placements<\/strong>: <span style=\"background-color: #ffffff; color: #000000; font-family: Helvetica, sans-serif; font-weight: 400; font-size: 16px;\">Chaque opportunit\u00e9 fait l\u2019objet d\u2019une analyse structur\u00e9e Know-Your-Product (KYP) portant sur:<\/span><\/h6><ul style=\"background-color: #ffffff;\"><li>le mod\u00e8le d\u2019affaires de l\u2019\u00e9metteur<\/li><li>la structure du placement<\/li><li>les principaux risques<\/li><li>la qualit\u00e9 de l\u2019information divulgu\u00e9e<\/li><\/ul><p>Cette approche vise \u00e0 pr\u00e9server la confiance et \u00e0 prot\u00e9ger les investisseurs.<\/p><p>\u00a0<\/p><h6><strong>L\u2019\u00e9ducation comme fondement\u00a0<\/strong><span style=\"color: #000000; font-family: Helvetica, sans-serif; font-weight: 400; font-size: 16px;\">Nous croyons qu\u2019une participation durable aux march\u00e9s priv\u00e9s commence par la compr\u00e9hension.<\/span><\/h6><ul><li>Par des explications claires<\/li><li>une divulgation structur\u00e9e et notre Centre de connaissances<\/li><li>nous aidons les investisseurs \u00e0 mieux comprendre les m\u00e9canismes<\/li><li>les risques et les responsabilit\u00e9s li\u00e9s aux placements priv\u00e9s<\/li><\/ul><h6 data-elementor-setting-key=\"title\" data-pen-placeholder=\"Type Here...\"><strong>Inclusion avec discipline:\u00a0<\/strong><span style=\"color: #000000; font-family: Helvetica, sans-serif; font-weight: 400; font-size: 16px;\">Kenjee Capital s\u2019engage \u00e0 \u00e9largir l\u2019acc\u00e8s aux march\u00e9s priv\u00e9s pour les communaut\u00e9s historiquement sous-repr\u00e9sent\u00e9es, tout en maintenant les m\u00eames standards de rigueur, de conformit\u00e9 et de gouvernance pour l\u2019ensemble de ses clients.<\/span><\/h6><h6><strong>Une approche centr\u00e9e sur les clients:\u00a0<\/strong><span style=\"color: #000000; font-family: Helvetica, sans-serif; font-weight: 400; font-size: 16px;\">Nous privil\u00e9gions des relations de long terme fond\u00e9es sur la confiance, la transparence et la compr\u00e9hension des objectifs de chaque client. Notre approche met l\u2019accent sur des d\u00e9cisions \u00e9clair\u00e9es et une mobilisation durable du capital.<\/span><\/h6>\t\t\t\t\t\t\t\t<\/div>\n\t\t\t\t<div class=\"elementor-element elementor-element-8ef4ff0 elementor-widget elementor-widget-html\" data-id=\"8ef4ff0\" data-element_type=\"widget\" data-e-type=\"widget\" data-widget_type=\"html.default\">\n\t\t\t\t\t<div class=\"button-wrapper\">\r\n    <a href=\"https:\/\/kenjee.ca\/fr\/our-values\/\" class=\"custom-btn\">\u2192 Nos Valeurs<\/a>\r\n    <a href=\"https:\/\/kenjee.ca\/fr\/our-vision\/\" class=\"custom-btn\">\u2192 Notre vision<\/a>\r\n    <a href=\"https:\/\/kenjee.ca\/fr\/our-mission\/\" class=\"custom-btn\">\u2192 Notre Mission<\/a>\r\n<\/div>\r\n\t\t\t\t<\/div>\n\t\t\t\t<\/div>\n\t\t\t\t<\/div>\n\t\t\t\t<\/div>","protected":false},"excerpt":{"rendered":"<p>Responsible Access to Private Market:\u00a0At Kenjee Capital, we believe access to private markets should be expanded responsibly. As an Exempt Market Dealer, we combine inclusion with regulatory discipline\u2014ensuring that broader access to capital is matched with rigorous process, transparency, and accountability. Our role is to facilitate informed participation in exempt-market investments through a disciplined, client-focused [&hellip;]<\/p>\n","protected":false},"author":1,"featured_media":0,"parent":0,"menu_order":0,"comment_status":"closed","ping_status":"closed","template":"elementor_theme","meta":{"footnotes":""},"class_list":["post-9367","page","type-page","status-publish","hentry"],"_links":{"self":[{"href":"https:\/\/kenjee.ca\/fr\/wp-json\/wp\/v2\/pages\/9367","targetHints":{"allow":["GET"]}}],"collection":[{"href":"https:\/\/kenjee.ca\/fr\/wp-json\/wp\/v2\/pages"}],"about":[{"href":"https:\/\/kenjee.ca\/fr\/wp-json\/wp\/v2\/types\/page"}],"author":[{"embeddable":true,"href":"https:\/\/kenjee.ca\/fr\/wp-json\/wp\/v2\/users\/1"}],"replies":[{"embeddable":true,"href":"https:\/\/kenjee.ca\/fr\/wp-json\/wp\/v2\/comments?post=9367"}],"version-history":[{"count":5,"href":"https:\/\/kenjee.ca\/fr\/wp-json\/wp\/v2\/pages\/9367\/revisions"}],"predecessor-version":[{"id":9545,"href":"https:\/\/kenjee.ca\/fr\/wp-json\/wp\/v2\/pages\/9367\/revisions\/9545"}],"wp:attachment":[{"href":"https:\/\/kenjee.ca\/fr\/wp-json\/wp\/v2\/media?parent=9367"}],"curies":[{"name":"wp","href":"https:\/\/api.w.org\/{rel}","templated":true}]}}