{"id":8846,"date":"2026-02-28T03:26:32","date_gmt":"2026-02-28T03:26:32","guid":{"rendered":"https:\/\/kenjee.ca\/?page_id=8846"},"modified":"2026-03-21T01:52:20","modified_gmt":"2026-03-21T01:52:20","slug":"faqs-1","status":"publish","type":"page","link":"https:\/\/kenjee.ca\/fr\/faqs-1\/","title":{"rendered":"FAQ Pour Emetteurs\/ fonds d\u2019investissement"},"content":{"rendered":"<div data-elementor-type=\"wp-page\" data-elementor-id=\"8846\" class=\"elementor elementor-8846\">\n\t\t\t\t<div class=\"elementor-element elementor-element-18c4403 e-con-full e-flex e-con e-parent\" data-id=\"18c4403\" data-element_type=\"container\" data-e-type=\"container\">\n\t\t\t\t<div class=\"elementor-element elementor-element-2808fbd elementor-widget elementor-widget-text-editor\" data-id=\"2808fbd\" data-element_type=\"widget\" data-e-type=\"widget\" data-widget_type=\"text-editor.default\">\n\t\t\t\t\t\t\t\t\t<p><strong>Avec quels types d'\u00e9metteurs Kenjee travaille-t-il\u00a0?<\/strong><\/p><p class=\"translation-block\">Kenjee travaille avec des soci\u00e9t\u00e9s priv\u00e9es, des fonds d'investissement et des gestionnaires de fonds cherchant \u00e0 lever des capitaux en vertu d'exemptions de prospectus, sous r\u00e9serve de l'examen <strong>Conna\u00eetre son produit<\/strong> et des exigences r\u00e9glementaires de Kenjee.<\/p><p><strong>Kenjee structure-t-il les offres ou fournit-il des conseils juridiques\u00a0?<\/strong><\/p><p>Non. Kenjee ne fournit aucun conseil juridique, fiscal ou en mati\u00e8re de structuration et ne remplace pas les conseils des \u00e9metteurs. Il incombe aux \u00e9metteurs de faire appel \u00e0 leurs propres conseillers professionnels.<\/p><p class=\"translation-block\">Le r\u00f4le de Kenjee se limite \u00e0 la <strong>distribution et \u00e0 la facilitation r\u00e9glementaire<\/strong>.<\/p><p><strong>Comment Kenjee aborde-t-il la distribution ?<\/strong><\/p><p class=\"translation-block\">Kenjee exploite un mod\u00e8le de distribution <strong>disciplin\u00e9 et ax\u00e9 sur les relations<\/strong>, centr\u00e9 sur\u00a0:<\/p><ul><li>\u00e9ducation et information des investisseurs ;<\/li><li>alignement entre les offres des \u00e9metteurs et les profils d'investisseurs appropri\u00e9s;<\/li><li>Rigueur et transparence r\u00e9glementaires.<\/li><\/ul><p>Kenjee ne garantit pas les r\u00e9sultats des collectes de fonds.<\/p><p><strong>Comment sont structur\u00e9s les frais de distribution pour les \u00e9metteurs\u00a0?<\/strong><\/p><p class=\"translation-block\">Kenjee est g\u00e9n\u00e9ralement r\u00e9mun\u00e9r\u00e9 par une <strong>commission vers\u00e9e par l'\u00e9metteur<\/strong>, convenue \u00e0 l'avance et communiqu\u00e9e aux investisseurs. La structure des honoraires varie selon la nature de l'offre et son \u00e9tendue de distribution.<\/p><p><strong>Kenjee propose-t-il une large gamme de produits\u00a0?<\/strong><\/p><p class=\"translation-block\">Non. Kenjee propose une <strong>s\u00e9lection rigoureuse d'offres<\/strong>. Toutes les offres doivent respecter des normes d\u00e9finies en mati\u00e8re de divulgation, de structure et de conformit\u00e9 r\u00e9glementaire avant leur distribution.<\/p><p><strong>Comment Kenjee aborde-t-il l'inclusion\u00a0?<\/strong><\/p><p class=\"translation-block\">Chez Kenjee, l'inclusion signifie <strong>\u00e9largir l'acc\u00e8s sans abaisser les normes<\/strong>. Nous nous engageons d\u00e9lib\u00e9r\u00e9ment aupr\u00e8s des communaut\u00e9s historiquement sous-repr\u00e9sent\u00e9es sur les march\u00e9s priv\u00e9s tout en appliquant la m\u00eame rigueur r\u00e9glementaire, les m\u00eames normes de divulgation et les m\u00eames processus d'\u00e9valuation de l'ad\u00e9quation \u00e0 toutes nos relations clients.<\/p><p class=\"translation-block\">Nous pensons que la formation de capital \u00e0 long terme d\u00e9pend \u00e0 la fois de l'<strong>\u00e9quit\u00e9<\/strong> et de la discipline<\/strong>.<\/p><p><strong>Comment puis-je contacter Kenjee Capital ?<\/strong><\/p><p class=\"translation-block\">Si vous avez des questions concernant votre compte, une opportunit\u00e9 d'investissement ou cette FAQ, veuillez contacter votre <strong>repr\u00e9sentant en placement<\/strong> ou l'\u00e9quipe de conformit\u00e9 de Kenjee \u00e0 <a href=\"mailto:operations@kenjee.ca\" target=\"_self\"><strong>compliance@kenjee.ca<\/strong><\/a><\/p><p><span style=\"text-decoration: underline;\"><strong>Exemption de prospectus<\/strong><\/span><\/p><p><strong>Qu'est-ce qu'un prospectus ?<\/strong><\/p><p>Un document officiel contenant des informations d\u00e9taill\u00e9es sur le titre et la soci\u00e9t\u00e9 qui le propose, qui doit \u00eatre d\u00e9pos\u00e9 et approuv\u00e9 par l'Autorit\u00e9 de r\u00e9glementation des valeurs mobili\u00e8res lorsqu'une soci\u00e9t\u00e9 (publique ou priv\u00e9e) pr\u00e9voit de proposer des titres \u00e0 l'achat.<\/p><p><strong>Qu\u2019est-ce qu\u2019une exemption de prospectus\u00a0?<\/strong><\/p><p>Un ensemble sp\u00e9cifique de r\u00e8gles permettant aux entreprises de contourner l'obligation de d\u00e9poser un prospectus lors de la distribution de titres.<\/p>\t\t\t\t\t\t\t\t<\/div>\n\t\t\t\t<\/div>\n\t\t\t\t<\/div>","protected":false},"excerpt":{"rendered":"<p>What types of issuers does Kenjee work with? Kenjee works with private companies, investment funds, and fund managers seeking to raise capital under prospectus exemptions, subject to Kenjee\u2019s Know-Your-Product review and regulatory requirements. Does Kenjee structure offerings or provide legal advice? No. Kenjee does not provide legal, tax, or structuring advice and does not replace [&hellip;]<\/p>\n","protected":false},"author":1,"featured_media":0,"parent":0,"menu_order":0,"comment_status":"closed","ping_status":"closed","template":"elementor_header_footer","meta":{"footnotes":""},"class_list":["post-8846","page","type-page","status-publish","hentry"],"_links":{"self":[{"href":"https:\/\/kenjee.ca\/fr\/wp-json\/wp\/v2\/pages\/8846","targetHints":{"allow":["GET"]}}],"collection":[{"href":"https:\/\/kenjee.ca\/fr\/wp-json\/wp\/v2\/pages"}],"about":[{"href":"https:\/\/kenjee.ca\/fr\/wp-json\/wp\/v2\/types\/page"}],"author":[{"embeddable":true,"href":"https:\/\/kenjee.ca\/fr\/wp-json\/wp\/v2\/users\/1"}],"replies":[{"embeddable":true,"href":"https:\/\/kenjee.ca\/fr\/wp-json\/wp\/v2\/comments?post=8846"}],"version-history":[{"count":5,"href":"https:\/\/kenjee.ca\/fr\/wp-json\/wp\/v2\/pages\/8846\/revisions"}],"predecessor-version":[{"id":9588,"href":"https:\/\/kenjee.ca\/fr\/wp-json\/wp\/v2\/pages\/8846\/revisions\/9588"}],"wp:attachment":[{"href":"https:\/\/kenjee.ca\/fr\/wp-json\/wp\/v2\/media?parent=8846"}],"curies":[{"name":"wp","href":"https:\/\/api.w.org\/{rel}","templated":true}]}}