{"id":8838,"date":"2026-02-28T03:22:21","date_gmt":"2026-02-28T03:22:21","guid":{"rendered":"https:\/\/kenjee.ca\/?page_id=8838"},"modified":"2026-03-21T01:53:31","modified_gmt":"2026-03-21T01:53:31","slug":"faqs","status":"publish","type":"page","link":"https:\/\/kenjee.ca\/fr\/faqs\/","title":{"rendered":"FAQ pour les investisseurs"},"content":{"rendered":"<div data-elementor-type=\"wp-post\" data-elementor-id=\"8838\" class=\"elementor elementor-8838\">\n\t\t\t\t<div class=\"elementor-element elementor-element-8c5f448 e-con-full e-flex e-con e-parent\" data-id=\"8c5f448\" data-element_type=\"container\" data-e-type=\"container\">\n\t\t\t\t<div class=\"elementor-element elementor-element-51c2cc8 elementor-widget elementor-widget-text-editor\" data-id=\"51c2cc8\" data-element_type=\"widget\" data-e-type=\"widget\" data-widget_type=\"text-editor.default\">\n\t\t\t\t\t\t\t\t\t<p><strong>Quel est le r\u00f4le de Kenjee Capital ?<\/strong><\/p>\n<p class=\"translation-block\">Kenjee Capital Inc. est un courtier en valeurs <strong>mobili\u00e8res dispens\u00e9 d'examen (EMD)<\/strong>. Notre r\u00f4le se limite \u00e0 <strong>faciliter les transactions sur des valeurs mobili\u00e8res dispens\u00e9es d'examen<\/strong> et \u00e0 respecter nos obligations en vertu de la l\u00e9gislation applicable en mati\u00e8re de valeurs mobili\u00e8res, notamment en ce qui concerne la divulgation d'informations, la connaissance du client (KYC), la connaissance du client par le client (KYP), l'\u00e9valuation de la pertinence au moment de chaque transaction et les rapports r\u00e9glementaires.<\/p>\n<p><strong>Mon compte est-il discr\u00e9tionnaire ou autog\u00e9r\u00e9\u00a0?<\/strong><\/p>\n<p class=\"translation-block\">Votre compte chez Kenjee est <strong>g\u00e9r\u00e9 de mani\u00e8re autonome<\/strong>. Vous \u00eates responsable de toutes vos d\u00e9cisions d'investissement. Kenjee n'exerce aucun pouvoir discr\u00e9tionnaire sur votre compte.<\/p>\n<p><strong>Kenjee d\u00e9tient-il mes fonds ou mes titres\u00a0?<\/strong><\/p>\n<p class=\"translation-block\"><b>Non<\/b>. Kenjee <strong>ne d\u00e9tient ni fonds ni titres de ses clients<\/strong>. Les fonds utilis\u00e9s pour l'achat de titres sont transf\u00e9r\u00e9s directement \u00e0 l'\u00e9metteur ou \u00e0 un tiers, tel qu'un fiduciaire ou un d\u00e9positaire, selon le cas. Les titres sont g\u00e9n\u00e9ralement inscrits \u00e0 votre nom sur le registre des valeurs mobili\u00e8res de l'\u00e9metteur ou d\u00e9tenus par un tiers.<\/p>\n<p class=\"translation-block\">Votre compte chez Kenjee est <strong>de nature informative<\/strong> et refl\u00e8te votre historique de transactions avec nous.<\/p>\n<p><strong>Qui peut investir via Kenjee Capital ?<\/strong><\/p>\n<p class=\"translation-block\">Kenjee Capital facilite les investissements r\u00e9serv\u00e9s aux <strong>investisseurs accr\u00e9dit\u00e9s<\/strong>.<\/p>\n<p><strong>Comment fonctionne l'exemption pour investisseur qualifi\u00e9\u00a0?<\/strong><\/p>\n<p>Elle permet \u00e0 toutes les soci\u00e9t\u00e9s et tous les fonds d'investissement de lever des fonds uniquement aupr\u00e8s d'investisseurs accr\u00e9dit\u00e9s.<\/p>\n<p><strong>Qu'est-ce qu'un investisseur accr\u00e9dit\u00e9\u00a0?<\/strong><\/p>\n<p class=\"translation-block\">Un <strong>investisseur qualifi\u00e9<\/strong> est une personne physique ou morale qui r\u00e9pond \u00e0 des <strong>crit\u00e8res financiers ou professionnels<\/strong> sp\u00e9cifiques \u00e9nonc\u00e9s dans les lois canadiennes sur les valeurs mobili\u00e8res. Ces crit\u00e8res visent \u00e0 identifier les investisseurs consid\u00e9r\u00e9s comme ayant la <strong>capacit\u00e9 financi\u00e8re et la sophistication<\/strong> n\u00e9cessaires pour \u00e9valuer et supporter les risques des <strong>investissements exempt\u00e9s de prospectus<\/strong>.<\/p>\n<p><strong>Qui peut \u00eatre consid\u00e9r\u00e9 comme un investisseur accr\u00e9dit\u00e9\u00a0?<\/strong><\/p>\n<p>Une personne fortun\u00e9e qui r\u00e9ussit un test de patrimoine ou de revenus tel que d\u00e9crit ci-dessous:&nbsp;<\/p>\n<ul>\n<li class=\"translation-block\">Un minimum de <strong>1 000 000 $ en actifs financiers nets<\/strong>, seul ou avec un conjoint (\u00e0 l'exclusion de tous les biens immobiliers et autres passifs).<\/li>\n<li class=\"translation-block\">J'ai\u00a0per\u00e7u\u00a0au cours des deux derni\u00e8res ann\u00e9es et\u00a0un\u00a0salaire actuel\u00a0de plus de 200\u00a0000\u00a0CAD\u00a0seul, ou\u00a0de 300\u00a0000\u00a0CAD\u00a0en combinaison avec celui de mon conjoint.<\/li>\n<li>Un patrimoine minimum de 5 000 000 $, seul ou avec un conjoint.&nbsp;&nbsp;<\/li>\n<\/ul>\n<p>Une personne inscrite en vertu de la l\u00e9gislation sur les valeurs mobili\u00e8res d'une province ou d'un territoire du Canada \u00e0 titre de conseiller ou de courtier.<\/p>\n<p>Une soci\u00e9t\u00e9 qui est r\u00e9glement\u00e9e soit par un gouvernement f\u00e9d\u00e9ral\/provincial\/municipal, soit par une loi f\u00e9d\u00e9rale, soit par une SRA, soit par une autre entit\u00e9 r\u00e9glementaire.<\/p>\n<p>Fonds d'investissement, business angels, groupes de capital-risque, holding ou trust familial mis en place par des investisseurs accr\u00e9dit\u00e9s o\u00f9 la plupart des b\u00e9n\u00e9ficiaires sont \u00e9galement des investisseurs accr\u00e9dit\u00e9s.<\/p>\n<p><strong>Comment Kenjee \u00e9value-t-il l'ad\u00e9quation ?<\/strong><\/p>\n<p class=\"translation-block\">Avant de faciliter une transaction, Kenjee \u00e9value si l'investissement vous convient en fonction de vos informations <strong>Know-Your-Client (KYC)<\/strong>, notamment votre situation financi\u00e8re, vos objectifs d'investissement, votre tol\u00e9rance au risque et votre horizon temporel.<\/p>\n<p><strong>Quels sont les risques li\u00e9s aux placements dispens\u00e9s de prospectus\u00a0?<\/strong><\/p>\n<p class=\"translation-block\">Les investissements exempt\u00e9s de prospectus comportent g\u00e9n\u00e9ralement un <strong>risque plus \u00e9lev\u00e9<\/strong>, <strong>une liquidit\u00e9 limit\u00e9e<\/strong> et <strong>une incertitude<\/strong>quant \u00e0 leur \u00e9valuation. Il n'y a aucune garantie de rendement et vous pourriez perdre tout ou partie de votre investissement. Ces placements ne conviennent pas \u00e0 tous les investisseurs.<\/p>\n<p><strong>Puis-je investir en utilisant de l'argent emprunt\u00e9\u00a0?<\/strong><\/p>\n<p>Emprunter pour investir comporte des risques suppl\u00e9mentaires. Vous restez tenu de rembourser l'emprunt et les int\u00e9r\u00eats, quelles que soient les performances de votre investissement. L'effet de levier peut amplifier les pertes. Kenjee d\u00e9conseille g\u00e9n\u00e9ralement d'emprunter pour investir dans des titres dispens\u00e9s de prospectus.<\/p>\n<p><strong>Comment Kenjee est-il r\u00e9mun\u00e9r\u00e9 ?<\/strong><\/p>\n<p class=\"translation-block\">Kenjee est g\u00e9n\u00e9ralement r\u00e9mun\u00e9r\u00e9 par le biais de <strong>commissions vers\u00e9es par l'\u00e9metteur<\/strong>, qui vous sont communiqu\u00e9es avant la finalisation de toute transaction. Ces commissions sont pay\u00e9es par l'\u00e9metteur et ne vous sont pas factur\u00e9es directement.<\/p>\n<p>\u00c9tant donn\u00e9 que cette r\u00e9mun\u00e9ration peut cr\u00e9er un conflit d'int\u00e9r\u00eats potentiel, Kenjee g\u00e8re et divulgue ces conflits conform\u00e9ment aux exigences r\u00e9glementaires.<\/p>\n<p><strong>Quels rapports vais-je recevoir\u00a0?<\/strong><\/p>\n<p>Dans le cadre des transactions facilit\u00e9es par Kenjee, vous recevrez:<\/p>\n<ul>\n<li class=\"translation-block\">une <strong>confirmation de transaction<\/strong> pour chaque transaction\u00a0; et<\/li>\n<li class=\"translation-block\"><strong>relev\u00e9s de compte trimestriels<\/strong> lorsqu'il y a activit\u00e9 sur votre compte,<br>comme l'exige la l\u00e9gislation sur les valeurs mobili\u00e8res.<\/li>\n<\/ul>\n<p>Kenjee ne fournit pas de rapports r\u00e9guliers sur la performance du portefeuille ni de suivi continu.<\/p>\n<p><strong>Quelles sont mes responsabilit\u00e9s en tant qu'investisseur ?<\/strong><\/p>\n<p>Vous \u00eates responsable de:<\/p>\n<ul>\n<li>fournir des informations KYC compl\u00e8tes et exactes;<\/li>\n<li>informer rapidement Kenjee de tout changement important concernant votre situation;<\/li>\n<li>examen des documents d'offre, des confirmations et des d\u00e9clarations;<\/li>\n<li>poser des questions et solliciter des conseils juridiques, fiscaux ou financiers ind\u00e9pendants, le cas \u00e9ch\u00e9ant.<strong>&nbsp;<\/strong><\/li>\n<\/ul>\n<p><strong>Quelle place occupent les investissements alternatifs dans un portefeuille ?<\/strong><\/p>\n<p class=\"translation-block\">Les investissements alternatifs peuvent servir de <strong>compl\u00e9ment<\/strong> aux classes d'actifs traditionnelles au sein d'un portefeuille diversifi\u00e9 pour les investisseurs qui comprennent et peuvent supporter les risques associ\u00e9s.<\/p>\n<p>Selon la strat\u00e9gie, les investissements alternatifs peuvent\u00a0:<\/p>\n<ul>\n<li>offrir une exposition aux march\u00e9s priv\u00e9s non accessible par le biais des titres publics;<\/li>\n<li>offrir des avantages de diversification gr\u00e2ce \u00e0 la diversit\u00e9 des facteurs de risque et de rendement;<\/li>\n<li>s'aligner sur les objectifs d'investissement \u00e0 long terme.<\/li>\n<\/ul>\n<p class=\"translation-block\">Cependant, les investissements alternatifs sont g\u00e9n\u00e9ralement <strong>illiquides<\/strong>, <strong>\u00e0 long terme<\/strong> et <strong>plus risqu\u00e9s<\/strong>, et ne devraient repr\u00e9senter qu\u2019une partie de l\u2019allocation globale d\u2019un investisseur, en fonction de sa situation financi\u00e8re et de sa tol\u00e9rance au risque.<\/p>\t\t\t\t\t\t\t\t<\/div>\n\t\t\t\t<\/div>\n\t\t\t\t<\/div>","protected":false},"excerpt":{"rendered":"<p>What is Kenjee Capital\u2019s role? Kenjee Capital Inc. is a registered Exempt Market Dealer (EMD). Our role is limited to facilitating transactions in prospectus-exempt securities and complying with our obligations under applicable securities legislation, including disclosure, KYC, KYP, suitability assessments at the time of each transaction, and regulatory reporting. Is my account discretionary or self-directed? [&hellip;]<\/p>\n","protected":false},"author":1,"featured_media":0,"parent":0,"menu_order":0,"comment_status":"closed","ping_status":"closed","template":"elementor_header_footer","meta":{"footnotes":""},"class_list":["post-8838","page","type-page","status-publish","hentry"],"_links":{"self":[{"href":"https:\/\/kenjee.ca\/fr\/wp-json\/wp\/v2\/pages\/8838","targetHints":{"allow":["GET"]}}],"collection":[{"href":"https:\/\/kenjee.ca\/fr\/wp-json\/wp\/v2\/pages"}],"about":[{"href":"https:\/\/kenjee.ca\/fr\/wp-json\/wp\/v2\/types\/page"}],"author":[{"embeddable":true,"href":"https:\/\/kenjee.ca\/fr\/wp-json\/wp\/v2\/users\/1"}],"replies":[{"embeddable":true,"href":"https:\/\/kenjee.ca\/fr\/wp-json\/wp\/v2\/comments?post=8838"}],"version-history":[{"count":5,"href":"https:\/\/kenjee.ca\/fr\/wp-json\/wp\/v2\/pages\/8838\/revisions"}],"predecessor-version":[{"id":9591,"href":"https:\/\/kenjee.ca\/fr\/wp-json\/wp\/v2\/pages\/8838\/revisions\/9591"}],"wp:attachment":[{"href":"https:\/\/kenjee.ca\/fr\/wp-json\/wp\/v2\/media?parent=8838"}],"curies":[{"name":"wp","href":"https:\/\/api.w.org\/{rel}","templated":true}]}}