{"id":8759,"date":"2026-02-28T01:35:11","date_gmt":"2026-02-28T01:35:11","guid":{"rendered":"https:\/\/kenjee.ca\/?page_id=8759"},"modified":"2026-03-21T02:07:34","modified_gmt":"2026-03-21T02:07:34","slug":"knowledge-hub","status":"publish","type":"page","link":"https:\/\/kenjee.ca\/fr\/knowledge-hub\/","title":{"rendered":"Ressources"},"content":{"rendered":"<div data-elementor-type=\"wp-post\" data-elementor-id=\"8759\" class=\"elementor elementor-8759\">\n\t\t\t\t<div class=\"elementor-element elementor-element-1c151d7 e-con-full elementor-hidden-mobile e-flex e-con e-parent\" data-id=\"1c151d7\" data-element_type=\"container\" data-e-type=\"container\">\n\t\t<div class=\"elementor-element elementor-element-eb44aa1 e-con-full e-flex e-con e-child\" data-id=\"eb44aa1\" data-element_type=\"container\" data-e-type=\"container\">\n\t\t\t\t<div class=\"elementor-element elementor-element-320e721 elementor-widget elementor-widget-heading\" data-id=\"320e721\" data-element_type=\"widget\" data-e-type=\"widget\" data-widget_type=\"heading.default\">\n\t\t\t\t\t<h2 class=\"elementor-heading-title elementor-size-default\">Quoi de neuf<\/h2>\t\t\t\t<\/div>\n\t\t<div class=\"elementor-element elementor-element-fe509d7 e-con-full e-flex e-con e-child\" data-id=\"fe509d7\" data-element_type=\"container\" data-e-type=\"container\">\n\t\t<div class=\"elementor-element elementor-element-4c5a1eb e-con-full e-flex e-con e-child\" data-id=\"4c5a1eb\" data-element_type=\"container\" data-e-type=\"container\">\n\t\t\t\t<div class=\"elementor-element elementor-element-9f880fd elementor-widget elementor-widget-heading\" data-id=\"9f880fd\" data-element_type=\"widget\" data-e-type=\"widget\" data-widget_type=\"heading.default\">\n\t\t\t\t\t<h2 class=\"elementor-heading-title elementor-size-default\"><a href=\"https:\/\/kenjee.ca\/fr\/faqs\/\">Foire aux questions<\/a><\/h2>\t\t\t\t<\/div>\n\t\t\t\t<\/div>\n\t\t<div class=\"elementor-element elementor-element-07e4a09 e-con-full e-flex e-con e-child\" data-id=\"07e4a09\" data-element_type=\"container\" data-e-type=\"container\">\n\t\t\t\t<div class=\"elementor-element elementor-element-39d279b elementor-widget elementor-widget-text-editor\" data-id=\"39d279b\" data-element_type=\"widget\" data-e-type=\"widget\" data-widget_type=\"text-editor.default\">\n\t\t\t\t\t\t\t\t\t<p>28 f\u00e9vrier 2026\u00a0<\/p>\t\t\t\t\t\t\t\t<\/div>\n\t\t\t\t<div class=\"elementor-element elementor-element-0c05353 elementor-widget elementor-widget-text-editor\" data-id=\"0c05353\" data-element_type=\"widget\" data-e-type=\"widget\" data-widget_type=\"text-editor.default\">\n\t\t\t\t\t\t\t\t\t<p><a href=\"https:\/\/kenjee.ca\/fr\/faqs\/\"><strong>Investisseurs<\/strong><\/a><\/p>\t\t\t\t\t\t\t\t<\/div>\n\t\t\t\t<\/div>\n\t\t\t\t<\/div>\n\t\t<div class=\"elementor-element elementor-element-76079b3 e-con-full e-flex e-con e-child\" data-id=\"76079b3\" data-element_type=\"container\" data-e-type=\"container\">\n\t\t<div class=\"elementor-element elementor-element-698846b e-con-full e-flex e-con e-child\" data-id=\"698846b\" data-element_type=\"container\" data-e-type=\"container\">\n\t\t\t\t<div class=\"elementor-element elementor-element-bf99a38 elementor-widget elementor-widget-heading\" data-id=\"bf99a38\" data-element_type=\"widget\" data-e-type=\"widget\" data-widget_type=\"heading.default\">\n\t\t\t\t\t<h2 class=\"elementor-heading-title elementor-size-default\"><a href=\"https:\/\/kenjee.ca\/fr\/faqs-1\/\">FAQ Pour Emetteurs\/ fonds d\u2019investissement<\/a><\/h2>\t\t\t\t<\/div>\n\t\t\t\t<\/div>\n\t\t<div class=\"elementor-element elementor-element-02c1aea e-con-full e-flex e-con e-child\" data-id=\"02c1aea\" data-element_type=\"container\" data-e-type=\"container\">\n\t\t\t\t<div class=\"elementor-element elementor-element-7be4e19 elementor-widget elementor-widget-text-editor\" data-id=\"7be4e19\" data-element_type=\"widget\" data-e-type=\"widget\" data-widget_type=\"text-editor.default\">\n\t\t\t\t\t\t\t\t\t<p>28 f\u00e9vrier 2026\u00a0<\/p>\t\t\t\t\t\t\t\t<\/div>\n\t\t\t\t<div class=\"elementor-element elementor-element-debe594 elementor-widget elementor-widget-text-editor\" data-id=\"debe594\" data-element_type=\"widget\" data-e-type=\"widget\" data-widget_type=\"text-editor.default\">\n\t\t\t\t\t\t\t\t\t<p><a href=\"https:\/\/kenjee.ca\/fr\/faqs-1\/\"><strong>Emetteurs\/ fonds d\u2019investissement<\/strong><\/a><\/p>\t\t\t\t\t\t\t\t<\/div>\n\t\t\t\t<\/div>\n\t\t\t\t<\/div>\n\t\t\t\t<\/div>\n\t\t<div class=\"elementor-element elementor-element-ab4a313 e-con-full e-flex e-con e-child\" data-id=\"ab4a313\" data-element_type=\"container\" data-e-type=\"container\">\n\t\t\t\t<div class=\"elementor-element elementor-element-0d6488d elementor-widget elementor-widget-heading\" data-id=\"0d6488d\" data-element_type=\"widget\" data-e-type=\"widget\" data-widget_type=\"heading.default\">\n\t\t\t\t\t<h2 class=\"elementor-heading-title elementor-size-default\">Par sujet<\/h2>\t\t\t\t<\/div>\n\t\t\t\t<div class=\"elementor-element elementor-element-8a4786f elementor-widget elementor-widget-text-editor\" data-id=\"8a4786f\" data-element_type=\"widget\" data-e-type=\"widget\" data-widget_type=\"text-editor.default\">\n\t\t\t\t\t\t\t\t\t<p><a href=\"https:\/\/kenjee.ca\/fr\/faqs\/\">Pour Investisseurs<\/a><\/p>\t\t\t\t\t\t\t\t<\/div>\n\t\t\t\t<div class=\"elementor-element elementor-element-ca416fc elementor-widget elementor-widget-text-editor\" data-id=\"ca416fc\" data-element_type=\"widget\" data-e-type=\"widget\" data-widget_type=\"text-editor.default\">\n\t\t\t\t\t\t\t\t\t<p><a href=\"https:\/\/kenjee.ca\/fr\/faqs-1\/\">Pour Emetteurs\/ fonds d\u2019investissement<\/a><\/p>\t\t\t\t\t\t\t\t<\/div>\n\t\t\t\t<\/div>\n\t\t\t\t<\/div>\n\t\t<div class=\"elementor-element elementor-element-a595d34 e-con-full elementor-hidden-desktop elementor-hidden-tablet e-flex e-con e-parent\" data-id=\"a595d34\" data-element_type=\"container\" data-e-type=\"container\">\n\t\t<div class=\"elementor-element elementor-element-c6de3ea e-con-full e-flex e-con e-child\" data-id=\"c6de3ea\" data-element_type=\"container\" data-e-type=\"container\">\n\t\t\t\t<div class=\"elementor-element elementor-element-2f0af01 elementor-widget elementor-widget-heading\" data-id=\"2f0af01\" data-element_type=\"widget\" data-e-type=\"widget\" data-widget_type=\"heading.default\">\n\t\t\t\t\t<h2 class=\"elementor-heading-title elementor-size-default\">Quoi de neuf<\/h2>\t\t\t\t<\/div>\n\t\t<div class=\"elementor-element elementor-element-cd5804e e-con-full e-flex e-con e-child\" data-id=\"cd5804e\" data-element_type=\"container\" data-e-type=\"container\">\n\t\t<div class=\"elementor-element elementor-element-23ac8af e-con-full e-flex e-con e-child\" data-id=\"23ac8af\" data-element_type=\"container\" data-e-type=\"container\">\n\t\t\t\t<div class=\"elementor-element elementor-element-09e45ff elementor-widget elementor-widget-heading\" data-id=\"09e45ff\" data-element_type=\"widget\" data-e-type=\"widget\" data-widget_type=\"heading.default\">\n\t\t\t\t\t<h2 class=\"elementor-heading-title elementor-size-default\"><a href=\"https:\/\/kenjee.ca\/fr\/faqs\/\">Foire aux questions<\/a><\/h2>\t\t\t\t<\/div>\n\t\t\t\t<\/div>\n\t\t<div class=\"elementor-element elementor-element-6a05624 e-con-full e-flex e-con e-child\" data-id=\"6a05624\" data-element_type=\"container\" data-e-type=\"container\">\n\t\t\t\t<div class=\"elementor-element elementor-element-2c973c8 elementor-widget elementor-widget-text-editor\" data-id=\"2c973c8\" data-element_type=\"widget\" data-e-type=\"widget\" data-widget_type=\"text-editor.default\">\n\t\t\t\t\t\t\t\t\t<p>28 f\u00e9vrier 2026\u00a0<\/p>\t\t\t\t\t\t\t\t<\/div>\n\t\t\t\t<div class=\"elementor-element elementor-element-29da28c elementor-widget elementor-widget-text-editor\" data-id=\"29da28c\" data-element_type=\"widget\" data-e-type=\"widget\" data-widget_type=\"text-editor.default\">\n\t\t\t\t\t\t\t\t\t<p><a href=\"https:\/\/kenjee.ca\/fr\/faqs\/\"><strong>Investisseurs<\/strong><\/a><\/p>\t\t\t\t\t\t\t\t<\/div>\n\t\t\t\t<\/div>\n\t\t\t\t<\/div>\n\t\t<div class=\"elementor-element elementor-element-085f0c9 e-con-full e-flex e-con e-child\" data-id=\"085f0c9\" data-element_type=\"container\" data-e-type=\"container\">\n\t\t<div class=\"elementor-element elementor-element-943d443 e-con-full e-flex e-con e-child\" data-id=\"943d443\" data-element_type=\"container\" data-e-type=\"container\">\n\t\t\t\t<div class=\"elementor-element elementor-element-82edd9e elementor-widget elementor-widget-heading\" data-id=\"82edd9e\" data-element_type=\"widget\" data-e-type=\"widget\" data-widget_type=\"heading.default\">\n\t\t\t\t\t<h2 class=\"elementor-heading-title elementor-size-default\"><a href=\"https:\/\/kenjee.ca\/fr\/faqs-1\/\">FAQ Pour Emetteurs\/ fonds d\u2019investissement<\/a><\/h2>\t\t\t\t<\/div>\n\t\t\t\t<\/div>\n\t\t<div class=\"elementor-element elementor-element-c7797fa e-con-full e-flex e-con e-child\" data-id=\"c7797fa\" data-element_type=\"container\" data-e-type=\"container\">\n\t\t\t\t<div class=\"elementor-element elementor-element-97f4bab elementor-widget elementor-widget-text-editor\" data-id=\"97f4bab\" data-element_type=\"widget\" data-e-type=\"widget\" data-widget_type=\"text-editor.default\">\n\t\t\t\t\t\t\t\t\t<p>28 f\u00e9vrier 2026\u00a0<\/p>\t\t\t\t\t\t\t\t<\/div>\n\t\t\t\t<div class=\"elementor-element elementor-element-bdd4dc2 elementor-widget elementor-widget-text-editor\" data-id=\"bdd4dc2\" data-element_type=\"widget\" data-e-type=\"widget\" data-widget_type=\"text-editor.default\">\n\t\t\t\t\t\t\t\t\t<p><a href=\"https:\/\/kenjee.ca\/fr\/faqs-1\/\"><strong>Emetteurs\/ fonds d\u2019investissement<\/strong><\/a><\/p>\t\t\t\t\t\t\t\t<\/div>\n\t\t\t\t<\/div>\n\t\t\t\t<\/div>\n\t\t\t\t<\/div>\n\t\t<div class=\"elementor-element elementor-element-d1c9b8c e-con-full e-flex e-con e-child\" data-id=\"d1c9b8c\" data-element_type=\"container\" data-e-type=\"container\">\n\t\t\t\t<div class=\"elementor-element elementor-element-b628cf8 elementor-widget elementor-widget-heading\" data-id=\"b628cf8\" data-element_type=\"widget\" data-e-type=\"widget\" data-widget_type=\"heading.default\">\n\t\t\t\t\t<h2 class=\"elementor-heading-title elementor-size-default\">Par sujet<\/h2>\t\t\t\t<\/div>\n\t\t\t\t<div class=\"elementor-element elementor-element-0c03845 elementor-widget elementor-widget-text-editor\" data-id=\"0c03845\" data-element_type=\"widget\" data-e-type=\"widget\" data-widget_type=\"text-editor.default\">\n\t\t\t\t\t\t\t\t\t<p><a href=\"https:\/\/kenjee.ca\/fr\/faqs\/\">Pour Investisseurs<\/a><\/p>\t\t\t\t\t\t\t\t<\/div>\n\t\t\t\t<div class=\"elementor-element elementor-element-d56ce10 elementor-widget elementor-widget-text-editor\" data-id=\"d56ce10\" data-element_type=\"widget\" data-e-type=\"widget\" data-widget_type=\"text-editor.default\">\n\t\t\t\t\t\t\t\t\t<p><a href=\"https:\/\/kenjee.ca\/fr\/faqs-1\/\">Pour Emetteurs\/ fonds d\u2019investissement<\/a><\/p>\t\t\t\t\t\t\t\t<\/div>\n\t\t\t\t<\/div>\n\t\t\t\t<\/div>\n\t\t<div class=\"elementor-element elementor-element-34e8820 e-flex e-con-boxed e-con e-parent\" data-id=\"34e8820\" data-element_type=\"container\" data-e-type=\"container\">\n\t\t\t\t\t<div class=\"e-con-inner\">\n\t\t<div class=\"elementor-element elementor-element-32a80e0 e-con-full e-flex e-con e-child\" data-id=\"32a80e0\" data-element_type=\"container\" data-e-type=\"container\">\n\t\t\t\t<div class=\"elementor-element elementor-element-d302865 elementor-widget-divider--view-line elementor-widget elementor-widget-divider\" data-id=\"d302865\" data-element_type=\"widget\" data-e-type=\"widget\" data-widget_type=\"divider.default\">\n\t\t\t\t\t\t\t<div class=\"elementor-divider\">\n\t\t\t<span class=\"elementor-divider-separator\">\n\t\t\t\t\t\t<\/span>\n\t\t<\/div>\n\t\t\t\t\t\t<\/div>\n\t\t\t\t<\/div>\n\t\t<div class=\"elementor-element elementor-element-ab6f0b3 e-con-full e-flex e-con e-child\" data-id=\"ab6f0b3\" data-element_type=\"container\" data-e-type=\"container\">\n\t\t<div class=\"elementor-element elementor-element-41a4105 e-con-full e-flex e-con e-child\" data-id=\"41a4105\" data-element_type=\"container\" data-e-type=\"container\">\n\t\t\t\t<div class=\"elementor-element elementor-element-39bb14b elementor-widget elementor-widget-heading\" data-id=\"39bb14b\" data-element_type=\"widget\" data-e-type=\"widget\" data-widget_type=\"heading.default\">\n\t\t\t\t\t<h2 class=\"elementor-heading-title elementor-size-default\">Restez en contact avec les resources<\/h2>\t\t\t\t<\/div>\n\t\t\t\t<div class=\"elementor-element elementor-element-21fae51 elementor-widget elementor-widget-text-editor\" data-id=\"21fae51\" data-element_type=\"widget\" data-e-type=\"widget\" data-widget_type=\"text-editor.default\">\n\t\t\t\t\t\t\t\t\t<p>N'h\u00e9sitez pas \u00e0 contacter Kenjee Capital pour toute mise \u00e0 jour future sur divers sujets importants.<\/p>\t\t\t\t\t\t\t\t<\/div>\n\t\t\t\t<\/div>\n\t\t<div class=\"elementor-element elementor-element-e9aec36 e-con-full e-flex e-con e-child\" data-id=\"e9aec36\" data-element_type=\"container\" data-e-type=\"container\">\n\t\t\t\t<div class=\"elementor-element elementor-element-4157ffa elementor-align-center elementor-widget elementor-widget-button\" data-id=\"4157ffa\" data-element_type=\"widget\" data-e-type=\"widget\" data-widget_type=\"button.default\">\n\t\t\t\t\t\t\t\t\t\t<a class=\"elementor-button elementor-button-link elementor-size-sm\" href=\"https:\/\/kenjee.ca\/fr\/contact-us\/\">\n\t\t\t\t\t\t<span class=\"elementor-button-content-wrapper\">\n\t\t\t\t\t\t\t\t\t<span class=\"elementor-button-text\">Nous Joindre<\/span>\n\t\t\t\t\t<\/span>\n\t\t\t\t\t<\/a>\n\t\t\t\t\t\t\t\t<\/div>\n\t\t\t\t<\/div>\n\t\t\t\t<\/div>\n\t\t\t\t\t<\/div>\n\t\t\t\t<\/div>\n\t\t\t\t<\/div>","protected":false},"excerpt":{"rendered":"<p>What&#8217;s New Frequently Asked Questions February 28, 2026\u00a0 Investors FAQ For Issuers and Fund Managers February 28, 2026\u00a0 Issuers and Fund Managers By Topic For Investors For Issuers and Fund Managers What&#8217;s New Frequently Asked Questions February 28, 2026\u00a0 Investors FAQ For Issuers and Fund Managers February 28, 2026\u00a0 Issuers and Fund Managers By Topic [&hellip;]<\/p>\n","protected":false},"author":1,"featured_media":0,"parent":0,"menu_order":0,"comment_status":"closed","ping_status":"closed","template":"elementor_header_footer","meta":{"footnotes":""},"class_list":["post-8759","page","type-page","status-publish","hentry"],"_links":{"self":[{"href":"https:\/\/kenjee.ca\/fr\/wp-json\/wp\/v2\/pages\/8759","targetHints":{"allow":["GET"]}}],"collection":[{"href":"https:\/\/kenjee.ca\/fr\/wp-json\/wp\/v2\/pages"}],"about":[{"href":"https:\/\/kenjee.ca\/fr\/wp-json\/wp\/v2\/types\/page"}],"author":[{"embeddable":true,"href":"https:\/\/kenjee.ca\/fr\/wp-json\/wp\/v2\/users\/1"}],"replies":[{"embeddable":true,"href":"https:\/\/kenjee.ca\/fr\/wp-json\/wp\/v2\/comments?post=8759"}],"version-history":[{"count":5,"href":"https:\/\/kenjee.ca\/fr\/wp-json\/wp\/v2\/pages\/8759\/revisions"}],"predecessor-version":[{"id":9594,"href":"https:\/\/kenjee.ca\/fr\/wp-json\/wp\/v2\/pages\/8759\/revisions\/9594"}],"wp:attachment":[{"href":"https:\/\/kenjee.ca\/fr\/wp-json\/wp\/v2\/media?parent=8759"}],"curies":[{"name":"wp","href":"https:\/\/api.w.org\/{rel}","templated":true}]}}