{"id":8388,"date":"2026-02-24T20:17:11","date_gmt":"2026-02-24T20:17:11","guid":{"rendered":"https:\/\/kenjee.ca\/?page_id=8388"},"modified":"2026-03-20T02:19:34","modified_gmt":"2026-03-20T02:19:34","slug":"about-ceo","status":"publish","type":"page","link":"https:\/\/kenjee.ca\/fr\/about-ceo\/","title":{"rendered":"Notre \u00e9quipe"},"content":{"rendered":"<div data-elementor-type=\"wp-post\" data-elementor-id=\"8388\" class=\"elementor elementor-8388\">\n\t\t\t\t<div class=\"elementor-element elementor-element-6da5df2 e-con-full e-flex e-con e-parent\" data-id=\"6da5df2\" data-element_type=\"container\" data-e-type=\"container\" data-settings=\"{&quot;background_background&quot;:&quot;classic&quot;}\">\n\t\t<div class=\"elementor-element elementor-element-5429c34 e-con-full e-flex e-con e-child\" data-id=\"5429c34\" data-element_type=\"container\" data-e-type=\"container\">\n\t\t\t\t<div class=\"elementor-element elementor-element-97ccfc3 elementor-widget__width-initial elementor-widget elementor-widget-image\" data-id=\"97ccfc3\" data-element_type=\"widget\" data-e-type=\"widget\" data-widget_type=\"image.default\">\n\t\t\t\t\t\t\t\t\t\t\t\t\t\t\t<img decoding=\"async\" width=\"150\" height=\"150\" src=\"https:\/\/kenjee.ca\/wp-content\/uploads\/2026\/02\/CGE_Portrait.jpg-150x150.jpeg\" class=\"attachment-thumbnail size-thumbnail wp-image-7625\" alt=\"\" srcset=\"https:\/\/kenjee.ca\/wp-content\/uploads\/2026\/02\/CGE_Portrait.jpg-150x150.jpeg 150w, https:\/\/kenjee.ca\/wp-content\/uploads\/2026\/02\/CGE_Portrait.jpg-300x300.jpeg 300w, https:\/\/kenjee.ca\/wp-content\/uploads\/2026\/02\/CGE_Portrait.jpg-1024x1024.jpeg 1024w, https:\/\/kenjee.ca\/wp-content\/uploads\/2026\/02\/CGE_Portrait.jpg-768x768.jpeg 768w, https:\/\/kenjee.ca\/wp-content\/uploads\/2026\/02\/CGE_Portrait.jpg-1536x1536.jpeg 1536w, https:\/\/kenjee.ca\/wp-content\/uploads\/2026\/02\/CGE_Portrait.jpg-600x600.jpeg 600w, https:\/\/kenjee.ca\/wp-content\/uploads\/2026\/02\/CGE_Portrait.jpg.jpeg 1791w\" sizes=\"(max-width: 150px) 100vw, 150px\" \/>\t\t\t\t\t\t\t\t\t\t\t\t\t\t\t<\/div>\n\t\t\t\t<div class=\"elementor-element elementor-element-e163afe elementor-widget elementor-widget-text-editor\" data-id=\"e163afe\" data-element_type=\"widget\" data-e-type=\"widget\" data-widget_type=\"text-editor.default\">\n\t\t\t\t\t\t\t\t\t<p><b>Aubin Tcheussa&#8217;a Kenn\u00e9, CIM, CSM<\/b><\/p><p><b>Fondateur et chef de la conformit\u00e9<\/b><\/p><p><b>\u00a0<\/b><\/p><p>Aubin est un dirigeant sp\u00e9cialis\u00e9 dans l'investissement, la conformit\u00e9 et les technologies financi\u00e8res (Fintech), fort d'une exp\u00e9rience de plus de dix ans au sein de soci\u00e9t\u00e9s d'investissement r\u00e9glement\u00e9es, de march\u00e9s de capitaux priv\u00e9s et de plateformes financi\u00e8res num\u00e9riques. Il est le fondateur et directeur de la conformit\u00e9 de Kenjee Capital Inc., o\u00f9 il pilote la strat\u00e9gie, la supervision r\u00e9glementaire et les activit\u00e9s de distribution sur les march\u00e9s priv\u00e9s.<\/p><p>\u00a0<\/p><p>Aubin est titulaire des titres de Gestionnaire de placements agr\u00e9\u00e9 (CIM\u00ae) et de Ma\u00eetre Scrum certifi\u00e9 (CSM\u00ae), d'une ma\u00eetrise en finance de l'Antwerp Management School et d'une ma\u00eetrise en \u00e9conomie appliqu\u00e9e (administration des affaires) de l'Universit\u00e9 d'Anvers. Il a \u00e9t\u00e9 reconnu par CFA Montr\u00e9al et RBC Gestion mondiale d'actifs pour sa rigueur analytique, son engagement professionnel et son leadership au sein de la communaut\u00e9 des investisseurs.<\/p><p>\u00a0<\/p><p>\"Le v\u00e9ritable succ\u00e8s se mesure au nombre de personnes que vous \u00e9levez.\" Robert F. Smith<\/p>\t\t\t\t\t\t\t\t<\/div>\n\t\t\t\t<\/div>\n\t\t<div class=\"elementor-element elementor-element-2f8b639 e-con-full e-flex e-con e-child\" data-id=\"2f8b639\" data-element_type=\"container\" data-e-type=\"container\">\n\t\t\t\t<div class=\"elementor-element elementor-element-00ba00d elementor-widget elementor-widget-shortcode\" data-id=\"00ba00d\" data-element_type=\"widget\" data-e-type=\"widget\" data-widget_type=\"shortcode.default\">\n\t\t\t\t\t\t\t<div class=\"elementor-shortcode\">\n<div class=\"wpcf7 no-js\" id=\"wpcf7-f1979-o1\" lang=\"en-US\" dir=\"ltr\" data-wpcf7-id=\"1979\">\n<div class=\"screen-reader-response\"><p role=\"status\" aria-live=\"polite\" aria-atomic=\"true\"><\/p> <ul><\/ul><\/div>\n<form action=\"\/fr\/wp-json\/wp\/v2\/pages\/8388#wpcf7-f1979-o1\" method=\"post\" class=\"wpcf7-form init\" aria-label=\"Contact form\" novalidate=\"novalidate\" data-status=\"init\" data-trp-original-action=\"\/fr\/wp-json\/wp\/v2\/pages\/8388#wpcf7-f1979-o1\">\n<fieldset class=\"hidden-fields-container\"><input type=\"hidden\" name=\"_wpcf7\" value=\"1979\" \/><input type=\"hidden\" name=\"_wpcf7_version\" value=\"6.1.5\" \/><input type=\"hidden\" name=\"_wpcf7_locale\" value=\"en_US\" \/><input type=\"hidden\" name=\"_wpcf7_unit_tag\" value=\"wpcf7-f1979-o1\" \/><input type=\"hidden\" name=\"_wpcf7_container_post\" value=\"0\" \/><input type=\"hidden\" name=\"_wpcf7_posted_data_hash\" value=\"\" \/>\n<\/fieldset>\n<div class=\"gdlr-core-input-wrap gdlr-core-large gdlr-core-full-width gdlr-core-with-column gdlr-core-no-border\" >\n\t<div class=\"gdlr-core-column-60\">\n\t\t<p><span class=\"wpcf7-form-control-wrap\" data-name=\"your-name\"><input size=\"40\" maxlength=\"400\" class=\"wpcf7-form-control wpcf7-text wpcf7-validates-as-required\" aria-required=\"true\" aria-invalid=\"false\" placeholder=\"Nom et pr\u00e9nom*\" value=\"\" type=\"text\" name=\"your-name\" \/><\/span>\n\t\t<\/p>\n\t<\/div>\n\t<div class=\"clear\">\n\t<\/div>\n\t<div class=\"gdlr-core-column-60\">\n\t\t<p><span class=\"wpcf7-form-control-wrap\" data-name=\"your-email\"><input size=\"40\" maxlength=\"400\" class=\"wpcf7-form-control wpcf7-email wpcf7-validates-as-required wpcf7-text wpcf7-validates-as-email\" aria-required=\"true\" aria-invalid=\"false\" placeholder=\"Courriel*\" value=\"\" type=\"email\" name=\"your-email\" \/><\/span>\n\t\t<\/p>\n\t<\/div>\n\t<div class=\"clear\">\n\t<\/div>\n\t<div class=\"gdlr-core-column-60\">\n\t\t<p><span class=\"wpcf7-form-control-wrap\" data-name=\"your-subject\"><input size=\"40\" maxlength=\"400\" class=\"wpcf7-form-control wpcf7-text wpcf7-validates-as-required\" aria-required=\"true\" aria-invalid=\"false\" placeholder=\"Sujet*\" value=\"\" type=\"text\" name=\"your-subject\" \/><\/span>\n\t\t<\/p>\n\t<\/div>\n\t<div class=\"clear\">\n\t<\/div>\n\t<div class=\"gdlr-core-column-60\">\n\t\t<p><span class=\"wpcf7-form-control-wrap\" data-name=\"your-message\"><textarea cols=\"40\" rows=\"10\" maxlength=\"2000\" class=\"wpcf7-form-control wpcf7-textarea wpcf7-validates-as-required\" aria-required=\"true\" aria-invalid=\"false\" placeholder=\"Message*\" name=\"your-message\"><\/textarea><\/span>\n\t\t<\/p>\n\t<\/div>\n\t<div class=\"gdlr-core-column-60 gdlr-core-left-align\">\n\t\t<p><input class=\"wpcf7-form-control wpcf7-submit has-spinner gdlr-core-full\" type=\"submit\" value=\"Soumettre\" \/>\n\t\t<\/p>\n\t<\/div>\n<\/div><div class=\"wpcf7-response-output\" aria-hidden=\"true\"><\/div>\n<input type=\"hidden\" name=\"trp-form-language\" value=\"fr\"\/><\/form>\n<\/div>\n<\/div>\n\t\t\t\t\t\t<\/div>\n\t\t\t\t<\/div>\n\t\t\t\t<\/div>\n\t\t\t\t<\/div>","protected":false},"excerpt":{"rendered":"<p>Aubin Tcheussa&#8217;a Kenn\u00e9, CIM, CSM Founder &amp; Chief Compliance Officer \u00a0 Aubin is an investment, compliance, and fintech executive with over a decade of experience working across regulated investment firms, private capital markets, and technology-enabled financial platforms. Aubin is the Founder and Chief Compliance Officer of Kenjee Capital Inc., where he leads the firm\u2019s strategy, [&hellip;]<\/p>\n","protected":false},"author":1,"featured_media":0,"parent":0,"menu_order":0,"comment_status":"closed","ping_status":"closed","template":"elementor_header_footer","meta":{"footnotes":""},"class_list":["post-8388","page","type-page","status-publish","hentry"],"_links":{"self":[{"href":"https:\/\/kenjee.ca\/fr\/wp-json\/wp\/v2\/pages\/8388","targetHints":{"allow":["GET"]}}],"collection":[{"href":"https:\/\/kenjee.ca\/fr\/wp-json\/wp\/v2\/pages"}],"about":[{"href":"https:\/\/kenjee.ca\/fr\/wp-json\/wp\/v2\/types\/page"}],"author":[{"embeddable":true,"href":"https:\/\/kenjee.ca\/fr\/wp-json\/wp\/v2\/users\/1"}],"replies":[{"embeddable":true,"href":"https:\/\/kenjee.ca\/fr\/wp-json\/wp\/v2\/comments?post=8388"}],"version-history":[{"count":6,"href":"https:\/\/kenjee.ca\/fr\/wp-json\/wp\/v2\/pages\/8388\/revisions"}],"predecessor-version":[{"id":9577,"href":"https:\/\/kenjee.ca\/fr\/wp-json\/wp\/v2\/pages\/8388\/revisions\/9577"}],"wp:attachment":[{"href":"https:\/\/kenjee.ca\/fr\/wp-json\/wp\/v2\/media?parent=8388"}],"curies":[{"name":"wp","href":"https:\/\/api.w.org\/{rel}","templated":true}]}}