{"id":8108,"date":"2026-02-22T16:10:31","date_gmt":"2026-02-22T16:10:31","guid":{"rendered":"https:\/\/kenjee.ca\/?page_id=8108"},"modified":"2026-02-22T17:00:20","modified_gmt":"2026-02-22T17:00:20","slug":"who-we-serve","status":"publish","type":"page","link":"https:\/\/kenjee.ca\/fr\/who-we-serve\/","title":{"rendered":"Nos clients"},"content":{"rendered":"<div data-elementor-type=\"wp-post\" data-elementor-id=\"8108\" class=\"elementor elementor-8108\">\n\t\t\t\t<div class=\"elementor-element elementor-element-3208ed54 e-con-full e-flex e-con e-parent\" data-id=\"3208ed54\" data-element_type=\"container\" data-e-type=\"container\">\n\t\t\t\t<div class=\"elementor-element elementor-element-125e17c0 elementor-widget elementor-widget-heading\" data-id=\"125e17c0\" data-element_type=\"widget\" data-e-type=\"widget\" data-widget_type=\"heading.default\">\n\t\t\t\t\t<h2 class=\"elementor-heading-title elementor-size-default\">Who We Serve At Kenjee Capital\n<\/h2>\t\t\t\t<\/div>\n\t\t\t\t<div class=\"elementor-element elementor-element-3226109f elementor-widget elementor-widget-text-editor\" data-id=\"3226109f\" data-element_type=\"widget\" data-e-type=\"widget\" data-widget_type=\"text-editor.default\">\n\t\t\t\t\t\t\t\t\tKenjee Capital serves investors seeking access to\u00a0<strong>prospectus-exempt investment opportunities<\/strong> and who understand the risks, limitations, and responsibilities associated with private market investing. Our client base reflects a diversity of backgrounds, experience levels, and investment objectives, unified by a desire to participate thoughtfully and responsibly in private capital markets\t\t\t\t\t\t\t\t<\/div>\n\t\t\t\t<div class=\"elementor-element elementor-element-2e7a5ef elementor-widget elementor-widget-heading\" data-id=\"2e7a5ef\" data-element_type=\"widget\" data-e-type=\"widget\" id=\"investors\" data-widget_type=\"heading.default\">\n\t\t\t\t\t<h3 class=\"elementor-heading-title elementor-size-default\">Investisseurs qualifi\u00e9s\n<\/h3>\t\t\t\t<\/div>\n\t\t\t\t<div class=\"elementor-element elementor-element-7b19ac3 elementor-widget elementor-widget-text-editor\" data-id=\"7b19ac3\" data-element_type=\"widget\" data-e-type=\"widget\" data-widget_type=\"text-editor.default\">\n\t\t\t\t\t\t\t\t\tKenjee works with\u00a0<strong>accredited investors<\/strong>, including individuals, family offices, and entities that meet the financial or professional criteria prescribed under applicable securities laws.\n\nThese investors typically:\n<ul>\n \t<li>une exposition aux investissements priv\u00e9s et alternatifs<\/li>\n \t<li>des opportunit\u00e9s structur\u00e9es et rigoureusement analys\u00e9es<\/li>\n \t<li>une diversification au-del\u00e0 des march\u00e9s publics<\/li>\n \t<li>are comfortable making\u00a0<strong>self-directed investment decisions<\/strong>\u00a0based on offering documents and independent advice.<\/li>\n<\/ul>\t\t\t\t\t\t\t\t<\/div>\n\t\t\t\t<div class=\"elementor-element elementor-element-009678b elementor-widget elementor-widget-heading\" data-id=\"009678b\" data-element_type=\"widget\" data-e-type=\"widget\" data-widget_type=\"heading.default\">\n\t\t\t\t\t<h3 class=\"elementor-heading-title elementor-size-default\">Investisseurs \u00e9mergents<\/h3>\t\t\t\t<\/div>\n\t\t\t\t<div class=\"elementor-element elementor-element-90c6b53 elementor-widget elementor-widget-text-editor\" data-id=\"90c6b53\" data-element_type=\"widget\" data-e-type=\"widget\" data-widget_type=\"text-editor.default\">\n\t\t\t\t\t\t\t\t\t<p>Kenjee Capital s\u2019engage \u00e0 \u00e9largir l\u2019acc\u00e8s aux march\u00e9s priv\u00e9s pour des investisseurs et des communaut\u00e9s qui n\u2019ont pas toujours b\u00e9n\u00e9fici\u00e9 d\u2019un acc\u00e8s direct \u00e0 ces march\u00e9s.<\/p><p>Gr\u00e2ce \u00e0 l\u2019\u00e9ducation financi\u00e8re, \u00e0 des explications claires et \u00e0 une approche structur\u00e9e, nous favorisons une participation \u00e9clair\u00e9e et disciplin\u00e9e.<\/p><p>Pour nous, l\u2019inclusion signifie \u00e9largir l\u2019acc\u00e8s tout en maintenant les plus hauts standards de conformit\u00e9 et de rigueur.<\/p>\t\t\t\t\t\t\t\t<\/div>\n\t\t\t\t<div class=\"elementor-element elementor-element-968b9ed elementor-widget elementor-widget-heading\" data-id=\"968b9ed\" data-element_type=\"widget\" data-e-type=\"widget\" data-widget_type=\"heading.default\">\n\t\t\t\t\t<h3 class=\"elementor-heading-title elementor-size-default\">Investisseurs internationaux\n<\/h3>\t\t\t\t<\/div>\n\t\t\t\t<div class=\"elementor-element elementor-element-9954479 elementor-widget elementor-widget-text-editor\" data-id=\"9954479\" data-element_type=\"widget\" data-e-type=\"widget\" data-widget_type=\"text-editor.default\">\n\t\t\t\t\t\t\t\t\t<p><br \/>Subject to applicable securities laws and regulatory requirements, Kenjee may serve <strong>international investors<\/strong>\u00a0seeking exposure to Canadian private market opportunities, or Canadian Issuers participating in global private offerings.<\/p><p>Ces relations sont g\u00e9r\u00e9es avec une attention particuli\u00e8re port\u00e9e \u00e0:<\/p><ul><li>la conformit\u00e9<\/li><li>la divulgation<\/li><li>aux consid\u00e9rations r\u00e9glementaires transfrontali\u00e8res<\/li><\/ul><p>normes documentaires<\/p>\t\t\t\t\t\t\t\t<\/div>\n\t\t\t\t<\/div>\n\t\t<div class=\"elementor-element elementor-element-388eafd4 e-con-full e-flex e-con e-parent\" data-id=\"388eafd4\" data-element_type=\"container\" data-e-type=\"container\">\n\t\t\t\t<div class=\"elementor-element elementor-element-2bf062f1 elementor-widget elementor-widget-heading\" data-id=\"2bf062f1\" data-element_type=\"widget\" data-e-type=\"widget\" id=\"issuers\" data-widget_type=\"heading.default\">\n\t\t\t\t\t<h2 class=\"elementor-heading-title elementor-size-default\">Issuer, Company, and Fund Manager Profiles We Serve<\/h2>\t\t\t\t<\/div>\n\t\t\t\t<div class=\"elementor-element elementor-element-c481182 elementor-widget elementor-widget-text-editor\" data-id=\"c481182\" data-element_type=\"widget\" data-e-type=\"widget\" data-widget_type=\"text-editor.default\">\n\t\t\t\t\t\t\t\t\t<p>Kenjee Capital works with\u00a0<strong>issuers, companies, and fund managers<\/strong>\u00a0seeking to raise capital in the\u00a0<strong>prospectus-exempt market<\/strong>\u00a0and who value disciplined execution, transparent disclosure, and responsible investor engagement.<\/p><p>Our focus is on partners who understand that\u00a0<strong>access to capital and investor protection move together<\/strong>.<\/p>\t\t\t\t\t\t\t\t<\/div>\n\t\t\t\t<div class=\"elementor-element elementor-element-39fe558 elementor-widget elementor-widget-heading\" data-id=\"39fe558\" data-element_type=\"widget\" data-e-type=\"widget\" data-widget_type=\"heading.default\">\n\t\t\t\t\t<h2 class=\"elementor-heading-title elementor-size-default\">Entreprises priv\u00e9es en croissance\n<\/h2>\t\t\t\t<\/div>\n\t\t\t\t<div class=\"elementor-element elementor-element-2551db9 elementor-widget elementor-widget-text-editor\" data-id=\"2551db9\" data-element_type=\"widget\" data-e-type=\"widget\" data-widget_type=\"text-editor.default\">\n\t\t\t\t\t\t\t\t\t<p>Kenjee supports\u00a0<strong>early-stage, growth-stage, and mature private companies<\/strong>\u00a0seeking to raise capital to fund expansion, operations, or strategic initiatives.<\/p><p>Ces entreprises:<\/p><ul><li>\u00e9voluent dans des secteurs \u00e9tablis ou \u00e9mergents<\/li><li>recherchent un acc\u00e8s structur\u00e9 au capital priv\u00e9<\/li><li>respectent des standards \u00e9lev\u00e9s de gouvernance et de divulgation<\/li><li>recherchent un processus de distribution structur\u00e9 et conforme.<\/li><\/ul><p>Kenjee works with issuers that view capital raising as a\u00a0<strong>long-term relationship with investors<\/strong>, not a one-time transaction.<\/p>\t\t\t\t\t\t\t\t<\/div>\n\t\t\t\t<div class=\"elementor-element elementor-element-6e5f14b elementor-widget elementor-widget-heading\" data-id=\"6e5f14b\" data-element_type=\"widget\" data-e-type=\"widget\" data-widget_type=\"heading.default\">\n\t\t\t\t\t<h2 class=\"elementor-heading-title elementor-size-default\">Actifs r\u00e9els et investissements alternatifs\n<\/h2>\t\t\t\t<\/div>\n\t\t\t\t<div class=\"elementor-element elementor-element-648c61c elementor-widget elementor-widget-text-editor\" data-id=\"648c61c\" data-element_type=\"widget\" data-e-type=\"widget\" data-widget_type=\"text-editor.default\">\n\t\t\t\t\t\t\t\t\t<p>Kenjee serves issuers active in\u00a0<strong>real assets and alternative investments<\/strong>, including (without limitation):<\/p><ul><li>immobilier et structures li\u00e9es \u00e0 l\u2019immobilier<\/li><li>cr\u00e9dit priv\u00e9 et financement sp\u00e9cialis\u00e9<\/li><li>strat\u00e9gies adoss\u00e9es \u00e0 des actifs ou \u00e0 des infrastructures<\/li><\/ul><p>Ces \u00e9metteurs s'appuient souvent sur des exemptions de prospectus pour acc\u00e9der \u00e0 des capitaux priv\u00e9s et b\u00e9n\u00e9ficient de l'approche rigoureuse de Kenjee en mati\u00e8re de divulgation et de communication avec les investisseurs.<\/p>\t\t\t\t\t\t\t\t<\/div>\n\t\t\t\t<div class=\"elementor-element elementor-element-5769110 elementor-widget elementor-widget-heading\" data-id=\"5769110\" data-element_type=\"widget\" data-e-type=\"widget\" data-widget_type=\"heading.default\">\n\t\t\t\t\t<h2 class=\"elementor-heading-title elementor-size-default\">Fonds priv\u00e9s et v\u00e9hicules d\u2019investissement\n<\/h2>\t\t\t\t<\/div>\n\t\t\t\t<div class=\"elementor-element elementor-element-c88d39f elementor-widget elementor-widget-text-editor\" data-id=\"c88d39f\" data-element_type=\"widget\" data-e-type=\"widget\" data-widget_type=\"text-editor.default\">\n\t\t\t\t\t\t\t\t\t<p>Kenjee works with\u00a0<strong>private funds, pooled investment vehicles, and fund managers<\/strong>\u00a0distributing securities under prospectus exemptions.<\/p><p>Ces gestionnaires de fonds :<\/p><ul><li>op\u00e8rent selon des mandats d\u2019investissement d\u00e9finis,<\/li><li>requi\u00e8rent un soutien structur\u00e9 \u00e0 la distribution,<\/li><li>n\u00e9cessitent un support de distribution structur\u00e9<\/li><li>comprennent l\u2019importance des exigences r\u00e9glementaires et des m\u00e9canismes de convenance.<\/li><\/ul><p>Kenjee does not act as an investment adviser or portfolio manager and does not manage fund assets. Our role is limited to\u00a0<strong>distribution and regulatory facilitation<\/strong>.<\/p>\t\t\t\t\t\t\t\t<\/div>\n\t\t\t\t<div class=\"elementor-element elementor-element-b93fae2 elementor-widget elementor-widget-heading\" data-id=\"b93fae2\" data-element_type=\"widget\" data-e-type=\"widget\" data-widget_type=\"heading.default\">\n\t\t\t\t\t<h2 class=\"elementor-heading-title elementor-size-default\">Entrepreneurs \u00e9mergents\n<\/h2>\t\t\t\t<\/div>\n\t\t\t\t<div class=\"elementor-element elementor-element-e6f6e94 elementor-widget elementor-widget-text-editor\" data-id=\"e6f6e94\" data-element_type=\"widget\" data-e-type=\"widget\" data-widget_type=\"text-editor.default\">\n\t\t\t\t\t\t\t\t\t<p>Consistent with its mission, Kenjee intentionally engages\u00a0<strong>underrepresented entrepreneurs and emerging issuers<\/strong>\u00a0who may face structural barriers to accessing private capital markets.<\/p><p>Pour ces \u00e9metteurs, Kenjee met l\u2019accent sur :<\/p><ul><li>la pr\u00e9paration \u00e0 la lev\u00e9e de capitaux,<\/li><li>la qualit\u00e9 et la clart\u00e9 de l\u2019information divulgu\u00e9e,<\/li><li>l\u2019alignement avec des profils d\u2019investisseurs appropri\u00e9s,<\/li><li>un rythme et une \u00e9chelle de financement responsables.<\/li><\/ul><p>Chez Kenjee, l\u2019inclusion signifie \u00e9largir l\u2019acc\u00e8s aux march\u00e9s priv\u00e9s tout en pr\u00e9servant la rigueur et la discipline n\u00e9cessaires \u00e0 la protection des investisseurs et \u00e0 l\u2019int\u00e9grit\u00e9 des march\u00e9s.<\/p>\t\t\t\t\t\t\t\t<\/div>\n\t\t\t\t<div class=\"elementor-element elementor-element-6a2e66b elementor-widget elementor-widget-heading\" data-id=\"6a2e66b\" data-element_type=\"widget\" data-e-type=\"widget\" data-widget_type=\"heading.default\">\n\t\t\t\t\t<h2 class=\"elementor-heading-title elementor-size-default\">Global Issuers (Where Permitted)\n<\/h2>\t\t\t\t<\/div>\n\t\t\t\t<div class=\"elementor-element elementor-element-a51644e elementor-widget elementor-widget-text-editor\" data-id=\"a51644e\" data-element_type=\"widget\" data-e-type=\"widget\" data-widget_type=\"text-editor.default\">\n\t\t\t\t\t\t\t\t\t<p>Subject to applicable securities laws, Kenjee may work with\u00a0<strong>international issuers and global fund managers<\/strong>\u00a0seeking access to Canadian investors.<\/p><p>Ces mandats sont men\u00e9s avec une attention particuli\u00e8re \u00e0:<\/p><ul><li>la conformit\u00e9 r\u00e9glementaire<\/li><li>la structure des offres<\/li><li>la divulgation<\/li><li>la coordination transfrontali\u00e8re<\/li><\/ul><p>Kenjee privil\u00e9gie la clart\u00e9, la conformit\u00e9 et la compr\u00e9hension des investisseurs dans toutes ses offres transfrontali\u00e8res.<\/p>\t\t\t\t\t\t\t\t<\/div>\n\t\t\t\t<\/div>\n\t\t<div class=\"elementor-element elementor-element-2f2293df e-con-full e-flex e-con e-parent\" data-id=\"2f2293df\" data-element_type=\"container\" data-e-type=\"container\">\n\t\t\t\t<div class=\"elementor-element elementor-element-61a86827 elementor-widget elementor-widget-heading\" data-id=\"61a86827\" data-element_type=\"widget\" data-e-type=\"widget\" id=\"dealers\" data-widget_type=\"heading.default\">\n\t\t\t\t\t<h2 class=\"elementor-heading-title elementor-size-default\">Investisseurs qualifi\u00e9s\n<\/h2>\t\t\t\t<\/div>\n\t\t\t\t<div class=\"elementor-element elementor-element-8f1fb77 elementor-widget elementor-widget-text-editor\" data-id=\"8f1fb77\" data-element_type=\"widget\" data-e-type=\"widget\" data-widget_type=\"text-editor.default\">\n\t\t\t\t\t\t\t\t\t<p>Kenjee works with\u00a0<strong>accredited investors<\/strong>, including individuals, family offices, and entities that meet the financial or professional criteria prescribed under applicable securities laws.<\/p><p>Ces investisseurs recherchent g\u00e9n\u00e9ralement :<\/p><ul><li>une exposition aux investissements priv\u00e9s et alternatifs<\/li><li>des opportunit\u00e9s structur\u00e9es et rigoureusement analys\u00e9es<\/li><li>une diversification au-del\u00e0 des march\u00e9s publics<\/li><li>are comfortable making\u00a0<strong>self-directed investment decisions<\/strong>\u00a0based on offering documents and independent advice.<\/li><\/ul>\t\t\t\t\t\t\t\t<\/div>\n\t\t\t\t<div class=\"elementor-element elementor-element-26a97bc elementor-widget elementor-widget-heading\" data-id=\"26a97bc\" data-element_type=\"widget\" data-e-type=\"widget\" data-widget_type=\"heading.default\">\n\t\t\t\t\t<h2 class=\"elementor-heading-title elementor-size-default\">Investisseurs \u00e9mergents\n<\/h2>\t\t\t\t<\/div>\n\t\t\t\t<div class=\"elementor-element elementor-element-439be4fa elementor-widget elementor-widget-text-editor\" data-id=\"439be4fa\" data-element_type=\"widget\" data-e-type=\"widget\" data-widget_type=\"text-editor.default\">\n\t\t\t\t\t\t\t\t\t<p>Kenjee Capital s\u2019engage \u00e0 \u00e9largir l\u2019acc\u00e8s aux march\u00e9s priv\u00e9s pour des investisseurs et des communaut\u00e9s qui n\u2019ont pas toujours b\u00e9n\u00e9fici\u00e9 d\u2019un acc\u00e8s direct \u00e0 ces march\u00e9s.<\/p><p>Gr\u00e2ce \u00e0 l\u2019\u00e9ducation financi\u00e8re, \u00e0 des explications claires et \u00e0 une approche structur\u00e9e, nous favorisons une participation \u00e9clair\u00e9e et disciplin\u00e9e.<\/p><p>Pour nous, l\u2019inclusion signifie \u00e9largir l\u2019acc\u00e8s tout en maintenant les plus hauts standards de conformit\u00e9 et de rigueur.<\/p>\t\t\t\t\t\t\t\t<\/div>\n\t\t\t\t<div class=\"elementor-element elementor-element-66e4683 elementor-widget elementor-widget-heading\" data-id=\"66e4683\" data-element_type=\"widget\" data-e-type=\"widget\" data-widget_type=\"heading.default\">\n\t\t\t\t\t<h2 class=\"elementor-heading-title elementor-size-default\">Investisseurs internationaux\n<\/h2>\t\t\t\t<\/div>\n\t\t\t\t<div class=\"elementor-element elementor-element-0a90a71 elementor-widget elementor-widget-text-editor\" data-id=\"0a90a71\" data-element_type=\"widget\" data-e-type=\"widget\" data-widget_type=\"text-editor.default\">\n\t\t\t\t\t\t\t\t\t<p>Subject to applicable securities laws and regulatory requirements, Kenjee may serve\u00a0<strong>international investors<\/strong>\u00a0seeking exposure to Canadian private market opportunities, or Canadian Issuers participating in global private offerings.<\/p><p>Ces relations sont g\u00e9r\u00e9es avec une attention particuli\u00e8re port\u00e9e \u00e0:<\/p><ul><li>la conformit\u00e9<\/li><li>la divulgation<\/li><li>aux consid\u00e9rations r\u00e9glementaires transfrontali\u00e8res<\/li><\/ul><p>normes documentaires<\/p>\t\t\t\t\t\t\t\t<\/div>\n\t\t\t\t<\/div>\n\t\t<div class=\"elementor-element elementor-element-22bf3de8 e-con-full e-flex e-con e-parent\" data-id=\"22bf3de8\" data-element_type=\"container\" data-e-type=\"container\">\n\t\t\t\t<div class=\"elementor-element elementor-element-5e09815a elementor-widget elementor-widget-html\" data-id=\"5e09815a\" data-element_type=\"widget\" data-e-type=\"widget\" data-widget_type=\"html.default\">\n\t\t\t\t\t<div class=\"button-wrapper\">\r\n    <a href=\"https:\/\/kenjee.ca\/fr\/who-we-serve\/#investors\" class=\"custom-btn\">\u2192  Investisseurs<\/a>\r\n    <a href=\"https:\/\/kenjee.ca\/fr\/who-we-serve\/#issuers\" class=\"custom-btn\">\u2192 Emetteurs\/ fonds d\u2019investissement<\/a>\r\n    <a href=\"https:\/\/kenjee.ca\/fr\/who-we-serve\/#dealers\" class=\"custom-btn\">\u2192 Courtiers<\/a>\r\n<\/div>\r\n\t\t\t\t<\/div>\n\t\t\t\t<\/div>\n\t\t\t\t<\/div>","protected":false},"excerpt":{"rendered":"<p>Who We Serve At Kenjee Capital Kenjee Capital serves investors seeking access to\u00a0prospectus-exempt investment opportunities and who understand the risks, limitations, and responsibilities associated with private market investing. Our client base reflects a diversity of backgrounds, experience levels, and investment objectives, unified by a desire to participate thoughtfully and responsibly in private capital markets Accredited [&hellip;]<\/p>\n","protected":false},"author":1,"featured_media":0,"parent":0,"menu_order":0,"comment_status":"closed","ping_status":"closed","template":"","meta":{"footnotes":""},"class_list":["post-8108","page","type-page","status-publish","hentry"],"_links":{"self":[{"href":"https:\/\/kenjee.ca\/fr\/wp-json\/wp\/v2\/pages\/8108","targetHints":{"allow":["GET"]}}],"collection":[{"href":"https:\/\/kenjee.ca\/fr\/wp-json\/wp\/v2\/pages"}],"about":[{"href":"https:\/\/kenjee.ca\/fr\/wp-json\/wp\/v2\/types\/page"}],"author":[{"embeddable":true,"href":"https:\/\/kenjee.ca\/fr\/wp-json\/wp\/v2\/users\/1"}],"replies":[{"embeddable":true,"href":"https:\/\/kenjee.ca\/fr\/wp-json\/wp\/v2\/comments?post=8108"}],"version-history":[{"count":5,"href":"https:\/\/kenjee.ca\/fr\/wp-json\/wp\/v2\/pages\/8108\/revisions"}],"predecessor-version":[{"id":8158,"href":"https:\/\/kenjee.ca\/fr\/wp-json\/wp\/v2\/pages\/8108\/revisions\/8158"}],"wp:attachment":[{"href":"https:\/\/kenjee.ca\/fr\/wp-json\/wp\/v2\/media?parent=8108"}],"curies":[{"name":"wp","href":"https:\/\/api.w.org\/{rel}","templated":true}]}}