{"id":7569,"date":"2026-02-09T15:38:09","date_gmt":"2026-02-09T15:38:09","guid":{"rendered":"https:\/\/kenjee.ca\/?page_id=7569"},"modified":"2026-03-23T03:12:26","modified_gmt":"2026-03-23T03:12:26","slug":"privacy-policy","status":"publish","type":"page","link":"https:\/\/kenjee.ca\/fr\/privacy-policy\/","title":{"rendered":"Politique de confidentialit\u00e9"},"content":{"rendered":"<div data-elementor-type=\"wp-page\" data-elementor-id=\"7569\" class=\"elementor elementor-7569\">\n\t\t\t\t<div class=\"elementor-element elementor-element-dad9113 e-flex e-con-boxed e-con e-parent\" data-id=\"dad9113\" data-element_type=\"container\" data-e-type=\"container\">\n\t\t\t\t\t<div class=\"e-con-inner\">\n\t\t\t\t<div class=\"elementor-element elementor-element-c2eada1 elementor-widget elementor-widget-text-editor\" data-id=\"c2eada1\" data-element_type=\"widget\" data-e-type=\"widget\" data-widget_type=\"text-editor.default\">\n\t\t\t\t\t\t\t\t\t<div id=\"model-response-message-contentr_299b7eb48720c325\" class=\"markdown markdown-main-panel enable-updated-hr-color\" dir=\"ltr\" aria-live=\"polite\" aria-busy=\"false\">\n<div id=\"model-response-message-contentr_7d3d50f36d4010cd\" class=\"markdown markdown-main-panel enable-updated-hr-color\" dir=\"ltr\" aria-live=\"polite\" aria-busy=\"false\">\n<h2 data-path-to-node=\"0\">KENJEE CAPITAL \u2013 POLITIQUE DE CONFIDENTIALIT\u00c9<\/h2>\n<h2 data-path-to-node=\"0\"><b style=\"color: #7a7a7a; font-family: Roboto, sans-serif; font-size: 16px;\" data-path-to-node=\"2,0\" data-index-in-node=\"0\"><span class=\"citation-332\">En vigueur au 11 ao\u00fbt 2025<\/span><\/b><\/h2>\n<hr data-path-to-node=\"3\">\n<h3 data-path-to-node=\"4\">Protection des renseignements personnels des clients<\/h3>\n<p data-path-to-node=\"5\" class=\"translation-block\">Chez <strong>KENJEE CAPITAL INC.<\/strong>, la protection des renseignements personnels des clients et le respect de leur\nconfidentialit\u00e9 constituent des obligations essentielles dans le cadre de nos activit\u00e9s et sont assur\u00e9s conform\u00e9ment aux\nexigences l\u00e9gislatives et r\u00e9glementaires applicables. Nous reconnaissons l\u2019importance d\u2019agir avec transparence et\nresponsabilit\u00e9 quant au traitement des renseignements que les clients nous communiquent. Le pr\u00e9sent avis de\nconfidentialit\u00e9 d\u00e9crit la mani\u00e8re dont nous recueillons, utilisons, communiquons, conservons et prot\u00e9geons vos\nrenseignements personnels.<\/p>\n<p data-path-to-node=\"5\"><span data-path-to-node=\"5,11\">&nbsp;<\/span><\/p>\n<h3 data-path-to-node=\"6\">Comment d\u00e9finissons-nous les renseignements personnels ?<\/h3>\n<p data-path-to-node=\"7\"><span data-path-to-node=\"7,1\"><span class=\"citation-328\">Les renseignements personnels d\u00e9signent les renseignements qui permettent d\u2019identifier un client \u00e0 titre de personne\nphysique et qui nous sont fournis ou que nous recueillons<\/span><\/span><span data-path-to-node=\"7,3\">. <\/span><span data-path-to-node=\"7,5\"><span class=\"citation-327\">Ils comprennent notamment le nom et l\u2019adresse, l\u2019\u00e2ge et le\nsexe, le num\u00e9ro d\u2019assurance sociale, les renseignements bancaires ainsi que les renseignements financiers et relatifs\naux placements<\/span><\/span><span data-path-to-node=\"7,7\">.<\/span><\/p>\n<p data-path-to-node=\"7\"><span data-path-to-node=\"7,7\">&nbsp;<\/span><\/p>\n<h3 data-path-to-node=\"8\">Comment et pourquoi recueillons-nous des renseignements personnels ?<\/h3>\n<p data-path-to-node=\"9\"><span data-path-to-node=\"9,1\"><span class=\"citation-326\">Nous obtenons la majorit\u00e9 des renseignements concernant nos clients directement aupr\u00e8s d\u2019eux<\/span><\/span><span data-path-to-node=\"9,3\">. <\/span><span data-path-to-node=\"9,5\"><span class=\"citation-325\">Ces renseignements\nsont recueillis principalement au moyen de nos formulaires d\u00e9taill\u00e9s d\u2019ouverture de compte, lesquels sont utilis\u00e9s dans\nla gestion du ou des comptes des clients.<\/span><\/span><span data-path-to-node=\"9,7\">.&nbsp;<\/span>Ces renseignements sont n\u00e9cessaires pour plusieurs raisons, notamment afin\nde:<\/p>\n<ul data-path-to-node=\"11\">\n<li><span data-path-to-node=\"11,0,0,1\"><span class=\"citation-324\">Comprendre pleinement les besoins et les objectifs de placement des clients<\/span><\/span><span data-path-to-node=\"11,0,0,3\">;<\/span><\/li>\n<li><span data-path-to-node=\"11,1,0,1\"><span class=\"citation-323\">V\u00e9rifier l\u2019identit\u00e9 des clients et se prot\u00e9ger contre la fraude<\/span><\/span><span data-path-to-node=\"11,1,0,3\">;<\/span><\/li>\n<li><span data-path-to-node=\"11,3,0,1\"><span class=\"citation-321\">Etablir des comptes de garde demand\u00e9s par les clients aux fins de la conservation des titres ;<\/span><\/span><span data-path-to-node=\"11,3,0,3\">;<\/span><\/li>\n<li><span data-path-to-node=\"11,4,0,1\"><span class=\"citation-320\">Se conformer aux obligations r\u00e9glementaires applicables dans le secteur des valeurs mobili\u00e8res ; et<\/span><\/span><span data-path-to-node=\"11,4,0,3\">;<\/span><\/li>\n<li><span data-path-to-node=\"11,5,0,1\"><span class=\"citation-319\">Se conformer aux exigences de d\u00e9claration de revenus de <\/span><b data-path-to-node=\"11,5,0,1\" data-index-in-node=\"54\"><span class=\"citation-319\">l\u2019Agence du revenu du Canada (\u00ab ARC \u00bb)<\/span><\/b><\/span><span data-path-to-node=\"11,5,0,3\">.<\/span><\/li>\n<\/ul>\n<p data-path-to-node=\"12\"><span data-path-to-node=\"12,1\"><span class=\"citation-318\">Nous limitons les renseignements que nous recueillons \u00e0 ceux qui sont n\u00e9cessaires \u00e0 ces fins et nous les utilisons\nuniquement aux fins d\u00e9crites ci-dessus<\/span><\/span><span data-path-to-node=\"12,3\">.<\/span><\/p>\n<p data-path-to-node=\"13\">Afin de fournir nos produits et services aux clients, nous pouvons communiquer certains renseignements \u00e0 d\u2019autres\npersonnes ou entit\u00e9s :<\/p>\n<ul data-path-to-node=\"14\">\n<li><span data-path-to-node=\"14,0,0,1\"><span class=\"citation-317\">Lorsque nous avons obtenu le consentement du client ;<\/span><\/span><span data-path-to-node=\"14,0,0,3\">;<\/span><\/li>\n<li><span data-path-to-node=\"14,1,0,1\"><span class=\"citation-316\">Lorsque ces tiers sont des mandataires, fournisseurs ou prestataires de services qui nous aident \u00e0 servir nos\nclients (par exemple, des d\u00e9positaires) ; ou<\/span><\/span><span data-path-to-node=\"14,1,0,3\">;<\/span><\/li>\n<li><span data-path-to-node=\"14,2,0,1\"><span class=\"citation-315\">Lorsque la loi l\u2019exige ou le permet (par exemple, l\u2019Agence du revenu du Canada)<\/span><\/span><span data-path-to-node=\"14,2,0,3\">.<\/span><\/li>\n<\/ul>\n<hr data-path-to-node=\"15\">\n<h3 data-path-to-node=\"16\">Comment nous prot\u00e9geons les renseignements des clients<\/h3>\n<p data-path-to-node=\"17\"><span data-path-to-node=\"17,1\"><span class=\"citation-314\">Nous prot\u00e9geons les renseignements des clients au moyen de mesures de protection et de s\u00e9curit\u00e9 appropri\u00e9es<\/span><\/span><span data-path-to-node=\"17,3\">. <\/span><span data-path-to-node=\"17,5\"><span class=\"citation-313\">Nous\navons mis en place des normes de s\u00e9curit\u00e9 visant \u00e0 prot\u00e9ger nos syst\u00e8mes et les renseignements des clients contre tout\nacc\u00e8s ou toute utilisation non autoris\u00e9e<\/span><\/span><span data-path-to-node=\"17,7\">.&nbsp;<\/span><span data-path-to-node=\"18,1\"><span class=\"citation-312\">Tous nos employ\u00e9s, mandataires et fournisseurs sont tenus, dans le cadre de leurs ententes avec <\/span><b data-path-to-node=\"18,1\" data-index-in-node=\"101\"><span class=\"citation-312\">KENJEE Capital Inc.<\/span><\/b><span class=\"citation-312\">de pr\u00e9server la confidentialit\u00e9 des renseignements des clients et ne peuvent utiliser ces renseignements \u00e0 des fins non\nautoris\u00e9es<\/span><\/span><span data-path-to-node=\"18,3\">. <\/span><span data-path-to-node=\"18,5\"><span class=\"citation-311\">Nous surveillons et r\u00e9visons r\u00e9guli\u00e8rement nos proc\u00e9dures et nos mesures de s\u00e9curit\u00e9 afin de nous assurer qu\u2019elles\nsont correctement appliqu\u00e9es et qu\u2019elles demeurent efficaces et appropri\u00e9es<\/span><\/span><span data-path-to-node=\"18,7\">.<\/span><\/p>\n<h3 data-path-to-node=\"19\">Exactitude et r\u00e9tention<\/h3>\n<p data-path-to-node=\"20\"><span data-path-to-node=\"20,1\"><span class=\"citation-310\">Nous d\u00e9ployons tous les efforts raisonnables pour maintenir les renseignements des clients exacts et \u00e0 jour<\/span><\/span><span data-path-to-node=\"20,3\">. <\/span><span data-path-to-node=\"20,5\"><span class=\"citation-309\">Nous\nconservons les renseignements des clients uniquement pour la dur\u00e9e n\u00e9cessaire aux fins pour lesquelles ils ont \u00e9t\u00e9\nrecueillis<\/span><\/span><span data-path-to-node=\"20,7\">. <\/span><span data-path-to-node=\"20,9\"><span class=\"citation-308\">Lorsqu\u2019ils ne sont plus requis, nous les d\u00e9truisons ou les supprimons de mani\u00e8re appropri\u00e9e.<\/span><\/span><span data-path-to-node=\"20,11\">.<\/span><\/p>\n<hr data-path-to-node=\"21\">\n<h3 data-path-to-node=\"22\">&nbsp;<\/h3>\n<h3 data-path-to-node=\"22\">Questions ou pr\u00e9occupations<\/h3>\n<p data-path-to-node=\"23\"><span data-path-to-node=\"23,1\"><span class=\"citation-307\">Si vous avez des questions ou des pr\u00e9occupations concernant la protection de la vie priv\u00e9e et la confidentialit\u00e9 des\nrenseignements personnels, ou si vous souhaitez avoir acc\u00e8s aux renseignements personnels vous concernant que nous\nd\u00e9tenons, vous pouvez communiquer avec le <\/span><b data-path-to-node=\"23,1\" data-index-in-node=\"235\"><span class=\"citation-307\">Chef de la Conformit\u00e9 de KENJEE<\/span><\/b><span class=\"citation-307\"> par courriel \u00e0 l\u2019adresse <\/span><b data-path-to-node=\"23,1\" data-index-in-node=\"294\"><span class=\"citation-307\">compliance@kenjee.ca<\/span><\/b><span class=\"citation-307\"> ou par courrier postal \u00e0 l\u2019adresse suivante <\/span><b data-path-to-node=\"23,1\" data-index-in-node=\"359\"><span class=\"citation-307\">30, rue des Sapins, Mercier (Qu\u00e9bec) J6R 1X9<\/span><\/b><\/span><span data-path-to-node=\"23,3\">.<\/span><\/p>\n<\/div>\n<\/div>\t\t\t\t\t\t\t\t<\/div>\n\t\t\t\t\t<\/div>\n\t\t\t\t<\/div>\n\t\t\t\t<\/div>","protected":false},"excerpt":{"rendered":"<p>KENJEE CAPITAL \u2013 PRIVACY POLICY Effective as of August 11, 2025 Protection of Clients&#8217; Personal Information At KENJEE CAPITAL INC., the protection of clients&#8217; personal information and the respect for their confidentiality constitute essential obligations within the framework of our activities and are ensured in accordance with applicable legislative and regulatory requirements. We recognize the [&hellip;]<\/p>\n","protected":false},"author":1,"featured_media":0,"parent":0,"menu_order":0,"comment_status":"closed","ping_status":"closed","template":"","meta":{"footnotes":""},"class_list":["post-7569","page","type-page","status-publish","hentry"],"_links":{"self":[{"href":"https:\/\/kenjee.ca\/fr\/wp-json\/wp\/v2\/pages\/7569","targetHints":{"allow":["GET"]}}],"collection":[{"href":"https:\/\/kenjee.ca\/fr\/wp-json\/wp\/v2\/pages"}],"about":[{"href":"https:\/\/kenjee.ca\/fr\/wp-json\/wp\/v2\/types\/page"}],"author":[{"embeddable":true,"href":"https:\/\/kenjee.ca\/fr\/wp-json\/wp\/v2\/users\/1"}],"replies":[{"embeddable":true,"href":"https:\/\/kenjee.ca\/fr\/wp-json\/wp\/v2\/comments?post=7569"}],"version-history":[{"count":5,"href":"https:\/\/kenjee.ca\/fr\/wp-json\/wp\/v2\/pages\/7569\/revisions"}],"predecessor-version":[{"id":9606,"href":"https:\/\/kenjee.ca\/fr\/wp-json\/wp\/v2\/pages\/7569\/revisions\/9606"}],"wp:attachment":[{"href":"https:\/\/kenjee.ca\/fr\/wp-json\/wp\/v2\/media?parent=7569"}],"curies":[{"name":"wp","href":"https:\/\/api.w.org\/{rel}","templated":true}]}}