{"id":7274,"date":"2026-02-04T22:27:30","date_gmt":"2026-02-04T22:27:30","guid":{"rendered":"https:\/\/kenjee.ca\/?page_id=7274"},"modified":"2026-03-14T03:24:25","modified_gmt":"2026-03-14T03:24:25","slug":"old-about","status":"publish","type":"page","link":"https:\/\/kenjee.ca\/fr\/old-about\/","title":{"rendered":"Old About Us"},"content":{"rendered":"<div data-elementor-type=\"wp-page\" data-elementor-id=\"7274\" class=\"elementor elementor-7274\">\n\t\t\t\t<div class=\"elementor-element elementor-element-efb74e2 e-flex e-con-boxed e-con e-parent\" data-id=\"efb74e2\" data-element_type=\"container\" data-e-type=\"container\">\n\t\t\t\t\t<div class=\"e-con-inner\">\n\t\t<div class=\"elementor-element elementor-element-4133ab3 e-con-full e-flex e-con e-child\" data-id=\"4133ab3\" data-element_type=\"container\" data-e-type=\"container\">\n\t\t\t\t<div class=\"elementor-element elementor-element-48214bd elementor-widget elementor-widget-heading\" data-id=\"48214bd\" data-element_type=\"widget\" data-e-type=\"widget\" data-widget_type=\"heading.default\">\n\t\t\t\t\t<h2 class=\"elementor-heading-title elementor-size-default\">\u00c0 propos de Kenjee Capital<\/h2>\t\t\t\t<\/div>\n\t\t\t\t<div class=\"elementor-element elementor-element-1bf8e91 elementor-widget__width-initial elementor-widget elementor-widget-text-editor\" data-id=\"1bf8e91\" data-element_type=\"widget\" data-e-type=\"widget\" data-widget_type=\"text-editor.default\">\n\t\t\t\t\t\t\t\t\t<p class=\"translation-block\">Kenjee Capital Inc. est un courtier sur le march\u00e9 dispens\u00e9 \u00e9tabli \u00e0 Montr\u00e9al, fond\u00e9 autour d\u2019une mission claire : <em><strong>mettre le capital au service des communaut\u00e9s<\/strong>.<\/em> Nous croyons qu\u2019un acc\u00e8s responsable et \u00e9quitable aux opportunit\u00e9s d\u2019investissement sur les march\u00e9s priv\u00e9s contribue \u00e0 b\u00e2tir une \u00e9conomie plus inclusive, dynamique et r\u00e9siliente.<\/p><p>Notre cabinet relie des investisseurs \u00e0 la recherche d\u2019opportunit\u00e9s pertinentes et rigoureusement gouvern\u00e9es \u00e0 des \u00e9metteurs qui souhaitent mobiliser des capitaux aupr\u00e8s de partenaires de confiance. En conciliant rigueur r\u00e9glementaire, transparence et discipline d\u2019ex\u00e9cution, Kenjee Capital facilite des transactions sur les march\u00e9s priv\u00e9s dans un cadre structur\u00e9 et conforme.<\/p><p>Nous sommes \u00e9galement engag\u00e9s \u00e0 \u00e9largir l\u2019acc\u00e8s aux march\u00e9s des capitaux pour les communaut\u00e9s historiquement sous-desservies. Gr\u00e2ce \u00e0 l\u2019\u00e9ducation financi\u00e8re, \u00e0 un accompagnement structur\u00e9 des \u00e9metteurs et \u00e0 des processus appuy\u00e9s par la technologie, nous favorisons une participation plus large et mieux inform\u00e9e aux march\u00e9s priv\u00e9s.<\/p><p>Chez Kenjee Capital, nous construisons des passerelles durables entre les communaut\u00e9s et le capital. Nous croyons que la finance peut \u00eatre un levier d\u2019autonomisation \u00e9conomique, d\u2019innovation et de prosp\u00e9rit\u00e9 partag\u00e9e.<\/p>\t\t\t\t\t\t\t\t<\/div>\n\t\t<div class=\"elementor-element elementor-element-d7204aa e-con-full elementor-hidden-desktop elementor-hidden-tablet e-flex e-con e-child\" data-id=\"d7204aa\" data-element_type=\"container\" data-e-type=\"container\">\n\t\t\t\t<div class=\"elementor-element elementor-element-cf8c18a elementor-widget elementor-widget-html\" data-id=\"cf8c18a\" data-element_type=\"widget\" data-e-type=\"widget\" data-widget_type=\"html.default\">\n\t\t\t\t\t<div class=\"button-wrapper translation-block\"><a href=\"https:\/\/kenjee.ca\/fr\/our-approach\/\" class=\"custom-btn\" target=\"_self\">\u2192 Notre Approche<\/a>\n    <a href=\"https:\/\/kenjee.ca\/fr\/our-values\/\" class=\"custom-btn\" target=\"_self\">\u2192 Nos Valeurs<\/a>\n    <a href=\"https:\/\/kenjee.ca\/fr\/our-vision\/\" class=\"custom-btn\" target=\"_self\">\u2192 Notre Vision<\/a>\n    <a href=\"https:\/\/kenjee.ca\/fr\/our-mission\/\" class=\"custom-btn\" target=\"_self\">\u2192 Notre Mission<\/a><\/div>\r\n\t\t\t\t<\/div>\n\t\t\t\t<\/div>\n\t\t\t\t<\/div>\n\t\t<div class=\"elementor-element elementor-element-5ea93be e-con-full elementor-hidden-mobile e-flex e-con e-child\" data-id=\"5ea93be\" data-element_type=\"container\" data-e-type=\"container\">\n\t\t<div class=\"elementor-element elementor-element-965dbc9 e-con-full e-flex e-con e-child\" data-id=\"965dbc9\" data-element_type=\"container\" data-e-type=\"container\" data-settings=\"{&quot;background_background&quot;:&quot;classic&quot;}\">\n\t\t\t\t<div class=\"elementor-element elementor-element-1e31e2a elementor-widget__width-initial elementor-widget elementor-widget-text-editor\" data-id=\"1e31e2a\" data-element_type=\"widget\" data-e-type=\"widget\" data-widget_type=\"text-editor.default\">\n\t\t\t\t\t\t\t\t\t<h6><strong><span style=\"text-decoration: underline;\">Ce qui distingue Kenjee Capital<\/span><\/strong><\/h6><p><strong data-start=\"160\" data-end=\"179\"><span style=\"text-decoration: underline;\">\u00c9ducation des investisseurs<\/span><i>\u2014<\/i><\/strong><i>C<\/i><i>omprendre les march\u00e9s priv\u00e9s avant d\u2019y investir.<\/i><\/p><p><span style=\"text-decoration: underline;\"><strong data-start=\"309\" data-end=\"337\">Acc\u00e8s au capital inclusif<\/strong><\/span><i> \u2014 Ouvrir les march\u00e9s priv\u00e9s aux communaut\u00e9s historiquement sous-desservies.<\/i><\/p><p><span style=\"text-decoration: underline;\"><strong data-start=\"441\" data-end=\"466\">Excellence r\u00e9glementaire<\/strong><\/span><i> \u2014 La conformit\u00e9 guide chaque relation, transaction et d\u00e9cision.<\/i><\/p><p><span style=\"text-decoration: underline;\"><strong data-start=\"587\" data-end=\"613\">Architecture ouverte<\/strong><\/span><i> \u2014 Aucune distribution de produits propri\u00e9taires, s\u00e9lection ind\u00e9pendante d\u2019opportunit\u00e9s.<\/i><\/p><p><span style=\"text-decoration: underline;\"><strong data-start=\"826\" data-end=\"852\">Perspective transfrontali\u00e8re<\/strong><\/span><i> \u2014 Naviguer avec confiance entre les march\u00e9s priv\u00e9s canadiens et am\u00e9ricains.<\/i><\/p>\t\t\t\t\t\t\t\t<\/div>\n\t\t\t\t<\/div>\n\t\t\t\t<\/div>\n\t\t<div class=\"elementor-element elementor-element-43e58f1 e-con-full elementor-hidden-desktop elementor-hidden-tablet e-flex e-con e-child\" data-id=\"43e58f1\" data-element_type=\"container\" data-e-type=\"container\" data-settings=\"{&quot;background_background&quot;:&quot;classic&quot;}\">\n\t\t\t\t<div class=\"elementor-element elementor-element-1864715 elementor-widget__width-initial elementor-widget elementor-widget-text-editor\" data-id=\"1864715\" data-element_type=\"widget\" data-e-type=\"widget\" data-widget_type=\"text-editor.default\">\n\t\t\t\t\t\t\t\t\t<h6><strong><span style=\"text-decoration: underline;\">Ce qui distingue Kenjee Capital<\/span><\/strong><\/h6><p><strong data-start=\"160\" data-end=\"179\"><span style=\"text-decoration: underline;\">\u00c9ducation des investisseurs<\/span><i>\u2014<\/i><\/strong><i>C<\/i><i>omprendre les march\u00e9s priv\u00e9s avant d\u2019y investir.<\/i><\/p><p><span style=\"text-decoration: underline;\"><strong data-start=\"309\" data-end=\"337\">Acc\u00e8s au capital inclusif<\/strong><\/span><i> \u2014 Ouvrir les march\u00e9s priv\u00e9s aux communaut\u00e9s historiquement sous-desservies.<\/i><\/p><p><span style=\"text-decoration: underline;\"><strong data-start=\"441\" data-end=\"466\">Excellence r\u00e9glementaire<\/strong><\/span><i> \u2014 La conformit\u00e9 guide chaque relation, transaction et d\u00e9cision.<\/i><\/p><p><span style=\"text-decoration: underline;\"><strong data-start=\"587\" data-end=\"613\">Architecture ouverte<\/strong><\/span><i> \u2014 Aucune distribution de produits propri\u00e9taires, s\u00e9lection ind\u00e9pendante d\u2019opportunit\u00e9s.<\/i><\/p><p><span style=\"text-decoration: underline;\"><strong data-start=\"826\" data-end=\"852\">Perspective transfrontali\u00e8re<\/strong><\/span><i> \u2014 Naviguer avec confiance entre les march\u00e9s priv\u00e9s canadiens et am\u00e9ricains.<\/i><\/p>\t\t\t\t\t\t\t\t<\/div>\n\t\t\t\t<\/div>\n\t\t\t\t\t<\/div>\n\t\t\t\t<\/div>\n\t\t<div class=\"elementor-element elementor-element-7c6e5e4 elementor-hidden-mobile e-flex e-con-boxed e-con e-parent\" data-id=\"7c6e5e4\" data-element_type=\"container\" data-e-type=\"container\">\n\t\t\t\t\t<div class=\"e-con-inner\">\n\t\t<div class=\"elementor-element elementor-element-f73406c e-con-full e-flex e-con e-child\" data-id=\"f73406c\" data-element_type=\"container\" data-e-type=\"container\">\n\t\t<div class=\"elementor-element elementor-element-54d50a7 e-con-full elementor-hidden-mobile e-flex e-con e-child\" data-id=\"54d50a7\" data-element_type=\"container\" data-e-type=\"container\">\n\t\t\t\t<div class=\"elementor-element elementor-element-55be0a8 elementor-widget elementor-widget-html\" data-id=\"55be0a8\" data-element_type=\"widget\" data-e-type=\"widget\" data-widget_type=\"html.default\">\n\t\t\t\t\t<div class=\"button-wrapper translation-block\"><a href=\"https:\/\/kenjee.ca\/fr\/our-approach\/\" class=\"custom-btn\" target=\"_self\">\u2192 Notre Approche<\/a>\n    <a href=\"https:\/\/kenjee.ca\/fr\/our-values\/\" class=\"custom-btn\" target=\"_self\">\u2192 Nos Valeurs<\/a>\n    <a href=\"https:\/\/kenjee.ca\/fr\/our-vision\/\" class=\"custom-btn\" target=\"_self\">\u2192 Notre Vision<\/a>\n    <a href=\"https:\/\/kenjee.ca\/fr\/our-mission\/\" class=\"custom-btn\" target=\"_self\">\u2192 Notre Mission<\/a><\/div>\r\n\t\t\t\t<\/div>\n\t\t\t\t<\/div>\n\t\t\t\t<\/div>\n\t\t<div class=\"elementor-element elementor-element-a2d297a e-con-full e-flex e-con e-child\" data-id=\"a2d297a\" data-element_type=\"container\" data-e-type=\"container\">\n\t\t<div class=\"elementor-element elementor-element-e710989 e-con-full e-flex e-con e-child\" data-id=\"e710989\" data-element_type=\"container\" data-e-type=\"container\" data-settings=\"{&quot;background_background&quot;:&quot;classic&quot;}\">\n\t\t\t\t<div class=\"elementor-element elementor-element-80d12fa elementor-widget__width-initial elementor-widget elementor-widget-text-editor\" data-id=\"80d12fa\" data-element_type=\"widget\" data-e-type=\"widget\" data-widget_type=\"text-editor.default\">\n\t\t\t\t\t\t\t\t\t<p><strong><span style=\"text-decoration: underline;\">Personne ressource<\/span><\/strong><\/p><p><span style=\"color: #800080;\"><a style=\"color: #800080;\" href=\"https:\/\/kenjee.ca\/fr\/about-ceo\/\">Aubin Tcheussa&#8217;a Kenn\u00e9<\/a><\/span><\/p><p>Fondateur et chef de la conformit\u00e9\u00a0<\/p><p>+1 438 993 7940<\/p>\t\t\t\t\t\t\t\t<\/div>\n\t\t\t\t<\/div>\n\t\t\t\t<\/div>\n\t\t\t\t\t<\/div>\n\t\t\t\t<\/div>\n\t\t<div class=\"elementor-element elementor-element-60a0e7b elementor-hidden-desktop elementor-hidden-tablet e-flex e-con-boxed e-con e-parent\" data-id=\"60a0e7b\" data-element_type=\"container\" data-e-type=\"container\">\n\t\t\t\t\t<div class=\"e-con-inner\">\n\t\t<div class=\"elementor-element elementor-element-82d327d e-con-full e-flex e-con e-child\" data-id=\"82d327d\" data-element_type=\"container\" data-e-type=\"container\">\n\t\t<div class=\"elementor-element elementor-element-bafba2c e-con-full elementor-hidden-mobile e-flex e-con e-child\" data-id=\"bafba2c\" data-element_type=\"container\" data-e-type=\"container\">\n\t\t\t\t<div class=\"elementor-element elementor-element-2567985 elementor-widget elementor-widget-html\" data-id=\"2567985\" data-element_type=\"widget\" data-e-type=\"widget\" data-widget_type=\"html.default\">\n\t\t\t\t\t<div class=\"button-wrapper translation-block\"><a href=\"https:\/\/kenjee.ca\/fr\/our-approach\/\" class=\"custom-btn\" target=\"_self\">\u2192 Notre Approche<\/a>\n    <a href=\"https:\/\/kenjee.ca\/fr\/our-values\/\" class=\"custom-btn\" target=\"_self\">\u2192 Nos Valeurs<\/a>\n    <a href=\"https:\/\/kenjee.ca\/fr\/our-vision\/\" class=\"custom-btn\" target=\"_self\">\u2192 Notre Vision<\/a>\n    <a href=\"https:\/\/kenjee.ca\/fr\/our-mission\/\" class=\"custom-btn\" target=\"_self\">\u2192 Notre Mission<\/a><\/div>\r\n\t\t\t\t<\/div>\n\t\t\t\t<\/div>\n\t\t\t\t<\/div>\n\t\t<div class=\"elementor-element elementor-element-505a562 e-con-full e-flex e-con e-child\" data-id=\"505a562\" data-element_type=\"container\" data-e-type=\"container\" data-settings=\"{&quot;background_background&quot;:&quot;classic&quot;}\">\n\t\t\t\t<div class=\"elementor-element elementor-element-2150cdd elementor-widget__width-initial elementor-widget elementor-widget-text-editor\" data-id=\"2150cdd\" data-element_type=\"widget\" data-e-type=\"widget\" data-widget_type=\"text-editor.default\">\n\t\t\t\t\t\t\t\t\t<h6><strong><span style=\"text-decoration: underline;\">Personne ressource<\/span><\/strong><\/h6><p><span style=\"color: #800080;\"><a style=\"color: #800080;\" href=\"https:\/\/kenjee.ca\/fr\/about-ceo\/\">Aubin Tcheussa&#8217;a Kenn\u00e9<\/a><\/span><\/p><p>Fondateur et chef de la conformit\u00e9\u00a0<\/p><p>+1 438 993 7940<\/p>\t\t\t\t\t\t\t\t<\/div>\n\t\t\t\t<\/div>\n\t\t\t\t\t<\/div>\n\t\t\t\t<\/div>\n\t\t\t\t<\/div>","protected":false},"excerpt":{"rendered":"<p>About Kenjee Capital Kenjee Capital Inc. is a Montr\u00e9al-based Exempt Market Dealer founded on a clear and transformative mission: connecting communities to capital.\u00a0We believe that equitable access to private investment opportunities is essential to building a more inclusive and resilient economy. Our firm bridges the gap between investors seeking meaningful, well-governed opportunities and issuers looking [&hellip;]<\/p>\n","protected":false},"author":1,"featured_media":0,"parent":0,"menu_order":0,"comment_status":"closed","ping_status":"closed","template":"elementor_header_footer","meta":{"footnotes":""},"class_list":["post-7274","page","type-page","status-publish","hentry"],"_links":{"self":[{"href":"https:\/\/kenjee.ca\/fr\/wp-json\/wp\/v2\/pages\/7274","targetHints":{"allow":["GET"]}}],"collection":[{"href":"https:\/\/kenjee.ca\/fr\/wp-json\/wp\/v2\/pages"}],"about":[{"href":"https:\/\/kenjee.ca\/fr\/wp-json\/wp\/v2\/types\/page"}],"author":[{"embeddable":true,"href":"https:\/\/kenjee.ca\/fr\/wp-json\/wp\/v2\/users\/1"}],"replies":[{"embeddable":true,"href":"https:\/\/kenjee.ca\/fr\/wp-json\/wp\/v2\/comments?post=7274"}],"version-history":[{"count":5,"href":"https:\/\/kenjee.ca\/fr\/wp-json\/wp\/v2\/pages\/7274\/revisions"}],"predecessor-version":[{"id":9459,"href":"https:\/\/kenjee.ca\/fr\/wp-json\/wp\/v2\/pages\/7274\/revisions\/9459"}],"wp:attachment":[{"href":"https:\/\/kenjee.ca\/fr\/wp-json\/wp\/v2\/media?parent=7274"}],"curies":[{"name":"wp","href":"https:\/\/api.w.org\/{rel}","templated":true}]}}